{"id":3732,"date":"2025-11-15T09:36:05","date_gmt":"2025-11-15T09:36:05","guid":{"rendered":""},"modified":"2026-02-21T07:14:43","modified_gmt":"2026-02-21T07:14:43","slug":"elm-contact-us","status":"publish","type":"page","link":"https:\/\/moroen.com\/de\/elm-contact-us\/","title":{"rendered":"Contact Us"},"content":{"rendered":"\t\t<div data-elementor-type=\"wp-page\" data-elementor-id=\"3732\" class=\"elementor elementor-3732\">\n\t\t\t\t\t\t<section class=\"elementor-section elementor-top-section elementor-element elementor-element-3910f5d8 elementor-section-boxed elementor-section-height-default elementor-section-height-default\" data-id=\"3910f5d8\" data-element_type=\"section\" data-e-type=\"section\">\n\t\t\t\t\t\t<div class=\"elementor-container elementor-column-gap-default\">\n\t\t\t\t\t<div class=\"elementor-column elementor-col-100 elementor-top-column elementor-element elementor-element-7e4377a\" data-id=\"7e4377a\" data-element_type=\"column\" data-e-type=\"column\">\n\t\t\t<div class=\"elementor-widget-wrap elementor-element-populated\">\n\t\t\t\t\t\t<div class=\"elementor-element elementor-element-3b971088 elementor-widget elementor-widget-text-editor\" data-id=\"3b971088\" data-element_type=\"widget\" data-e-type=\"widget\" data-widget_type=\"text-editor.default\">\n\t\t\t\t\t\t\t\t\t<h2 data-start=\"256\" data-end=\"270\"><strong data-start=\"259\" data-end=\"270\">Kontakt<\/strong><\/h2><p data-start=\"272\" data-end=\"410\">Bei Fragen zu unseren Produkten, zu Ihrer Bestellung oder zu unseren Dienstleistungen steht Ihnen unser Kundenservice gerne zur Verf\u00fcgung.<\/p><p data-start=\"412\" data-end=\"558\">Bitte kontaktieren Sie uns ausschlie\u00dflich per E-Mail. Wir bearbeiten Ihr Anliegen schnellstm\u00f6glich und setzen uns zeitnah mit Ihnen in Verbindung.<\/p><h3 data-start=\"565\" data-end=\"586\"><strong data-start=\"569\" data-end=\"586\">Kundenservice<\/strong><\/h3><p data-start=\"588\" data-end=\"622\">E-Mail: cs@moroen.com<\/p><p data-start=\"588\" data-end=\"622\">Wir sind bestrebt, Ihnen ein reibungsloses und angenehmes Erlebnis zu bieten.<\/p>\t\t\t\t\t\t\t\t<\/div>\n\t\t\t\t\t<\/div>\n\t\t<\/div>\n\t\t\t\t\t<\/div>\n\t\t<\/section>\n\t\t\t\t<\/div>\n\t\t","protected":false},"excerpt":{"rendered":"<p>Kontakt Bei Fragen zu unseren Produkten, zu Ihrer Bestellung oder zu unseren Dienstleistungen steht Ihnen unser Kundenservice gerne zur Verf\u00fcgung. Bitte kontaktieren Sie uns ausschlie\u00dflich per E-Mail. Wir bearbeiten Ihr Anliegen schnellstm\u00f6glich und setzen uns zeitnah mit Ihnen in Verbindung. Kundenservice E-Mail: Wir sind bestrebt, Ihnen ein reibungsloses und angenehmes Erlebnis zu bieten.<\/p>\n","protected":false},"author":1,"featured_media":0,"parent":0,"menu_order":0,"comment_status":"closed","ping_status":"closed","template":"","meta":{"footnotes":""},"class_list":["post-3732","page","type-page","status-publish","hentry"],"_links":{"self":[{"href":"https:\/\/moroen.com\/de\/wp-json\/wp\/v2\/pages\/3732","targetHints":{"allow":["GET"]}}],"collection":[{"href":"https:\/\/moroen.com\/de\/wp-json\/wp\/v2\/pages"}],"about":[{"href":"https:\/\/moroen.com\/de\/wp-json\/wp\/v2\/types\/page"}],"author":[{"embeddable":true,"href":"https:\/\/moroen.com\/de\/wp-json\/wp\/v2\/users\/1"}],"replies":[{"embeddable":true,"href":"https:\/\/moroen.com\/de\/wp-json\/wp\/v2\/comments?post=3732"}],"version-history":[{"count":0,"href":"https:\/\/moroen.com\/de\/wp-json\/wp\/v2\/pages\/3732\/revisions"}],"wp:attachment":[{"href":"https:\/\/moroen.com\/de\/wp-json\/wp\/v2\/media?parent=3732"}],"curies":[{"name":"wp","href":"https:\/\/api.w.org\/{rel}","templated":true}]}}