{"id":3960,"date":"2025-11-15T16:37:48","date_gmt":"2025-11-15T16:37:48","guid":{"rendered":"https:\/\/moroen.com\/?page_id=3960"},"modified":"2026-04-03T13:16:25","modified_gmt":"2026-04-03T06:16:25","slug":"shipping-policy","status":"publish","type":"page","link":"https:\/\/moroen.com\/de\/shipping-policy\/","title":{"rendered":"Versandrichtlinie"},"content":{"rendered":"\t\t<div data-elementor-type=\"wp-page\" data-elementor-id=\"3960\" class=\"elementor elementor-3960\">\n\t\t\t\t\t\t<section class=\"elementor-section elementor-top-section elementor-element elementor-element-2253294 elementor-section-boxed elementor-section-height-default elementor-section-height-default\" data-id=\"2253294\" data-element_type=\"section\" data-e-type=\"section\">\n\t\t\t\t\t\t<div class=\"elementor-container elementor-column-gap-default\">\n\t\t\t\t\t<div class=\"elementor-column elementor-col-100 elementor-top-column elementor-element elementor-element-1328fd2\" data-id=\"1328fd2\" data-element_type=\"column\" data-e-type=\"column\">\n\t\t\t<div class=\"elementor-widget-wrap elementor-element-populated\">\n\t\t\t\t\t\t<div class=\"elementor-element elementor-element-0dc61a2 elementor-widget elementor-widget-text-editor\" data-id=\"0dc61a2\" data-element_type=\"widget\" data-e-type=\"widget\" data-widget_type=\"text-editor.default\">\n\t\t\t\t\t\t\t\t\t<p>Wir wissen, wie aufregend es ist, auf deine neuen Sneaker zu warten. Deshalb tun wir alles daf\u00fcr, deine Bestellung so schnell und sicher wie m\u00f6glich zu liefern.<br \/><br \/>BEARBEITUNGSZEIT<br \/>Bestellungen, die vor 14:00 Uhr an Werktagen eingehen, werden in der Regel noch am selben Tag bearbeitet und versandt. Bestellungen an Wochenenden und Feiertagen werden am n\u00e4chsten Werktag bearbeitet.<br \/><br \/>VERSANDOPTIONEN<br \/><br \/>Standardversand (3\u20135 Werktage): Kostenlos ab einem Bestellwert von 80 \u20ac, sonst 6,95 \u20ac.<br \/><br \/>Expressversand (1\u20132 Werktage): 9,95 \u20ac. Bestellungen m\u00fcssen vor 12:00 Uhr eingehen, um noch am selben Tag versandt zu werden.<br \/><br \/>Same-Day Delivery (noch heute): 14,95 \u20ac. Nur in ausgew\u00e4hlten St\u00e4dten verf\u00fcgbar. Bestelleingang bis 10:00 Uhr erforderlich.<br \/><br \/>EU-Versand (5\u201310 Werktage): Ab 7,95 \u20ac, je nach Zielland.<br \/><br \/>Internationaler Versand weltweit (7\u201321 Werktage): Ab 14,95 \u20ac.<br \/><br \/>SENDUNGSVERFOLGUNG<br \/>Nach dem Versand erh\u00e4ltst du eine Best\u00e4tigungs-E-Mail mit deiner Sendungsverfolgungsnummer. Damit kannst du den Status deiner Bestellung jederzeit unter \u201eAuftragsverfolgung&#8220; auf unserer Website einsehen. Wir arbeiten mit DHL, UPS und DPD zusammen.<br \/><br \/>ZOLL UND EINFUHRSTEUERN<br \/>F\u00fcr Lieferungen innerhalb der EU fallen keine zus\u00e4tzlichen Zollgeb\u00fchren an. Bei internationalen Lieferungen au\u00dferhalb der EU k\u00f6nnen lokale Z\u00f6lle und Einfuhrsteuern anfallen, die vom Empf\u00e4nger zu tragen sind. Moroen hat keinen Einfluss auf diese Geb\u00fchren und \u00fcbernimmt keine Haftung daf\u00fcr.<br \/><br \/>LIEFERVERZ\u00d6GERUNGEN<br \/>In Ausnahmef\u00e4llen \u2014 z. B. bei hohem Bestellaufkommen, Wetterbedingungen oder St\u00f6rungen beim Versanddienstleister \u2014 kann es zu Verz\u00f6gerungen kommen. Wir informieren dich in solchen F\u00e4llen per E-Mail und bitten um dein Verst\u00e4ndnis.<\/p>\t\t\t\t\t\t\t\t<\/div>\n\t\t\t\t\t<\/div>\n\t\t<\/div>\n\t\t\t\t\t<\/div>\n\t\t<\/section>\n\t\t\t\t<\/div>\n\t\t","protected":false},"excerpt":{"rendered":"<p>Wir wissen, wie aufregend es ist, auf deine neuen Sneaker zu warten. Deshalb tun wir alles daf\u00fcr, deine Bestellung so schnell und sicher wie m\u00f6glich zu liefern. BEARBEITUNGSZEITBestellungen, die vor 14:00 Uhr an Werktagen eingehen, werden in der Regel noch am selben Tag bearbeitet und versandt. Bestellungen an Wochenenden und Feiertagen werden am n\u00e4chsten Werktag [&hellip;]<\/p>\n","protected":false},"author":1,"featured_media":0,"parent":0,"menu_order":0,"comment_status":"closed","ping_status":"closed","template":"","meta":{"footnotes":""},"class_list":["post-3960","page","type-page","status-publish","hentry"],"_links":{"self":[{"href":"https:\/\/moroen.com\/de\/wp-json\/wp\/v2\/pages\/3960","targetHints":{"allow":["GET"]}}],"collection":[{"href":"https:\/\/moroen.com\/de\/wp-json\/wp\/v2\/pages"}],"about":[{"href":"https:\/\/moroen.com\/de\/wp-json\/wp\/v2\/types\/page"}],"author":[{"embeddable":true,"href":"https:\/\/moroen.com\/de\/wp-json\/wp\/v2\/users\/1"}],"replies":[{"embeddable":true,"href":"https:\/\/moroen.com\/de\/wp-json\/wp\/v2\/comments?post=3960"}],"version-history":[{"count":3,"href":"https:\/\/moroen.com\/de\/wp-json\/wp\/v2\/pages\/3960\/revisions"}],"predecessor-version":[{"id":201066,"href":"https:\/\/moroen.com\/de\/wp-json\/wp\/v2\/pages\/3960\/revisions\/201066"}],"wp:attachment":[{"href":"https:\/\/moroen.com\/de\/wp-json\/wp\/v2\/media?parent=3960"}],"curies":[{"name":"wp","href":"https:\/\/api.w.org\/{rel}","templated":true}]}}