{"id":100453,"date":"2026-03-17T10:45:11","date_gmt":"2026-03-17T03:45:11","guid":{"rendered":"https:\/\/moroen.com\/de\/product\/nike-invincible-3dr2615-106"},"modified":"2026-03-17T10:45:11","modified_gmt":"2026-03-17T03:45:11","slug":"nike-invincible-3dr2615-106","status":"publish","type":"product","link":"https:\/\/moroen.com\/de\/produkt\/nike-invincible-3dr2615-106\/","title":{"rendered":"Nike Invincible 3  &#8211; DR2615-106"},"content":{"rendered":"<p>Erleben Sie unvergleichlichen Komfort und optimale Performance mit dem Nike Invincible 3 DR2615-106 Laufschuh \u2013 entwickelt f\u00fcr L\u00e4ufer, die maximale D\u00e4mpfung und Strapazierf\u00e4higkeit suchen. Mit seiner schlanken und modernen Silhouette ist dieser Schuh mit Nikes charakteristischer ZoomX-Schaumtechnologie ausgestattet, die f\u00fcr reaktionsschnelle Energier\u00fcckgabe und verbesserte Unterst\u00fctzung auf langen Strecken sorgt. Das speziell entwickelte Mesh-Obermaterial bietet Atmungsaktivit\u00e4t und sicheren Halt, w\u00e4hrend die Rocker-Geometrie ein geschmeidiges und effizientes Abrollen bei jedem Schritt erm\u00f6glicht. Dank der breiteren Mittelsohle f\u00fcr zus\u00e4tzliche Stabilit\u00e4t und strategisch platzierten Gummizonen an der Au\u00dfensohle f\u00fcr Langlebigkeit bietet der Invincible 3 zuverl\u00e4ssige Performance auf unterschiedlichem Terrain. Ob Marathon-Training oder lockerer Lauf \u2013 dieses leichte und dennoch robuste Design sch\u00fctzt und sorgt daf\u00fcr, dass Ihre F\u00fc\u00dfe Kilometer f\u00fcr Kilometer gesch\u00fctzt und komfortabel bleiben. Der Nike Invincible 3 DR2615-106 ist in einer cleanen und stylischen Farbkombination erh\u00e4ltlich und eine vielseitige Erg\u00e4nzung f\u00fcr jede L\u00e4uferausr\u00fcstung.<\/p>\n<ul>\n<li><strong>Farbkombination:<\/strong> Wei\u00df\/Sesam\/Anthrazit\/Kokosmilch<\/li>\n<li><strong>Artikelnummer:<\/strong> DR2615-106<\/li>\n<li><strong>Obermaterial:<\/strong> Flyknit<\/li>\n<li><strong>Mittelsohle:<\/strong> Zoom X<\/li>\n<li><strong>Farbe:<\/strong> Wei\u00df<\/li>\n<\/ul>\n","protected":false},"excerpt":{"rendered":"<p>Erleben Sie unvergleichlichen Komfort und optimale Performance mit dem Nike Invincible 3 DR2615-106 Laufschuh \u2013 entwickelt f\u00fcr L\u00e4ufer, die maximale D\u00e4mpfung und Strapazierf\u00e4higkeit suchen. Mit seiner schlanken und modernen Silhouette ist dieser Schuh mit Nikes charakteristischer ZoomX-Schaumtechnologie ausgestattet, die f\u00fcr reaktionsschnelle Energier\u00fcckgabe und verbesserte Unterst\u00fctzung auf langen Strecken sorgt. Das speziell entwickelte Mesh-Obermaterial bietet Atmungsaktivit\u00e4t [&hellip;]<\/p>\n","protected":false},"featured_media":100454,"comment_status":"open","ping_status":"closed","template":"","meta":[],"product_brand":[],"product_cat":[14975,10780,10773,10794],"product_tag":[12564,13304,10762,12613,12563,12558],"class_list":{"0":"post-100453","1":"product","2":"type-product","3":"status-publish","4":"has-post-thumbnail","6":"product_cat-nike-invincible-3","7":"product_cat-gender-men","8":"product_cat-nike","9":"product_cat-running-shoes","10":"product_tag-laufschuhe","11":"product_tag-max-cushion-gepolsterte-laufschuhe","12":"product_tag-nike","13":"product_tag-performance-laufschuhe","14":"product_tag-performance-sportschuhe","15":"product_tag-unter-retailpreis","16":"wcpa_has_options","18":"first","19":"instock","20":"sale","21":"taxable","22":"shipping-taxable","23":"purchasable","24":"product-type-simple"},"wcpa_form_fields":{"rules":{"pric_overide_base_price":false,"pric_overide_base_price_if_gt_zero":false,"pric_overide_base_price_fully":false,"pric_cal_option_once":false,"pric_use_as_fee":false,"bind_quantity":false,"quantity_bind_formula":false},"fields":[{"type":"color-group","required":true,"elementId":"wcpa-color-group-66c4a75505e74","label":"Gr\u00f6\u00dfe - EU Gr\u00f6\u00dfe","inline":true,"priceOptions":"different_for_all","pricingType":"fixed","className":"hassizechart product-shoes-size-eu product-shoes-size","name":"color-group-66c4a75505e89","disp_type":"square","selection_type":"tick-border","disp_size":"44","show_label_inside":true,"adjust_width":true,"cart_display_type":"text","other_text":"Other","cl_rule":"show","col":6,"values":[{"label":"35.5","value":"EU 35.5","price":"","pimage":"","pimage_id":"","pthumb":"","color":""},{"label":"36","value":"EU 36","price":"","pimage":"","pimage_id":"","pthumb":"","color":"","selected":true},{"label":"36.5","value":"EU 36.5","price":"","pimage":"","pimage_id":"","pthumb":"","color":""},{"label":"37.5","value":"EU 37.5","price":"","pimage":"","pimage_id":"","pthumb":"","color":""},{"label":"38","value":"EU 38","price":"","pimage":"","pimage_id":"","pthumb":"","color":""},{"label":"38.5","value":"EU 38.5","price":"","pimage":"","pimage_id":"","pthumb":"","color":""},{"label":"39","value":"EU 39","price":"","pimage":"","pimage_id":"","pthumb":"","color":""},{"label":"40","value":"EU 40","price":"","pimage":"","pimage_id":"","pthumb":"","color":""},{"label":"40.5","value":"EU 40.5","price":"","pimage":"","pimage_id":"","pthumb":"","color":""},{"label":"41","value":"EU 41","price":"","pimage":"","pimage_id":"","pthumb":"","color":""},{"label":"42","value":"EU 42","price":"","pimage":"","pimage_id":"","pthumb":"","color":""},{"label":"42.5","value":"EU 42.5","price":"","pimage":"","pimage_id":"","pthumb":"","color":""},{"label":"43","value":"EU 43","price":"","pimage":"","pimage_id":"","pthumb":"","color":""},{"label":"44","value":"EU 44","price":"","pimage":"","pimage_id":"","pthumb":"","color":""},{"label":"44.5","value":"EU 44.5","price":"","pimage":"","pimage_id":"","pthumb":"","color":""},{"label":"45","value":"EU 45","price":"","pimage":"","pimage_id":"","pthumb":"","color":""},{"label":"45.5","value":"EU 45.5","price":"","pimage":"","pimage_id":"","pthumb":"","color":""},{"label":"46","value":"EU 46","price":"","pimage":"","pimage_id":"","pthumb":"","color":""},{"label":"47","value":"EU 47","price":"","pimage":"","pimage_id":"","pthumb":"","color":""},{"label":"47.5","value":"EU 47.5","price":"","pimage":"","pimage_id":"","pthumb":"","color":""},{"label":"48","value":"EU 48","price":"","pimage":"","pimage_id":"","pthumb":"","color":""}],"relations":[{"operator":false,"rules":[]}],"form_id":18106,"form_rules":{"pric_cal_option_once":false,"exclude_from_discount":false,"pric_use_as_fee":false,"fee_label":"Fee","render_after_acb":false,"disp_hide_options_price":false}}]},"_links":{"self":[{"href":"https:\/\/moroen.com\/de\/wp-json\/wp\/v2\/product\/100453","targetHints":{"allow":["GET"]}}],"collection":[{"href":"https:\/\/moroen.com\/de\/wp-json\/wp\/v2\/product"}],"about":[{"href":"https:\/\/moroen.com\/de\/wp-json\/wp\/v2\/types\/product"}],"replies":[{"embeddable":true,"href":"https:\/\/moroen.com\/de\/wp-json\/wp\/v2\/comments?post=100453"}],"wp:featuredmedia":[{"embeddable":true,"href":"https:\/\/moroen.com\/de\/wp-json\/wp\/v2\/media\/100454"}],"wp:attachment":[{"href":"https:\/\/moroen.com\/de\/wp-json\/wp\/v2\/media?parent=100453"}],"wp:term":[{"taxonomy":"product_brand","embeddable":true,"href":"https:\/\/moroen.com\/de\/wp-json\/wp\/v2\/product_brand?post=100453"},{"taxonomy":"product_cat","embeddable":true,"href":"https:\/\/moroen.com\/de\/wp-json\/wp\/v2\/product_cat?post=100453"},{"taxonomy":"product_tag","embeddable":true,"href":"https:\/\/moroen.com\/de\/wp-json\/wp\/v2\/product_tag?post=100453"}],"curies":[{"name":"wp","href":"https:\/\/api.w.org\/{rel}","templated":true}]}}