{"id":100802,"date":"2026-03-17T10:45:22","date_gmt":"2026-03-17T03:45:22","guid":{"rendered":"https:\/\/moroen.com\/de\/product\/women-nike-zoomx-invincible-3-black-anthracite"},"modified":"2026-03-17T10:45:22","modified_gmt":"2026-03-17T03:45:22","slug":"women-nike-zoomx-invincible-3-black-anthracite","status":"publish","type":"product","link":"https:\/\/moroen.com\/de\/produkt\/women-nike-zoomx-invincible-3-black-anthracite\/","title":{"rendered":"(Women) Nike ZoomX Invincible 3 &#8218;Black Anthracite&#8216;"},"content":{"rendered":"<p>Erlebe unvergleichlichen Komfort und optimale Performance mit dem Nike ZoomX Invincible 3 \u201eBlack Anthracite\u201c. Dieser Laufschuh verf\u00fcgt \u00fcber eine weiche ZoomX-Schaumstoff-Mittelsohle, die f\u00fcr unglaubliche D\u00e4mpfung und Energier\u00fcckgabe sorgt. Das atmungsaktive Flyknit-Obermaterial passt sich deinem Fu\u00df perfekt an und bietet sicheren Halt, w\u00e4hrend die Waffel-Au\u00dfensohle f\u00fcr hervorragende Traktion sorgt. Mit seiner markanten Farbkombination aus Schwarz und Anthrazit verleiht dieser Schuh deinem Style auf und neben der Laufbahn das gewisse Etwas. Erlebe die Zukunft des Laufens mit dem Nike ZoomX Invincible 3 \u201eBlack Anthracite\u201c.<\/p>\n<ul>\n<li><strong>Farbgebung:<\/strong> Schwarz\/Anthrazit\/Schwarz<\/li>\n<li><strong>Artikelnummer:<\/strong> DR2660-007<\/li>\n<li><strong>Obermaterial:<\/strong> Flyknit<\/li>\n<li><strong>Mittelsohle:<\/strong> ZoomX<\/li>\n<li><strong>Farbe:<\/strong> Schwarz<\/li>\n<li><strong>Erscheinungsjahr:<\/strong> 2023<\/li>\n<\/ul>\n","protected":false},"excerpt":{"rendered":"<p>Erlebe unvergleichlichen Komfort und optimale Performance mit dem Nike ZoomX Invincible 3 \u201eBlack Anthracite\u201c. Dieser Laufschuh verf\u00fcgt \u00fcber eine weiche ZoomX-Schaumstoff-Mittelsohle, die f\u00fcr unglaubliche D\u00e4mpfung und Energier\u00fcckgabe sorgt. Das atmungsaktive Flyknit-Obermaterial passt sich deinem Fu\u00df perfekt an und bietet sicheren Halt, w\u00e4hrend die Waffel-Au\u00dfensohle f\u00fcr hervorragende Traktion sorgt. Mit seiner markanten Farbkombination aus Schwarz und [&hellip;]<\/p>\n","protected":false},"featured_media":100803,"comment_status":"open","ping_status":"closed","template":"","meta":[],"product_brand":[],"product_cat":[10773,10794,10800,10806],"product_tag":[12553,12574,12564,13304,10762,12613,12563,12558],"class_list":{"0":"post-100802","1":"product","2":"type-product","3":"status-publish","4":"has-post-thumbnail","6":"product_cat-nike","7":"product_cat-running-shoes","8":"product_cat-gender-women","9":"product_cat-nike-zoomx-invincible-3","10":"product_tag-galerie-look","11":"product_tag-geschenk-fa-r-sie","12":"product_tag-laufschuhe","13":"product_tag-max-cushion-gepolsterte-laufschuhe","14":"product_tag-nike","15":"product_tag-performance-laufschuhe","16":"product_tag-performance-sportschuhe","17":"product_tag-unter-retailpreis","18":"wcpa_has_options","20":"first","21":"instock","22":"taxable","23":"shipping-taxable","24":"purchasable","25":"product-type-simple"},"wcpa_form_fields":{"rules":{"pric_overide_base_price":false,"pric_overide_base_price_if_gt_zero":false,"pric_overide_base_price_fully":false,"pric_cal_option_once":false,"pric_use_as_fee":false,"bind_quantity":false,"quantity_bind_formula":false},"fields":[{"type":"color-group","required":true,"elementId":"wcpa-color-group-66c4a75505e74","label":"Gr\u00f6\u00dfe - EU Gr\u00f6\u00dfe","inline":true,"priceOptions":"different_for_all","pricingType":"fixed","className":"hassizechart product-shoes-size-eu product-shoes-size","name":"color-group-66c4a75505e89","disp_type":"square","selection_type":"tick-border","disp_size":"44","show_label_inside":true,"adjust_width":true,"cart_display_type":"text","other_text":"Other","cl_rule":"show","col":6,"values":[{"label":"35.5","value":"EU 35.5","price":"","pimage":"","pimage_id":"","pthumb":"","color":""},{"label":"36","value":"EU 36","price":"","pimage":"","pimage_id":"","pthumb":"","color":"","selected":true},{"label":"36.5","value":"EU 36.5","price":"","pimage":"","pimage_id":"","pthumb":"","color":""},{"label":"37.5","value":"EU 37.5","price":"","pimage":"","pimage_id":"","pthumb":"","color":""},{"label":"38","value":"EU 38","price":"","pimage":"","pimage_id":"","pthumb":"","color":""},{"label":"38.5","value":"EU 38.5","price":"","pimage":"","pimage_id":"","pthumb":"","color":""},{"label":"39","value":"EU 39","price":"","pimage":"","pimage_id":"","pthumb":"","color":""},{"label":"40","value":"EU 40","price":"","pimage":"","pimage_id":"","pthumb":"","color":""},{"label":"40.5","value":"EU 40.5","price":"","pimage":"","pimage_id":"","pthumb":"","color":""},{"label":"41","value":"EU 41","price":"","pimage":"","pimage_id":"","pthumb":"","color":""},{"label":"42","value":"EU 42","price":"","pimage":"","pimage_id":"","pthumb":"","color":""},{"label":"42.5","value":"EU 42.5","price":"","pimage":"","pimage_id":"","pthumb":"","color":""},{"label":"43","value":"EU 43","price":"","pimage":"","pimage_id":"","pthumb":"","color":""},{"label":"44","value":"EU 44","price":"","pimage":"","pimage_id":"","pthumb":"","color":""},{"label":"44.5","value":"EU 44.5","price":"","pimage":"","pimage_id":"","pthumb":"","color":""},{"label":"45","value":"EU 45","price":"","pimage":"","pimage_id":"","pthumb":"","color":""},{"label":"45.5","value":"EU 45.5","price":"","pimage":"","pimage_id":"","pthumb":"","color":""},{"label":"46","value":"EU 46","price":"","pimage":"","pimage_id":"","pthumb":"","color":""},{"label":"47","value":"EU 47","price":"","pimage":"","pimage_id":"","pthumb":"","color":""},{"label":"47.5","value":"EU 47.5","price":"","pimage":"","pimage_id":"","pthumb":"","color":""},{"label":"48","value":"EU 48","price":"","pimage":"","pimage_id":"","pthumb":"","color":""}],"relations":[{"operator":false,"rules":[]}],"form_id":18106,"form_rules":{"pric_cal_option_once":false,"exclude_from_discount":false,"pric_use_as_fee":false,"fee_label":"Fee","render_after_acb":false,"disp_hide_options_price":false}}]},"_links":{"self":[{"href":"https:\/\/moroen.com\/de\/wp-json\/wp\/v2\/product\/100802","targetHints":{"allow":["GET"]}}],"collection":[{"href":"https:\/\/moroen.com\/de\/wp-json\/wp\/v2\/product"}],"about":[{"href":"https:\/\/moroen.com\/de\/wp-json\/wp\/v2\/types\/product"}],"replies":[{"embeddable":true,"href":"https:\/\/moroen.com\/de\/wp-json\/wp\/v2\/comments?post=100802"}],"wp:featuredmedia":[{"embeddable":true,"href":"https:\/\/moroen.com\/de\/wp-json\/wp\/v2\/media\/100803"}],"wp:attachment":[{"href":"https:\/\/moroen.com\/de\/wp-json\/wp\/v2\/media?parent=100802"}],"wp:term":[{"taxonomy":"product_brand","embeddable":true,"href":"https:\/\/moroen.com\/de\/wp-json\/wp\/v2\/product_brand?post=100802"},{"taxonomy":"product_cat","embeddable":true,"href":"https:\/\/moroen.com\/de\/wp-json\/wp\/v2\/product_cat?post=100802"},{"taxonomy":"product_tag","embeddable":true,"href":"https:\/\/moroen.com\/de\/wp-json\/wp\/v2\/product_tag?post=100802"}],"curies":[{"name":"wp","href":"https:\/\/api.w.org\/{rel}","templated":true}]}}