{"id":184810,"date":"2026-04-02T11:14:50","date_gmt":"2026-04-02T04:14:50","guid":{"rendered":"https:\/\/moroen.com\/de\/product\/women-ugg-tazz-slipper-chestnut"},"modified":"2026-04-02T11:14:50","modified_gmt":"2026-04-02T04:14:50","slug":"women-ugg-tazz-slipper-chestnut","status":"publish","type":"product","link":"https:\/\/moroen.com\/de\/produkt\/women-ugg-tazz-slipper-chestnut\/","title":{"rendered":"(Women) UGG Tazz Slipper Chestnut"},"content":{"rendered":"<p>Genie\u00c3\u0178en Sie ultimativen Komfort und Stil mit dem UGG Damen-Hausschuh Tazz in Kastanie. Gefertigt aus luxuri\u00c3\u00b6sem Wildleder und gef\u00c3\u00bcttert mit weicher Wolle, umh\u00c3\u00bcllen diese Hausschuhe Ihre F\u00c3\u00bc\u00c3\u0178e mit wohliger W\u00c3\u00a4rme. Die ikonische UGG-Silhouette wurde mit einer trendigen Plateausohle modernisiert, die f\u00c3\u00bcr etwas mehr H\u00c3\u00b6he und modisches Flair sorgt. Ob zum Entspannen zu Hause oder f\u00c3\u00bcr Erledigungen \u00e2\u20ac\u201c die Tazz-Hausschuhe vereinen Komfort, Stil und Langlebigkeit.<\/p>\n<ul>\n<li><strong>Farbgebung:<\/strong> Kastanie<\/li>\n<li><strong>Artikelnummer:<\/strong> 1122553-CHE<\/li>\n<li><strong>Obermaterial:<\/strong> Wildleder<\/li>\n<li><strong>Zwischensohle:<\/strong> EVA<\/li>\n<li><strong>Farbe:<\/strong> Braun<\/li>\n<li><strong>Saison:<\/strong> Herbst<\/li>\n<li><strong>Erscheinungsjahr:<\/strong> 2021<\/li>\n<\/ul>\n","protected":false},"excerpt":{"rendered":"<p>Genie\u00c3\u0178en Sie ultimativen Komfort und Stil mit dem UGG Damen-Hausschuh Tazz in Kastanie. Gefertigt aus luxuri\u00c3\u00b6sem Wildleder und gef\u00c3\u00bcttert mit weicher Wolle, umh\u00c3\u00bcllen diese Hausschuhe Ihre F\u00c3\u00bc\u00c3\u0178e mit wohliger W\u00c3\u00a4rme. Die ikonische UGG-Silhouette wurde mit einer trendigen Plateausohle modernisiert, die f\u00c3\u00bcr etwas mehr H\u00c3\u00b6he und modisches Flair sorgt. Ob zum Entspannen zu Hause oder f\u00c3\u00bcr [&hellip;]<\/p>\n","protected":false},"featured_media":184811,"comment_status":"open","ping_status":"closed","template":"","meta":[],"product_brand":[],"product_cat":[15010],"product_tag":[12310,15178,10868,10869,10870,10783,10913,10756,10914,15180,15097,15181,10770],"class_list":{"0":"post-184810","1":"product","2":"type-product","3":"status-publish","4":"has-post-thumbnail","6":"product_cat-ugg-women","7":"product_tag-best-seller","8":"product_tag-covered-toe-slippers","9":"product_tag-equality-day-women-coll","10":"product_tag-equality-day-women-s-collection","11":"product_tag-equality-day-women-s-edition","12":"product_tag-gift-for-her","13":"product_tag-international-women-day-coll","14":"product_tag-lifestyle-casual-shoes","15":"product_tag-mother-day-coll","16":"product_tag-slippers","17":"product_tag-ugg","18":"product_tag-ugg-collection","19":"product_tag-under-retail","20":"wcpa_has_options","22":"first","23":"instock","24":"taxable","25":"shipping-taxable","26":"purchasable","27":"product-type-simple"},"wcpa_form_fields":{"rules":{"pric_overide_base_price":false,"pric_overide_base_price_if_gt_zero":false,"pric_overide_base_price_fully":false,"pric_cal_option_once":false,"pric_use_as_fee":false,"bind_quantity":false,"quantity_bind_formula":false},"fields":[{"type":"color-group","required":true,"elementId":"wcpa-color-group-69a5ae7a28b88","label":"Gr\u00f6\u00dfe","inline":true,"priceOptions":"different_for_all","pricingType":"fixed","className":"hassizechart product-shoes-size-eu product-shoes-size","name":"color-group-69a5ae7a28b91","disp_type":"square","selection_type":"tick-border","disp_size":"50","show_label_inside":true,"adjust_width":true,"cart_display_type":"text","other_text":"Other","cl_rule":"show","col":6,"values":[{"label":"34.5","value":"EU 34.5","price":"","pimage":"","pimage_id":"","pthumb":"","color":""},{"label":"35","value":"EU 35","price":"","pimage":"","pimage_id":"","pthumb":"","color":""},{"label":"35.5","value":"EU 35.5","price":"","pimage":"","pimage_id":"","pthumb":"","color":""},{"label":"36","value":"EU 36","price":"","pimage":"","pimage_id":"","pthumb":"","color":"","selected":true},{"label":"37","value":"EU 37","price":"","pimage":"","pimage_id":"","pthumb":"","color":""},{"label":"37.5","value":"EU 37.5","price":"","pimage":"","pimage_id":"","pthumb":"","color":""},{"label":"38","value":"EU 38","price":"","pimage":"","pimage_id":"","pthumb":"","color":""},{"label":"38.5","value":"EU 38.5","price":"","pimage":"","pimage_id":"","pthumb":"","color":""},{"label":"39","value":"EU 39","price":"","pimage":"","pimage_id":"","pthumb":"","color":""},{"label":"39.5","value":"EU 39.5","price":"","pimage":"","pimage_id":"","pthumb":"","color":""},{"label":"40","value":"EU 40","price":"","pimage":"","pimage_id":"","pthumb":"","color":""},{"label":"40.5","value":"EU 40.5","price":"","pimage":"","pimage_id":"","pthumb":"","color":""},{"label":" 41.5","value":"EU 41.5","price":"","pimage":"","pimage_id":"","pthumb":"","color":""},{"label":"42","value":"EU 42","price":"","pimage":"","pimage_id":"","pthumb":"","color":""},{"label":"42.5","value":"EU 42.5","price":"","pimage":"","pimage_id":"","pthumb":"","color":""},{"label":"43","value":"EU 43","price":"","pimage":"","pimage_id":"","pthumb":"","color":""},{"label":"44","value":"EU 44","price":"","pimage":"","pimage_id":"","pthumb":"","color":""},{"label":"45","value":"EU 45","price":"","pimage":"","pimage_id":"","pthumb":"","color":""},{"label":"48","value":"EU 48","price":"","pimage":"","pimage_id":"","pthumb":"","color":""}],"relations":[{"operator":false,"rules":[]}],"form_id":184315,"form_rules":{"pric_cal_option_once":false,"exclude_from_discount":false,"pric_use_as_fee":false,"fee_label":"Fee","render_after_acb":false,"disp_hide_options_price":false}}]},"_links":{"self":[{"href":"https:\/\/moroen.com\/de\/wp-json\/wp\/v2\/product\/184810","targetHints":{"allow":["GET"]}}],"collection":[{"href":"https:\/\/moroen.com\/de\/wp-json\/wp\/v2\/product"}],"about":[{"href":"https:\/\/moroen.com\/de\/wp-json\/wp\/v2\/types\/product"}],"replies":[{"embeddable":true,"href":"https:\/\/moroen.com\/de\/wp-json\/wp\/v2\/comments?post=184810"}],"wp:featuredmedia":[{"embeddable":true,"href":"https:\/\/moroen.com\/de\/wp-json\/wp\/v2\/media\/184811"}],"wp:attachment":[{"href":"https:\/\/moroen.com\/de\/wp-json\/wp\/v2\/media?parent=184810"}],"wp:term":[{"taxonomy":"product_brand","embeddable":true,"href":"https:\/\/moroen.com\/de\/wp-json\/wp\/v2\/product_brand?post=184810"},{"taxonomy":"product_cat","embeddable":true,"href":"https:\/\/moroen.com\/de\/wp-json\/wp\/v2\/product_cat?post=184810"},{"taxonomy":"product_tag","embeddable":true,"href":"https:\/\/moroen.com\/de\/wp-json\/wp\/v2\/product_tag?post=184810"}],"curies":[{"name":"wp","href":"https:\/\/api.w.org\/{rel}","templated":true}]}}