{"id":185088,"date":"2026-04-02T11:15:01","date_gmt":"2026-04-02T04:15:01","guid":{"rendered":"https:\/\/moroen.com\/de\/product\/nike-zoomx-vomero-plus-seaweed"},"modified":"2026-04-02T11:15:01","modified_gmt":"2026-04-02T04:15:01","slug":"nike-zoomx-vomero-plus-seaweed","status":"publish","type":"product","link":"https:\/\/moroen.com\/de\/produkt\/nike-zoomx-vomero-plus-seaweed\/","title":{"rendered":"Nike ZoomX Vomero Plus &#8218;Seaweed&#8216;"},"content":{"rendered":"<p>Verbessere dein Lauferlebnis mit dem Nike Vomero Plus HV8150-300, einer erstklassigen Kombination aus Performance und Style in den Farben Seaweed Cannon Green Haze und Volt. Dank fortschrittlicher D\u00c3\u00a4mpfung und reaktionsfreudiger Technologie bietet dieser Schuh unvergleichlichen Komfort f\u00c3\u00bcr Gelegenheitsjogger und ambitionierte Marathonl\u00c3\u00a4ufer. Das leichte Mesh-Obermaterial sorgt f\u00c3\u00bcr optimale Atmungsaktivit\u00c3\u00a4t und eine sichere, adaptive Passform, damit du dich bei jedem Schritt wohlf\u00c3\u00bchlst. Die strapazierf\u00c3\u00a4hige Gummiau\u00c3\u0178ensohle garantiert hervorragende Traktion auf unterschiedlichen Untergr\u00c3\u00bcnden, w\u00c3\u00a4hrend die leuchtenden Akzente in Seaweed Cannon Green und Volt f\u00c3\u00bcr einen frischen, dynamischen Look sorgen. Der Nike Vomero Plus ist perfekt f\u00c3\u00bcr Sportler und Sneaker-Fans gleicherma\u00c3\u0178en und definiert Performance und Style im Alltag neu.<\/p>\n<ul>\n<li><strong>Farbgebung:<\/strong> Seaweed\/Cannon\/Green Haze\/Volt<\/li>\n<li><strong>Style-Code:<\/strong> HV8150-300<\/li>\n<li><strong>Obermaterial:<\/strong> Textil<\/li>\n<li><strong>Farbe:<\/strong> Teal<\/li>\n<li><strong>Erscheinungsjahr:<\/strong> 2025<\/li>\n<\/ul>\n","protected":false},"excerpt":{"rendered":"<p>Verbessere dein Lauferlebnis mit dem Nike Vomero Plus HV8150-300, einer erstklassigen Kombination aus Performance und Style in den Farben Seaweed Cannon Green Haze und Volt. Dank fortschrittlicher D\u00c3\u00a4mpfung und reaktionsfreudiger Technologie bietet dieser Schuh unvergleichlichen Komfort f\u00c3\u00bcr Gelegenheitsjogger und ambitionierte Marathonl\u00c3\u00a4ufer. Das leichte Mesh-Obermaterial sorgt f\u00c3\u00bcr optimale Atmungsaktivit\u00c3\u00a4t und eine sichere, adaptive Passform, damit du [&hellip;]<\/p>\n","protected":false},"featured_media":185089,"comment_status":"open","ping_status":"closed","template":"","meta":[],"product_brand":[],"product_cat":[10773],"product_tag":[10772,10762,10777,10764,10781,10770],"class_list":{"0":"post-185088","1":"product","2":"type-product","3":"status-publish","4":"has-post-thumbnail","6":"product_cat-nike","7":"product_tag-max-cushion-cushioned-running-shoes","8":"product_tag-nike","9":"product_tag-performance-running-shoes","10":"product_tag-performance-sport-shoes","11":"product_tag-running-shoes","12":"product_tag-under-retail","13":"wcpa_has_options","15":"first","16":"instock","17":"sale","18":"taxable","19":"shipping-taxable","20":"purchasable","21":"product-type-simple"},"wcpa_form_fields":{"rules":{"pric_overide_base_price":false,"pric_overide_base_price_if_gt_zero":false,"pric_overide_base_price_fully":false,"pric_cal_option_once":false,"pric_use_as_fee":false,"bind_quantity":false,"quantity_bind_formula":false},"fields":[{"type":"color-group","required":true,"elementId":"wcpa-color-group-66c4a75505e74","label":"Gr\u00f6\u00dfe - EU Gr\u00f6\u00dfe","inline":true,"priceOptions":"different_for_all","pricingType":"fixed","className":"hassizechart product-shoes-size-eu product-shoes-size","name":"color-group-66c4a75505e89","disp_type":"square","selection_type":"tick-border","disp_size":"44","show_label_inside":true,"adjust_width":true,"cart_display_type":"text","other_text":"Other","cl_rule":"show","col":6,"values":[{"label":"35.5","value":"EU 35.5","price":"","pimage":"","pimage_id":"","pthumb":"","color":""},{"label":"36","value":"EU 36","price":"","pimage":"","pimage_id":"","pthumb":"","color":"","selected":true},{"label":"36.5","value":"EU 36.5","price":"","pimage":"","pimage_id":"","pthumb":"","color":""},{"label":"37.5","value":"EU 37.5","price":"","pimage":"","pimage_id":"","pthumb":"","color":""},{"label":"38","value":"EU 38","price":"","pimage":"","pimage_id":"","pthumb":"","color":""},{"label":"38.5","value":"EU 38.5","price":"","pimage":"","pimage_id":"","pthumb":"","color":""},{"label":"39","value":"EU 39","price":"","pimage":"","pimage_id":"","pthumb":"","color":""},{"label":"40","value":"EU 40","price":"","pimage":"","pimage_id":"","pthumb":"","color":""},{"label":"40.5","value":"EU 40.5","price":"","pimage":"","pimage_id":"","pthumb":"","color":""},{"label":"41","value":"EU 41","price":"","pimage":"","pimage_id":"","pthumb":"","color":""},{"label":"42","value":"EU 42","price":"","pimage":"","pimage_id":"","pthumb":"","color":""},{"label":"42.5","value":"EU 42.5","price":"","pimage":"","pimage_id":"","pthumb":"","color":""},{"label":"43","value":"EU 43","price":"","pimage":"","pimage_id":"","pthumb":"","color":""},{"label":"44","value":"EU 44","price":"","pimage":"","pimage_id":"","pthumb":"","color":""},{"label":"44.5","value":"EU 44.5","price":"","pimage":"","pimage_id":"","pthumb":"","color":""},{"label":"45","value":"EU 45","price":"","pimage":"","pimage_id":"","pthumb":"","color":""},{"label":"45.5","value":"EU 45.5","price":"","pimage":"","pimage_id":"","pthumb":"","color":""},{"label":"46","value":"EU 46","price":"","pimage":"","pimage_id":"","pthumb":"","color":""},{"label":"47","value":"EU 47","price":"","pimage":"","pimage_id":"","pthumb":"","color":""},{"label":"47.5","value":"EU 47.5","price":"","pimage":"","pimage_id":"","pthumb":"","color":""},{"label":"48","value":"EU 48","price":"","pimage":"","pimage_id":"","pthumb":"","color":""}],"relations":[{"operator":false,"rules":[]}],"form_id":18106,"form_rules":{"pric_cal_option_once":false,"exclude_from_discount":false,"pric_use_as_fee":false,"fee_label":"Fee","render_after_acb":false,"disp_hide_options_price":false}}]},"_links":{"self":[{"href":"https:\/\/moroen.com\/de\/wp-json\/wp\/v2\/product\/185088","targetHints":{"allow":["GET"]}}],"collection":[{"href":"https:\/\/moroen.com\/de\/wp-json\/wp\/v2\/product"}],"about":[{"href":"https:\/\/moroen.com\/de\/wp-json\/wp\/v2\/types\/product"}],"replies":[{"embeddable":true,"href":"https:\/\/moroen.com\/de\/wp-json\/wp\/v2\/comments?post=185088"}],"wp:featuredmedia":[{"embeddable":true,"href":"https:\/\/moroen.com\/de\/wp-json\/wp\/v2\/media\/185089"}],"wp:attachment":[{"href":"https:\/\/moroen.com\/de\/wp-json\/wp\/v2\/media?parent=185088"}],"wp:term":[{"taxonomy":"product_brand","embeddable":true,"href":"https:\/\/moroen.com\/de\/wp-json\/wp\/v2\/product_brand?post=185088"},{"taxonomy":"product_cat","embeddable":true,"href":"https:\/\/moroen.com\/de\/wp-json\/wp\/v2\/product_cat?post=185088"},{"taxonomy":"product_tag","embeddable":true,"href":"https:\/\/moroen.com\/de\/wp-json\/wp\/v2\/product_tag?post=185088"}],"curies":[{"name":"wp","href":"https:\/\/api.w.org\/{rel}","templated":true}]}}