{"id":185204,"date":"2026-04-02T11:15:05","date_gmt":"2026-04-02T04:15:05","guid":{"rendered":"https:\/\/moroen.com\/de\/product\/women-nike-air-max-plus-black-chrome-silver"},"modified":"2026-04-02T11:15:05","modified_gmt":"2026-04-02T04:15:05","slug":"women-nike-air-max-plus-black-chrome-silver","status":"publish","type":"product","link":"https:\/\/moroen.com\/de\/produkt\/women-nike-air-max-plus-black-chrome-silver\/","title":{"rendered":"(Women) Nike Air Max Plus &#8218;Black Chrome Silver&#8216;"},"content":{"rendered":"<p>Mit dem Nike Air Max Plus &#8218;Black Chrome Silver&#8216; HJ9743-001, einem eleganten und raffinierten Damen-Sneaker, der Performance und modernes Design vereint, verleihst du deinem Style und Komfort ein Upgrade. Das markante schwarze Obermaterial mit chromsilbernen Details macht diesen Schuh zum Hingucker \u00e2\u20ac\u201c egal ob in der Stadt oder beim Einkaufen. Die Tuned Air-Technologie sorgt f\u00c3\u00bcr au\u00c3\u0178ergew\u00c3\u00b6hnliche D\u00c3\u00a4mpfung und Unterst\u00c3\u00bctzung und damit f\u00c3\u00bcr ganzt\u00c3\u00a4gigen Tragekomfort bei einem aktiven Lebensstil. Das strapazierf\u00c3\u00a4hige Mesh-Obermaterial garantiert Atmungsaktivit\u00c3\u00a4t, w\u00c3\u00a4hrend die charakteristischen wellenf\u00c3\u00b6rmigen TPU-Overlays dem Schuh einen futuristischen Touch verleihen. Ein reflektierender Swoosh verbessert die Sichtbarkeit bei schlechten Lichtverh\u00c3\u00a4ltnissen und kombiniert so Sicherheit mit Style. Die Gummiau\u00c3\u0178ensohle bietet hervorragende Traktion und ist somit perfekt f\u00c3\u00bcr verschiedene Untergr\u00c3\u00bcnde geeignet. Ob zu Freizeitkleidung oder Sportoutfits \u00e2\u20ac\u201c dieser vielseitige Sneaker ist ein Must-have f\u00c3\u00bcr alle, die Wert auf Mode und Funktionalit\u00c3\u00a4t legen.<\/p>\n<ul>\n<li><strong>Farbgebung:<\/strong> Schwarz\/Metallic-Silber\/Laser Crimson\/Off Noir<\/li>\n<li><strong>Style-Code:<\/strong> HJ9743-001<\/li>\n<li><strong>Obermaterial:<\/strong> Mesh<\/li>\n<li><strong>Zwischensohle:<\/strong> Air<\/li>\n<li><strong>Farbe:<\/strong> Schwarz<\/li>\n<li><strong>Designer:<\/strong> Sean McDowell<\/li>\n<li><strong>Erscheinungsjahr:<\/strong> 2024<\/li>\n<\/ul>\n","protected":false},"excerpt":{"rendered":"<p>Mit dem Nike Air Max Plus &#8218;Black Chrome Silver&#8216; HJ9743-001, einem eleganten und raffinierten Damen-Sneaker, der Performance und modernes Design vereint, verleihst du deinem Style und Komfort ein Upgrade. Das markante schwarze Obermaterial mit chromsilbernen Details macht diesen Schuh zum Hingucker \u00e2\u20ac\u201c egal ob in der Stadt oder beim Einkaufen. Die Tuned Air-Technologie sorgt f\u00c3\u00bcr [&hellip;]<\/p>\n","protected":false},"featured_media":185205,"comment_status":"open","ping_status":"closed","template":"","meta":[],"product_brand":[],"product_cat":[15005],"product_tag":[10750,11358,10783,10913,10756,10758,10914,10762,10765,10770],"class_list":{"0":"post-185204","1":"product","2":"type-product","3":"status-publish","4":"has-post-thumbnail","6":"product_cat-nike-women","7":"product_tag-athleisure-shoes","8":"product_tag-gallery-look","9":"product_tag-gift-for-her","10":"product_tag-international-women-day-coll","11":"product_tag-lifestyle-casual-shoes","12":"product_tag-lifestyle-shoes-running-inspired","13":"product_tag-mother-day-coll","14":"product_tag-nike","15":"product_tag-trending-deals","16":"product_tag-under-retail","17":"wcpa_has_options","19":"first","20":"instock","21":"sale","22":"taxable","23":"shipping-taxable","24":"purchasable","25":"product-type-simple"},"wcpa_form_fields":{"rules":{"pric_overide_base_price":false,"pric_overide_base_price_if_gt_zero":false,"pric_overide_base_price_fully":false,"pric_cal_option_once":false,"pric_use_as_fee":false,"bind_quantity":false,"quantity_bind_formula":false},"fields":[{"type":"color-group","required":true,"elementId":"wcpa-color-group-66c4a75505e74","label":"Gr\u00f6\u00dfe - EU Gr\u00f6\u00dfe","inline":true,"priceOptions":"different_for_all","pricingType":"fixed","className":"hassizechart product-shoes-size-eu product-shoes-size","name":"color-group-66c4a75505e89","disp_type":"square","selection_type":"tick-border","disp_size":"44","show_label_inside":true,"adjust_width":true,"cart_display_type":"text","other_text":"Other","cl_rule":"show","col":6,"values":[{"label":"35.5","value":"EU 35.5","price":"","pimage":"","pimage_id":"","pthumb":"","color":""},{"label":"36","value":"EU 36","price":"","pimage":"","pimage_id":"","pthumb":"","color":"","selected":true},{"label":"36.5","value":"EU 36.5","price":"","pimage":"","pimage_id":"","pthumb":"","color":""},{"label":"37.5","value":"EU 37.5","price":"","pimage":"","pimage_id":"","pthumb":"","color":""},{"label":"38","value":"EU 38","price":"","pimage":"","pimage_id":"","pthumb":"","color":""},{"label":"38.5","value":"EU 38.5","price":"","pimage":"","pimage_id":"","pthumb":"","color":""},{"label":"39","value":"EU 39","price":"","pimage":"","pimage_id":"","pthumb":"","color":""},{"label":"40","value":"EU 40","price":"","pimage":"","pimage_id":"","pthumb":"","color":""},{"label":"40.5","value":"EU 40.5","price":"","pimage":"","pimage_id":"","pthumb":"","color":""},{"label":"41","value":"EU 41","price":"","pimage":"","pimage_id":"","pthumb":"","color":""},{"label":"42","value":"EU 42","price":"","pimage":"","pimage_id":"","pthumb":"","color":""},{"label":"42.5","value":"EU 42.5","price":"","pimage":"","pimage_id":"","pthumb":"","color":""},{"label":"43","value":"EU 43","price":"","pimage":"","pimage_id":"","pthumb":"","color":""},{"label":"44","value":"EU 44","price":"","pimage":"","pimage_id":"","pthumb":"","color":""},{"label":"44.5","value":"EU 44.5","price":"","pimage":"","pimage_id":"","pthumb":"","color":""},{"label":"45","value":"EU 45","price":"","pimage":"","pimage_id":"","pthumb":"","color":""},{"label":"45.5","value":"EU 45.5","price":"","pimage":"","pimage_id":"","pthumb":"","color":""},{"label":"46","value":"EU 46","price":"","pimage":"","pimage_id":"","pthumb":"","color":""},{"label":"47","value":"EU 47","price":"","pimage":"","pimage_id":"","pthumb":"","color":""},{"label":"47.5","value":"EU 47.5","price":"","pimage":"","pimage_id":"","pthumb":"","color":""},{"label":"48","value":"EU 48","price":"","pimage":"","pimage_id":"","pthumb":"","color":""}],"relations":[{"operator":false,"rules":[]}],"form_id":18106,"form_rules":{"pric_cal_option_once":false,"exclude_from_discount":false,"pric_use_as_fee":false,"fee_label":"Fee","render_after_acb":false,"disp_hide_options_price":false}}]},"_links":{"self":[{"href":"https:\/\/moroen.com\/de\/wp-json\/wp\/v2\/product\/185204","targetHints":{"allow":["GET"]}}],"collection":[{"href":"https:\/\/moroen.com\/de\/wp-json\/wp\/v2\/product"}],"about":[{"href":"https:\/\/moroen.com\/de\/wp-json\/wp\/v2\/types\/product"}],"replies":[{"embeddable":true,"href":"https:\/\/moroen.com\/de\/wp-json\/wp\/v2\/comments?post=185204"}],"wp:featuredmedia":[{"embeddable":true,"href":"https:\/\/moroen.com\/de\/wp-json\/wp\/v2\/media\/185205"}],"wp:attachment":[{"href":"https:\/\/moroen.com\/de\/wp-json\/wp\/v2\/media?parent=185204"}],"wp:term":[{"taxonomy":"product_brand","embeddable":true,"href":"https:\/\/moroen.com\/de\/wp-json\/wp\/v2\/product_brand?post=185204"},{"taxonomy":"product_cat","embeddable":true,"href":"https:\/\/moroen.com\/de\/wp-json\/wp\/v2\/product_cat?post=185204"},{"taxonomy":"product_tag","embeddable":true,"href":"https:\/\/moroen.com\/de\/wp-json\/wp\/v2\/product_tag?post=185204"}],"curies":[{"name":"wp","href":"https:\/\/api.w.org\/{rel}","templated":true}]}}