{"id":185784,"date":"2026-04-02T11:15:33","date_gmt":"2026-04-02T04:15:33","guid":{"rendered":"https:\/\/moroen.com\/de\/product\/apc-x-asics-gel-kayano-14-white-pure-silver"},"modified":"2026-04-02T11:15:33","modified_gmt":"2026-04-02T04:15:33","slug":"apc-x-asics-gel-kayano-14-white-pure-silver","status":"publish","type":"product","link":"https:\/\/moroen.com\/de\/produkt\/apc-x-asics-gel-kayano-14-white-pure-silver\/","title":{"rendered":"A.P.C. x ASICS Gel Kayano 14 &#8218;White Pure Silver&#8216;"},"content":{"rendered":"<p>Erleben Sie au\u00c3\u0178ergew\u00c3\u00b6hnlichen Komfort und zeitlosen Stil mit dem ASICS Gel-Kayano 14 A.P.C. White Pure Silver. Dank innovativer Gel-Technologie f\u00c3\u00bcr optimale D\u00c3\u00a4mpfung und Unterst\u00c3\u00bctzung vereinen diese Sneaker Performance mit Eleganz. Das minimalistische und dennoch schicke Design in Wei\u00c3\u0178 und Silber macht sie vielseitig kombinierbar. Das Modell 1203A727-100 ist sowohl f\u00c3\u00bcr ambitionierte L\u00c3\u00a4ufer als auch f\u00c3\u00bcr modebewusste Menschen geeignet und garantiert Langlebigkeit und perfekte Passform. Verleihe deinem Sneaker-Style weltweit mit dem ASICS Gel-Kayano ein unvergleichliches Flair.<\/p>\n<p>Farbgebung: Wei\u00c3\u0178\/Silber<br \/>\nStyle-Code: 1203A727-100<br \/>\nObermaterial: Mesh<br \/>\nZwischensohle: Gel<br \/>\nFarbe: Wei\u00c3\u0178<br \/>\nErscheinungsjahr: 2025<\/p>\n","protected":false},"excerpt":{"rendered":"<p>Erleben Sie au\u00c3\u0178ergew\u00c3\u00b6hnlichen Komfort und zeitlosen Stil mit dem ASICS Gel-Kayano 14 A.P.C. White Pure Silver. Dank innovativer Gel-Technologie f\u00c3\u00bcr optimale D\u00c3\u00a4mpfung und Unterst\u00c3\u00bctzung vereinen diese Sneaker Performance mit Eleganz. Das minimalistische und dennoch schicke Design in Wei\u00c3\u0178 und Silber macht sie vielseitig kombinierbar. Das Modell 1203A727-100 ist sowohl f\u00c3\u00bcr ambitionierte L\u00c3\u00a4ufer als auch f\u00c3\u00bcr [&hellip;]<\/p>\n","protected":false},"featured_media":185785,"comment_status":"open","ping_status":"closed","template":"","meta":[],"product_brand":[],"product_cat":[12567],"product_tag":[12565,10750,10756,10758,10763,10770],"class_list":{"0":"post-185784","1":"product","2":"type-product","3":"status-publish","4":"has-post-thumbnail","6":"product_cat-asics","7":"product_tag-asics","8":"product_tag-athleisure-shoes","9":"product_tag-lifestyle-casual-shoes","10":"product_tag-lifestyle-shoes-running-inspired","11":"product_tag-retro-running-shoes","12":"product_tag-under-retail","13":"wcpa_has_options","15":"first","16":"instock","17":"taxable","18":"shipping-taxable","19":"purchasable","20":"product-type-simple"},"wcpa_form_fields":{"rules":{"pric_overide_base_price":false,"pric_overide_base_price_if_gt_zero":false,"pric_overide_base_price_fully":false,"pric_cal_option_once":false,"pric_use_as_fee":false,"bind_quantity":false,"quantity_bind_formula":false},"fields":[{"type":"color-group","required":true,"elementId":"wcpa-color-group-69a5ac3f3e644","label":"Gr\u00f6\u00dfe","inline":true,"priceOptions":"different_for_all","pricingType":"fixed","className":"hassizechart product-shoes-size-eu product-shoes-size","name":"color-group-69a5ac3f3e64e","disp_type":"square","selection_type":"tick-border","disp_size":"50","show_label_inside":true,"adjust_width":true,"cart_display_type":"text","other_text":"Other","cl_rule":"show","col":6,"values":[{"label":"34.5","value":"EU 34.5","price":"","pimage":"","pimage_id":"","pthumb":"","color":""},{"label":"35","value":"EU 35","price":"","pimage":"","pimage_id":"","pthumb":"","color":""},{"label":"35.5","value":"EU 35.5","price":"","pimage":"","pimage_id":"","pthumb":"","color":""},{"label":"36","value":"EU 36","price":"","pimage":"","pimage_id":"","pthumb":"","color":"","selected":true},{"label":"37","value":"EU 37","price":"","pimage":"","pimage_id":"","pthumb":"","color":""},{"label":"37.5","value":"EU 37.5","price":"","pimage":"","pimage_id":"","pthumb":"","color":""},{"label":"38","value":"EU 38","price":"","pimage":"","pimage_id":"","pthumb":"","color":""},{"label":"38.5","value":"EU 38.5","price":"","pimage":"","pimage_id":"","pthumb":"","color":""},{"label":"39","value":"EU 39","price":"","pimage":"","pimage_id":"","pthumb":"","color":""},{"label":"39.5","value":"EU 39.5","price":"","pimage":"","pimage_id":"","pthumb":"","color":""},{"label":"40","value":"EU 40","price":"","pimage":"","pimage_id":"","pthumb":"","color":""},{"label":"40.5","value":"EU 40.5","price":"","pimage":"","pimage_id":"","pthumb":"","color":""},{"label":" 41.5","value":"EU 41.5","price":"","pimage":"","pimage_id":"","pthumb":"","color":""},{"label":"42","value":"EU 42","price":"","pimage":"","pimage_id":"","pthumb":"","color":""},{"label":"42.5","value":"EU 42.5","price":"","pimage":"","pimage_id":"","pthumb":"","color":""},{"label":"43.5","value":"EU 43.5","price":"","pimage":"","pimage_id":"","pthumb":"","color":""},{"label":"44","value":"EU 44","price":"","pimage":"","pimage_id":"","pthumb":"","color":""},{"label":"44.5","value":"EU 44.5","price":"","pimage":"","pimage_id":"","pthumb":"","color":""},{"label":"45","value":"EU 45","price":"","pimage":"","pimage_id":"","pthumb":"","color":""}],"relations":[{"operator":false,"rules":[]}],"form_id":184312,"form_rules":{"pric_cal_option_once":false,"exclude_from_discount":false,"pric_use_as_fee":false,"fee_label":"Fee","render_after_acb":false,"disp_hide_options_price":false}}]},"_links":{"self":[{"href":"https:\/\/moroen.com\/de\/wp-json\/wp\/v2\/product\/185784","targetHints":{"allow":["GET"]}}],"collection":[{"href":"https:\/\/moroen.com\/de\/wp-json\/wp\/v2\/product"}],"about":[{"href":"https:\/\/moroen.com\/de\/wp-json\/wp\/v2\/types\/product"}],"replies":[{"embeddable":true,"href":"https:\/\/moroen.com\/de\/wp-json\/wp\/v2\/comments?post=185784"}],"wp:featuredmedia":[{"embeddable":true,"href":"https:\/\/moroen.com\/de\/wp-json\/wp\/v2\/media\/185785"}],"wp:attachment":[{"href":"https:\/\/moroen.com\/de\/wp-json\/wp\/v2\/media?parent=185784"}],"wp:term":[{"taxonomy":"product_brand","embeddable":true,"href":"https:\/\/moroen.com\/de\/wp-json\/wp\/v2\/product_brand?post=185784"},{"taxonomy":"product_cat","embeddable":true,"href":"https:\/\/moroen.com\/de\/wp-json\/wp\/v2\/product_cat?post=185784"},{"taxonomy":"product_tag","embeddable":true,"href":"https:\/\/moroen.com\/de\/wp-json\/wp\/v2\/product_tag?post=185784"}],"curies":[{"name":"wp","href":"https:\/\/api.w.org\/{rel}","templated":true}]}}