{"id":188500,"date":"2026-04-02T11:17:04","date_gmt":"2026-04-02T04:17:04","guid":{"rendered":"https:\/\/moroen.com\/de\/product\/women-ugg-classic-ultra-mini-boot-burnt-cedar"},"modified":"2026-04-02T11:17:04","modified_gmt":"2026-04-02T04:17:04","slug":"women-ugg-classic-ultra-mini-boot-burnt-cedar","status":"publish","type":"product","link":"https:\/\/moroen.com\/de\/produkt\/women-ugg-classic-ultra-mini-boot-burnt-cedar\/","title":{"rendered":"(Women) UGG Classic Ultra Mini Boot Burnt Cedar"},"content":{"rendered":"<p>Genie\u00c3\u0178en Sie kuscheligen Komfort mit dem UGG Classic Ultra Mini Boot! Diese Stiefel aus hochwertigem Veloursleder bieten ein weiches und flauschiges Innenfutter, das Ihre F\u00c3\u00bc\u00c3\u0178e warm und kuschelig h\u00c3\u00a4lt. Der Farbton \u00e2\u20ac\u017eBurnt Cedar\u00e2\u20ac\u0153 verleiht ihnen eine nat\u00c3\u00bcrliche Eleganz und macht sie perfekt f\u00c3\u00bcr jeden Anlass. Die charakteristische UGG-Sohle sorgt f\u00c3\u00bcr hervorragende D\u00c3\u00a4mpfung und Langlebigkeit und garantiert so ganzt\u00c3\u00a4gigen Tragekomfort. Ob beim Einkaufen oder in der Natur \u00e2\u20ac\u201c diese UGG-Stiefel sind eine unverzichtbare Erg\u00c3\u00a4nzung f\u00c3\u00bcr Ihre Garderobe.<\/p>\n<ul>\n<li><strong>Farbe:<\/strong> Burnt Cedar<\/li>\n<li><strong>Artikelnummer:<\/strong> 1116109-BCDR<\/li>\n<li><strong>Farbe:<\/strong> Braun<\/li>\n<li><strong>Erscheinungsjahr:<\/strong> 2020<\/li>\n<\/ul>\n","protected":false},"excerpt":{"rendered":"<p>Genie\u00c3\u0178en Sie kuscheligen Komfort mit dem UGG Classic Ultra Mini Boot! Diese Stiefel aus hochwertigem Veloursleder bieten ein weiches und flauschiges Innenfutter, das Ihre F\u00c3\u00bc\u00c3\u0178e warm und kuschelig h\u00c3\u00a4lt. Der Farbton \u00e2\u20ac\u017eBurnt Cedar\u00e2\u20ac\u0153 verleiht ihnen eine nat\u00c3\u00bcrliche Eleganz und macht sie perfekt f\u00c3\u00bcr jeden Anlass. Die charakteristische UGG-Sohle sorgt f\u00c3\u00bcr hervorragende D\u00c3\u00a4mpfung und Langlebigkeit und [&hellip;]<\/p>\n","protected":false},"featured_media":188501,"comment_status":"open","ping_status":"closed","template":"","meta":[],"product_brand":[],"product_cat":[15010],"product_tag":[15326,10783,11463,10756,15318,15097,15181],"class_list":{"0":"post-188500","1":"product","2":"type-product","3":"status-publish","4":"has-post-thumbnail","6":"product_cat-ugg-women","7":"product_tag-boots-ankle-boots","8":"product_tag-gift-for-her","9":"product_tag-lifestyle-boots","10":"product_tag-lifestyle-casual-shoes","11":"product_tag-shearling-boots","12":"product_tag-ugg","13":"product_tag-ugg-collection","14":"wcpa_has_options","16":"first","17":"instock","18":"taxable","19":"shipping-taxable","20":"purchasable","21":"product-type-simple"},"wcpa_form_fields":{"rules":{"pric_overide_base_price":false,"pric_overide_base_price_if_gt_zero":false,"pric_overide_base_price_fully":false,"pric_cal_option_once":false,"pric_use_as_fee":false,"bind_quantity":false,"quantity_bind_formula":false},"fields":[{"type":"color-group","required":true,"elementId":"wcpa-color-group-69a5ae7a28b88","label":"Gr\u00f6\u00dfe","inline":true,"priceOptions":"different_for_all","pricingType":"fixed","className":"hassizechart product-shoes-size-eu product-shoes-size","name":"color-group-69a5ae7a28b91","disp_type":"square","selection_type":"tick-border","disp_size":"50","show_label_inside":true,"adjust_width":true,"cart_display_type":"text","other_text":"Other","cl_rule":"show","col":6,"values":[{"label":"34.5","value":"EU 34.5","price":"","pimage":"","pimage_id":"","pthumb":"","color":""},{"label":"35","value":"EU 35","price":"","pimage":"","pimage_id":"","pthumb":"","color":""},{"label":"35.5","value":"EU 35.5","price":"","pimage":"","pimage_id":"","pthumb":"","color":""},{"label":"36","value":"EU 36","price":"","pimage":"","pimage_id":"","pthumb":"","color":"","selected":true},{"label":"37","value":"EU 37","price":"","pimage":"","pimage_id":"","pthumb":"","color":""},{"label":"37.5","value":"EU 37.5","price":"","pimage":"","pimage_id":"","pthumb":"","color":""},{"label":"38","value":"EU 38","price":"","pimage":"","pimage_id":"","pthumb":"","color":""},{"label":"38.5","value":"EU 38.5","price":"","pimage":"","pimage_id":"","pthumb":"","color":""},{"label":"39","value":"EU 39","price":"","pimage":"","pimage_id":"","pthumb":"","color":""},{"label":"39.5","value":"EU 39.5","price":"","pimage":"","pimage_id":"","pthumb":"","color":""},{"label":"40","value":"EU 40","price":"","pimage":"","pimage_id":"","pthumb":"","color":""},{"label":"40.5","value":"EU 40.5","price":"","pimage":"","pimage_id":"","pthumb":"","color":""},{"label":" 41.5","value":"EU 41.5","price":"","pimage":"","pimage_id":"","pthumb":"","color":""},{"label":"42","value":"EU 42","price":"","pimage":"","pimage_id":"","pthumb":"","color":""},{"label":"42.5","value":"EU 42.5","price":"","pimage":"","pimage_id":"","pthumb":"","color":""},{"label":"43","value":"EU 43","price":"","pimage":"","pimage_id":"","pthumb":"","color":""},{"label":"44","value":"EU 44","price":"","pimage":"","pimage_id":"","pthumb":"","color":""},{"label":"45","value":"EU 45","price":"","pimage":"","pimage_id":"","pthumb":"","color":""},{"label":"48","value":"EU 48","price":"","pimage":"","pimage_id":"","pthumb":"","color":""}],"relations":[{"operator":false,"rules":[]}],"form_id":184315,"form_rules":{"pric_cal_option_once":false,"exclude_from_discount":false,"pric_use_as_fee":false,"fee_label":"Fee","render_after_acb":false,"disp_hide_options_price":false}}]},"_links":{"self":[{"href":"https:\/\/moroen.com\/de\/wp-json\/wp\/v2\/product\/188500","targetHints":{"allow":["GET"]}}],"collection":[{"href":"https:\/\/moroen.com\/de\/wp-json\/wp\/v2\/product"}],"about":[{"href":"https:\/\/moroen.com\/de\/wp-json\/wp\/v2\/types\/product"}],"replies":[{"embeddable":true,"href":"https:\/\/moroen.com\/de\/wp-json\/wp\/v2\/comments?post=188500"}],"wp:featuredmedia":[{"embeddable":true,"href":"https:\/\/moroen.com\/de\/wp-json\/wp\/v2\/media\/188501"}],"wp:attachment":[{"href":"https:\/\/moroen.com\/de\/wp-json\/wp\/v2\/media?parent=188500"}],"wp:term":[{"taxonomy":"product_brand","embeddable":true,"href":"https:\/\/moroen.com\/de\/wp-json\/wp\/v2\/product_brand?post=188500"},{"taxonomy":"product_cat","embeddable":true,"href":"https:\/\/moroen.com\/de\/wp-json\/wp\/v2\/product_cat?post=188500"},{"taxonomy":"product_tag","embeddable":true,"href":"https:\/\/moroen.com\/de\/wp-json\/wp\/v2\/product_tag?post=188500"}],"curies":[{"name":"wp","href":"https:\/\/api.w.org\/{rel}","templated":true}]}}