{"id":188859,"date":"2026-04-02T11:17:16","date_gmt":"2026-04-02T04:17:16","guid":{"rendered":"https:\/\/moroen.com\/de\/product\/alexis-sablone-x-nike-sb-dunk-low-chameleon"},"modified":"2026-04-02T11:17:16","modified_gmt":"2026-04-02T04:17:16","slug":"alexis-sablone-x-nike-sb-dunk-low-chameleon","status":"publish","type":"product","link":"https:\/\/moroen.com\/de\/produkt\/alexis-sablone-x-nike-sb-dunk-low-chameleon\/","title":{"rendered":"Alexis Sablone x Nike SB Dunk Low &#8218;Chameleon&#8216;"},"content":{"rendered":"<p>Verleihe deinem Style mit dem Nike x Alexis Sablone SB Dunk Low &#8218;Chameleon&#8216; das gewisse Etwas. Diese limitierte Kollaboration vereint die ikonische Silhouette mit der lebendigen Kunst des bekannten Skaters Alexis Sablone. Das auff\u00c3\u00a4llige, farbwechselnde Obermaterial symbolisiert die Anpassungsf\u00c3\u00a4higkeit und Widerstandsf\u00c3\u00a4higkeit des Tr\u00c3\u00a4gers. Mit weichem Innenfutter, strapazierf\u00c3\u00a4higer Gummisohle und dem charakteristischen Nike-Branding bieten diese Sneaker Komfort und Style zugleich. Schl\u00c3\u00bcpfe in den &#8218;Chameleon&#8216; und entdecke die transformative Kraft des Selbstausdrucks.<\/p>\n<ul>\n<li><strong>Farbgebung:<\/strong> \u00c3\u2013lgr\u00c3\u00bcn\/W\u00c3\u00bcstenmoos\/Wei\u00c3\u0178<\/li>\n<li><strong>Style-Code:<\/strong> HJ3386-300<\/li>\n<li><strong>Obermaterial:<\/strong> Leder<\/li>\n<li><strong>Farbe:<\/strong> Mehrfarbig<\/li>\n<li><strong>Erscheinungsjahr:<\/strong> 2024<\/li>\n<\/ul>\n","protected":false},"excerpt":{"rendered":"<p>Verleihe deinem Style mit dem Nike x Alexis Sablone SB Dunk Low &#8218;Chameleon&#8216; das gewisse Etwas. Diese limitierte Kollaboration vereint die ikonische Silhouette mit der lebendigen Kunst des bekannten Skaters Alexis Sablone. Das auff\u00c3\u00a4llige, farbwechselnde Obermaterial symbolisiert die Anpassungsf\u00c3\u00a4higkeit und Widerstandsf\u00c3\u00a4higkeit des Tr\u00c3\u00a4gers. Mit weichem Innenfutter, strapazierf\u00c3\u00a4higer Gummisohle und dem charakteristischen Nike-Branding bieten diese Sneaker [&hellip;]<\/p>\n","protected":false},"featured_media":188860,"comment_status":"open","ping_status":"closed","template":"","meta":[],"product_brand":[],"product_cat":[10773],"product_tag":[10749,10751,10754,10762,10764,10881,10770],"class_list":{"0":"post-188859","1":"product","2":"type-product","3":"status-publish","4":"has-post-thumbnail","6":"product_cat-nike","7":"product_tag-ankle-support-basketball-shoes","8":"product_tag-basketball-shoes","9":"product_tag-gift-for-him","10":"product_tag-nike","11":"product_tag-performance-sport-shoes","12":"product_tag-skateboard-shoes","13":"product_tag-under-retail","14":"wcpa_has_options","16":"first","17":"instock","18":"taxable","19":"shipping-taxable","20":"purchasable","21":"product-type-simple"},"wcpa_form_fields":{"rules":{"pric_overide_base_price":false,"pric_overide_base_price_if_gt_zero":false,"pric_overide_base_price_fully":false,"pric_cal_option_once":false,"pric_use_as_fee":false,"bind_quantity":false,"quantity_bind_formula":false},"fields":[{"type":"color-group","required":true,"elementId":"wcpa-color-group-66c4a75505e74","label":"Gr\u00f6\u00dfe - EU Gr\u00f6\u00dfe","inline":true,"priceOptions":"different_for_all","pricingType":"fixed","className":"hassizechart product-shoes-size-eu product-shoes-size","name":"color-group-66c4a75505e89","disp_type":"square","selection_type":"tick-border","disp_size":"44","show_label_inside":true,"adjust_width":true,"cart_display_type":"text","other_text":"Other","cl_rule":"show","col":6,"values":[{"label":"35.5","value":"EU 35.5","price":"","pimage":"","pimage_id":"","pthumb":"","color":""},{"label":"36","value":"EU 36","price":"","pimage":"","pimage_id":"","pthumb":"","color":"","selected":true},{"label":"36.5","value":"EU 36.5","price":"","pimage":"","pimage_id":"","pthumb":"","color":""},{"label":"37.5","value":"EU 37.5","price":"","pimage":"","pimage_id":"","pthumb":"","color":""},{"label":"38","value":"EU 38","price":"","pimage":"","pimage_id":"","pthumb":"","color":""},{"label":"38.5","value":"EU 38.5","price":"","pimage":"","pimage_id":"","pthumb":"","color":""},{"label":"39","value":"EU 39","price":"","pimage":"","pimage_id":"","pthumb":"","color":""},{"label":"40","value":"EU 40","price":"","pimage":"","pimage_id":"","pthumb":"","color":""},{"label":"40.5","value":"EU 40.5","price":"","pimage":"","pimage_id":"","pthumb":"","color":""},{"label":"41","value":"EU 41","price":"","pimage":"","pimage_id":"","pthumb":"","color":""},{"label":"42","value":"EU 42","price":"","pimage":"","pimage_id":"","pthumb":"","color":""},{"label":"42.5","value":"EU 42.5","price":"","pimage":"","pimage_id":"","pthumb":"","color":""},{"label":"43","value":"EU 43","price":"","pimage":"","pimage_id":"","pthumb":"","color":""},{"label":"44","value":"EU 44","price":"","pimage":"","pimage_id":"","pthumb":"","color":""},{"label":"44.5","value":"EU 44.5","price":"","pimage":"","pimage_id":"","pthumb":"","color":""},{"label":"45","value":"EU 45","price":"","pimage":"","pimage_id":"","pthumb":"","color":""},{"label":"45.5","value":"EU 45.5","price":"","pimage":"","pimage_id":"","pthumb":"","color":""},{"label":"46","value":"EU 46","price":"","pimage":"","pimage_id":"","pthumb":"","color":""},{"label":"47","value":"EU 47","price":"","pimage":"","pimage_id":"","pthumb":"","color":""},{"label":"47.5","value":"EU 47.5","price":"","pimage":"","pimage_id":"","pthumb":"","color":""},{"label":"48","value":"EU 48","price":"","pimage":"","pimage_id":"","pthumb":"","color":""}],"relations":[{"operator":false,"rules":[]}],"form_id":18106,"form_rules":{"pric_cal_option_once":false,"exclude_from_discount":false,"pric_use_as_fee":false,"fee_label":"Fee","render_after_acb":false,"disp_hide_options_price":false}}]},"_links":{"self":[{"href":"https:\/\/moroen.com\/de\/wp-json\/wp\/v2\/product\/188859","targetHints":{"allow":["GET"]}}],"collection":[{"href":"https:\/\/moroen.com\/de\/wp-json\/wp\/v2\/product"}],"about":[{"href":"https:\/\/moroen.com\/de\/wp-json\/wp\/v2\/types\/product"}],"replies":[{"embeddable":true,"href":"https:\/\/moroen.com\/de\/wp-json\/wp\/v2\/comments?post=188859"}],"wp:featuredmedia":[{"embeddable":true,"href":"https:\/\/moroen.com\/de\/wp-json\/wp\/v2\/media\/188860"}],"wp:attachment":[{"href":"https:\/\/moroen.com\/de\/wp-json\/wp\/v2\/media?parent=188859"}],"wp:term":[{"taxonomy":"product_brand","embeddable":true,"href":"https:\/\/moroen.com\/de\/wp-json\/wp\/v2\/product_brand?post=188859"},{"taxonomy":"product_cat","embeddable":true,"href":"https:\/\/moroen.com\/de\/wp-json\/wp\/v2\/product_cat?post=188859"},{"taxonomy":"product_tag","embeddable":true,"href":"https:\/\/moroen.com\/de\/wp-json\/wp\/v2\/product_tag?post=188859"}],"curies":[{"name":"wp","href":"https:\/\/api.w.org\/{rel}","templated":true}]}}