{"id":189121,"date":"2026-04-02T11:17:25","date_gmt":"2026-04-02T04:17:25","guid":{"rendered":"https:\/\/moroen.com\/de\/product\/hoka-challenger-atr-7-triple-black"},"modified":"2026-04-02T11:17:25","modified_gmt":"2026-04-02T04:17:25","slug":"hoka-challenger-atr-7-triple-black","status":"publish","type":"product","link":"https:\/\/moroen.com\/de\/produkt\/hoka-challenger-atr-7-triple-black\/","title":{"rendered":"HOKA Challenger ATR 7 &#8218;Triple Black&#8216;"},"content":{"rendered":"<p>Mit dem HOKA Challenger ATR 7 &#8218;Triple Black&#8216; tauchst du in die Dunkelheit ein! Dieser elegante und unauff\u00c3\u00a4llige Laufschuh besticht durch sein vielseitiges Design, das keine Grenzen kennt. Dank des atmungsaktiven Mesh-Obermaterials und der robusten Au\u00c3\u0178ensohle, die Komfort und Grip bieten, bezwingst du m\u00c3\u00bchelos urbane Trails. Die PROFLY+ Zwischensohle d\u00c3\u00a4mpft jeden Schritt, w\u00c3\u00a4hrend die gummierte Zehenkappe vor St\u00c3\u00b6\u00c3\u0178en und St\u00c3\u00bcrzen sch\u00c3\u00bctzt. Erleben Sie die perfekte Balance aus Stil und Performance \u00e2\u20ac\u201c dank des komplett schwarzen Designs f\u00c3\u00bcgt sich dieser Schuh nahtlos in die urbane Landschaft ein.<\/p>\n<ul>\n<li><strong>Farbgebung:<\/strong> Schwarz\/Schwarz<\/li>\n<li><strong>Style-Code:<\/strong> 1134497-BBLC<\/li>\n<li><strong>Obermaterial:<\/strong> Mesh<\/li>\n<li><strong>Zwischensohle:<\/strong> CMEVA<\/li>\n<li><strong>Farbe:<\/strong> Schwarz<\/li>\n<li><strong>Saison:<\/strong> Sommer<\/li>\n<li><strong>Erscheinungsjahr:<\/strong> 2023<\/li>\n<\/ul>\n","protected":false},"excerpt":{"rendered":"<p>Mit dem HOKA Challenger ATR 7 &#8218;Triple Black&#8216; tauchst du in die Dunkelheit ein! Dieser elegante und unauff\u00c3\u00a4llige Laufschuh besticht durch sein vielseitiges Design, das keine Grenzen kennt. Dank des atmungsaktiven Mesh-Obermaterials und der robusten Au\u00c3\u0178ensohle, die Komfort und Grip bieten, bezwingst du m\u00c3\u00bchelos urbane Trails. Die PROFLY+ Zwischensohle d\u00c3\u00a4mpft jeden Schritt, w\u00c3\u00a4hrend die gummierte [&hellip;]<\/p>\n","protected":false},"featured_media":189122,"comment_status":"open","ping_status":"closed","template":"","meta":[],"product_brand":[],"product_cat":[15011],"product_tag":[10754,15998,10764,10781,10937,10770],"class_list":{"0":"post-189121","1":"product","2":"type-product","3":"status-publish","4":"has-post-thumbnail","6":"product_cat-hoka","7":"product_tag-gift-for-him","8":"product_tag-hoka","9":"product_tag-performance-sport-shoes","10":"product_tag-running-shoes","11":"product_tag-trail-running-shoes","12":"product_tag-under-retail","13":"wcpa_has_options","15":"first","16":"instock","17":"taxable","18":"shipping-taxable","19":"purchasable","20":"product-type-simple"},"wcpa_form_fields":{"rules":{"pric_overide_base_price":false,"pric_overide_base_price_if_gt_zero":false,"pric_overide_base_price_fully":false,"pric_cal_option_once":false,"pric_use_as_fee":false,"bind_quantity":false,"quantity_bind_formula":false},"fields":[{"type":"color-group","required":true,"elementId":"wcpa-color-group-69a5afd8a7cca","label":"Gr\u00f6\u00dfe","inline":true,"priceOptions":"different_for_all","pricingType":"fixed","className":"hassizechart product-shoes-size-eu product-shoes-size","name":"color-group-69a5afd8a7cd3","disp_type":"square","selection_type":"tick-border","disp_size":"50","show_label_inside":true,"adjust_width":true,"cart_display_type":"text","other_text":"Other","cl_rule":"show","col":6,"values":[{"label":"35 1\/3","value":"EU 35 1\/3","price":"","pimage":"","pimage_id":"","pthumb":"","color":""},{"label":"36","value":"EU 36","price":"","pimage":"","pimage_id":"","pthumb":"","color":""},{"label":"36 2\/3","value":"EU 36 2\/3","price":"","pimage":"","pimage_id":"","pthumb":"","color":""},{"label":"37 1\/3","value":"EU 37 1\/3","price":"","pimage":"","pimage_id":"","pthumb":"","color":"","selected":true},{"label":"38","value":"EU 38","price":"","pimage":"","pimage_id":"","pthumb":"","color":""},{"label":"38 2\/3","value":"EU 38 2\/3","price":"","pimage":"","pimage_id":"","pthumb":"","color":""},{"label":"39 1\/3","value":"EU 39 1\/3","price":"","pimage":"","pimage_id":"","pthumb":"","color":""},{"label":"39.5","value":"EU 39.5","price":"","pimage":"","pimage_id":"","pthumb":"","color":""},{"label":"40","value":"EU 40","price":"","pimage":"","pimage_id":"","pthumb":"","color":""},{"label":"40 2\/3","value":"EU 40  2\/3","price":"","pimage":"","pimage_id":"","pthumb":"","color":""},{"label":" 41 1\/3","value":"EU 41.5","price":"","pimage":"","pimage_id":"","pthumb":"","color":""},{"label":"42","value":"EU 42","price":"","pimage":"","pimage_id":"","pthumb":"","color":""},{"label":"42 2\/3","value":"EU 42 2\/3","price":"","pimage":"","pimage_id":"","pthumb":"","color":""},{"label":"43 1\/3","value":"EU 43 1\/3","price":"","pimage":"","pimage_id":"","pthumb":"","color":""},{"label":"44","value":"EU 44","price":"","pimage":"","pimage_id":"","pthumb":"","color":""},{"label":"44 2\/3","value":"EU 44 2\/3","price":"","pimage":"","pimage_id":"","pthumb":"","color":""},{"label":"45 1\/3","value":"EU 45 1\/3","price":"","pimage":"","pimage_id":"","pthumb":"","color":""}],"relations":[{"operator":false,"rules":[]}],"form_id":184317,"form_rules":{"pric_cal_option_once":false,"exclude_from_discount":false,"pric_use_as_fee":false,"fee_label":"Fee","render_after_acb":false,"disp_hide_options_price":false}}]},"_links":{"self":[{"href":"https:\/\/moroen.com\/de\/wp-json\/wp\/v2\/product\/189121","targetHints":{"allow":["GET"]}}],"collection":[{"href":"https:\/\/moroen.com\/de\/wp-json\/wp\/v2\/product"}],"about":[{"href":"https:\/\/moroen.com\/de\/wp-json\/wp\/v2\/types\/product"}],"replies":[{"embeddable":true,"href":"https:\/\/moroen.com\/de\/wp-json\/wp\/v2\/comments?post=189121"}],"wp:featuredmedia":[{"embeddable":true,"href":"https:\/\/moroen.com\/de\/wp-json\/wp\/v2\/media\/189122"}],"wp:attachment":[{"href":"https:\/\/moroen.com\/de\/wp-json\/wp\/v2\/media?parent=189121"}],"wp:term":[{"taxonomy":"product_brand","embeddable":true,"href":"https:\/\/moroen.com\/de\/wp-json\/wp\/v2\/product_brand?post=189121"},{"taxonomy":"product_cat","embeddable":true,"href":"https:\/\/moroen.com\/de\/wp-json\/wp\/v2\/product_cat?post=189121"},{"taxonomy":"product_tag","embeddable":true,"href":"https:\/\/moroen.com\/de\/wp-json\/wp\/v2\/product_tag?post=189121"}],"curies":[{"name":"wp","href":"https:\/\/api.w.org\/{rel}","templated":true}]}}