{"id":191502,"date":"2026-04-02T11:18:50","date_gmt":"2026-04-02T04:18:50","guid":{"rendered":"https:\/\/moroen.com\/de\/product\/women-ugg-tazzle-sliper-charcoal"},"modified":"2026-04-02T11:18:50","modified_gmt":"2026-04-02T04:18:50","slug":"women-ugg-tazzle-sliper-charcoal","status":"publish","type":"product","link":"https:\/\/moroen.com\/de\/produkt\/women-ugg-tazzle-sliper-charcoal\/","title":{"rendered":"(Women) UGG Tazzle Sliper &#8218;Charcoal&#8216;"},"content":{"rendered":"<p>Verw\u00c3\u00b6hnen Sie Ihre F\u00c3\u00bc\u00c3\u0178e mit Luxus und Komfort mit unseren UGG Tazzle Hausschuhen in Anthrazit. Gefertigt aus hochwertigem Lammfell, h\u00c3\u00bcllen diese Hausschuhe Ihre F\u00c3\u00bc\u00c3\u0178e in unvergleichliche W\u00c3\u00a4rme und Weichheit. Das ikonische UGG-Design mit dem charakteristischen Zopfbesatz und dem weichen Futter schafft eine behagliche Oase f\u00c3\u00bcr Ihre F\u00c3\u00bc\u00c3\u0178e. Die flexible Gummisohle sorgt f\u00c3\u00bcr Strapazierf\u00c3\u00a4higkeit und sicheren Halt und macht die Hausschuhe perfekt f\u00c3\u00bcr drinnen und drau\u00c3\u0178en. Verleihen Sie Ihrem Stil mit diesen schicken und bequemen UGG Tazzle Hausschuhen das gewisse Etwas.<\/p>\n<ul>\n<li><strong>Farbe:<\/strong> Anthrazit<\/li>\n<li><strong>Artikelnummer:<\/strong> 1152677-CHRC<\/li>\n<li><strong>Farbe:<\/strong> Grau<\/li>\n<\/ul>\n","protected":false},"excerpt":{"rendered":"<p>Verw\u00c3\u00b6hnen Sie Ihre F\u00c3\u00bc\u00c3\u0178e mit Luxus und Komfort mit unseren UGG Tazzle Hausschuhen in Anthrazit. Gefertigt aus hochwertigem Lammfell, h\u00c3\u00bcllen diese Hausschuhe Ihre F\u00c3\u00bc\u00c3\u0178e in unvergleichliche W\u00c3\u00a4rme und Weichheit. Das ikonische UGG-Design mit dem charakteristischen Zopfbesatz und dem weichen Futter schafft eine behagliche Oase f\u00c3\u00bcr Ihre F\u00c3\u00bc\u00c3\u0178e. Die flexible Gummisohle sorgt f\u00c3\u00bcr Strapazierf\u00c3\u00a4higkeit und sicheren [&hellip;]<\/p>\n","protected":false},"featured_media":191503,"comment_status":"open","ping_status":"closed","template":"","meta":[],"product_brand":[],"product_cat":[15010],"product_tag":[15178,10783,10756,15180,10765,10768,15097,10770],"class_list":{"0":"post-191502","1":"product","2":"type-product","3":"status-publish","4":"has-post-thumbnail","6":"product_cat-ugg-women","7":"product_tag-covered-toe-slippers","8":"product_tag-gift-for-her","9":"product_tag-lifestyle-casual-shoes","10":"product_tag-slippers","11":"product_tag-trending-deals","12":"product_tag-trending-deals-under-150","13":"product_tag-ugg","14":"product_tag-under-retail","15":"wcpa_has_options","17":"first","18":"instock","19":"taxable","20":"shipping-taxable","21":"purchasable","22":"product-type-simple"},"wcpa_form_fields":{"rules":{"pric_overide_base_price":false,"pric_overide_base_price_if_gt_zero":false,"pric_overide_base_price_fully":false,"pric_cal_option_once":false,"pric_use_as_fee":false,"bind_quantity":false,"quantity_bind_formula":false},"fields":[{"type":"color-group","required":true,"elementId":"wcpa-color-group-69a5ae7a28b88","label":"Gr\u00f6\u00dfe","inline":true,"priceOptions":"different_for_all","pricingType":"fixed","className":"hassizechart product-shoes-size-eu product-shoes-size","name":"color-group-69a5ae7a28b91","disp_type":"square","selection_type":"tick-border","disp_size":"50","show_label_inside":true,"adjust_width":true,"cart_display_type":"text","other_text":"Other","cl_rule":"show","col":6,"values":[{"label":"34.5","value":"EU 34.5","price":"","pimage":"","pimage_id":"","pthumb":"","color":""},{"label":"35","value":"EU 35","price":"","pimage":"","pimage_id":"","pthumb":"","color":""},{"label":"35.5","value":"EU 35.5","price":"","pimage":"","pimage_id":"","pthumb":"","color":""},{"label":"36","value":"EU 36","price":"","pimage":"","pimage_id":"","pthumb":"","color":"","selected":true},{"label":"37","value":"EU 37","price":"","pimage":"","pimage_id":"","pthumb":"","color":""},{"label":"37.5","value":"EU 37.5","price":"","pimage":"","pimage_id":"","pthumb":"","color":""},{"label":"38","value":"EU 38","price":"","pimage":"","pimage_id":"","pthumb":"","color":""},{"label":"38.5","value":"EU 38.5","price":"","pimage":"","pimage_id":"","pthumb":"","color":""},{"label":"39","value":"EU 39","price":"","pimage":"","pimage_id":"","pthumb":"","color":""},{"label":"39.5","value":"EU 39.5","price":"","pimage":"","pimage_id":"","pthumb":"","color":""},{"label":"40","value":"EU 40","price":"","pimage":"","pimage_id":"","pthumb":"","color":""},{"label":"40.5","value":"EU 40.5","price":"","pimage":"","pimage_id":"","pthumb":"","color":""},{"label":" 41.5","value":"EU 41.5","price":"","pimage":"","pimage_id":"","pthumb":"","color":""},{"label":"42","value":"EU 42","price":"","pimage":"","pimage_id":"","pthumb":"","color":""},{"label":"42.5","value":"EU 42.5","price":"","pimage":"","pimage_id":"","pthumb":"","color":""},{"label":"43","value":"EU 43","price":"","pimage":"","pimage_id":"","pthumb":"","color":""},{"label":"44","value":"EU 44","price":"","pimage":"","pimage_id":"","pthumb":"","color":""},{"label":"45","value":"EU 45","price":"","pimage":"","pimage_id":"","pthumb":"","color":""},{"label":"48","value":"EU 48","price":"","pimage":"","pimage_id":"","pthumb":"","color":""}],"relations":[{"operator":false,"rules":[]}],"form_id":184315,"form_rules":{"pric_cal_option_once":false,"exclude_from_discount":false,"pric_use_as_fee":false,"fee_label":"Fee","render_after_acb":false,"disp_hide_options_price":false}}]},"_links":{"self":[{"href":"https:\/\/moroen.com\/de\/wp-json\/wp\/v2\/product\/191502","targetHints":{"allow":["GET"]}}],"collection":[{"href":"https:\/\/moroen.com\/de\/wp-json\/wp\/v2\/product"}],"about":[{"href":"https:\/\/moroen.com\/de\/wp-json\/wp\/v2\/types\/product"}],"replies":[{"embeddable":true,"href":"https:\/\/moroen.com\/de\/wp-json\/wp\/v2\/comments?post=191502"}],"wp:featuredmedia":[{"embeddable":true,"href":"https:\/\/moroen.com\/de\/wp-json\/wp\/v2\/media\/191503"}],"wp:attachment":[{"href":"https:\/\/moroen.com\/de\/wp-json\/wp\/v2\/media?parent=191502"}],"wp:term":[{"taxonomy":"product_brand","embeddable":true,"href":"https:\/\/moroen.com\/de\/wp-json\/wp\/v2\/product_brand?post=191502"},{"taxonomy":"product_cat","embeddable":true,"href":"https:\/\/moroen.com\/de\/wp-json\/wp\/v2\/product_cat?post=191502"},{"taxonomy":"product_tag","embeddable":true,"href":"https:\/\/moroen.com\/de\/wp-json\/wp\/v2\/product_tag?post=191502"}],"curies":[{"name":"wp","href":"https:\/\/api.w.org\/{rel}","templated":true}]}}