{"id":192036,"date":"2026-04-02T11:19:08","date_gmt":"2026-04-02T04:19:08","guid":{"rendered":"https:\/\/moroen.com\/de\/product\/hoka-skyline-float-x-triple-black"},"modified":"2026-04-02T11:19:08","modified_gmt":"2026-04-02T04:19:08","slug":"hoka-skyline-float-x-triple-black","status":"publish","type":"product","link":"https:\/\/moroen.com\/de\/produkt\/hoka-skyline-float-x-triple-black\/","title":{"rendered":"HOKA Skyline Float X &#8218;Triple Black&#8216;"},"content":{"rendered":"<p>Entfessle dein Trailrunning-Talent mit dem HOKA Skyline Float X &#8218;Triple Black&#8216; 1141610\u00e2\u20ac\u2018BBLC. Dieser Schuh wurde f\u00c3\u00bcr anspruchsvolle Abenteuer entwickelt und verf\u00c3\u00bcgt \u00c3\u00bcber eine Vibram\u00c2\u00ae Megagrip-Au\u00c3\u0178ensohle f\u00c3\u00bcr au\u00c3\u0178ergew\u00c3\u00b6hnlichen Grip auf unebenem Gel\u00c3\u00a4nde. Die Float X-Schaumstoff-Mittelsohle bietet weiche D\u00c3\u00a4mpfung und hohe Energier\u00c3\u00bcckgabe f\u00c3\u00bcr optimalen Laufkomfort bei jedem Schritt. Das atmungsaktive Mesh-Obermaterial sorgt f\u00c3\u00bcr ein angenehm k\u00c3\u00bchles Tragegef\u00c3\u00bchl, w\u00c3\u00a4hrend die TPU-Overlays Halt und Strapazierf\u00c3\u00a4higkeit bieten. Mit dem HOKA Skyline Float X &#8218;Triple Black&#8216; bezwingst du jeden Trail souver\u00c3\u00a4n.<\/p>\n<ul>\n<li><strong>Farbgebung:<\/strong> Schwarz\/Schwarz<\/li>\n<li><strong>Style-Code:<\/strong> 1141610-BBLC<\/li>\n<li><strong>Obermaterial:<\/strong> Mesh<\/li>\n<li><strong>Zwischensohle:<\/strong> EVA<\/li>\n<li><strong>Farbe:<\/strong> Schwarz<\/li>\n<li><strong>Erscheinungsjahr:<\/strong> 2023<\/li>\n<\/ul>\n","protected":false},"excerpt":{"rendered":"<p>Entfessle dein Trailrunning-Talent mit dem HOKA Skyline Float X &#8218;Triple Black&#8216; 1141610\u00e2\u20ac\u2018BBLC. Dieser Schuh wurde f\u00c3\u00bcr anspruchsvolle Abenteuer entwickelt und verf\u00c3\u00bcgt \u00c3\u00bcber eine Vibram\u00c2\u00ae Megagrip-Au\u00c3\u0178ensohle f\u00c3\u00bcr au\u00c3\u0178ergew\u00c3\u00b6hnlichen Grip auf unebenem Gel\u00c3\u00a4nde. Die Float X-Schaumstoff-Mittelsohle bietet weiche D\u00c3\u00a4mpfung und hohe Energier\u00c3\u00bcckgabe f\u00c3\u00bcr optimalen Laufkomfort bei jedem Schritt. Das atmungsaktive Mesh-Obermaterial sorgt f\u00c3\u00bcr ein angenehm k\u00c3\u00bchles Tragegef\u00c3\u00bchl, [&hellip;]<\/p>\n","protected":false},"featured_media":192037,"comment_status":"open","ping_status":"closed","template":"","meta":[],"product_brand":[],"product_cat":[15011],"product_tag":[10754,15998,10772,10764,10781,10770],"class_list":{"0":"post-192036","1":"product","2":"type-product","3":"status-publish","4":"has-post-thumbnail","6":"product_cat-hoka","7":"product_tag-gift-for-him","8":"product_tag-hoka","9":"product_tag-max-cushion-cushioned-running-shoes","10":"product_tag-performance-sport-shoes","11":"product_tag-running-shoes","12":"product_tag-under-retail","13":"wcpa_has_options","15":"first","16":"instock","17":"taxable","18":"shipping-taxable","19":"purchasable","20":"product-type-simple"},"wcpa_form_fields":{"rules":{"pric_overide_base_price":false,"pric_overide_base_price_if_gt_zero":false,"pric_overide_base_price_fully":false,"pric_cal_option_once":false,"pric_use_as_fee":false,"bind_quantity":false,"quantity_bind_formula":false},"fields":[{"type":"color-group","required":true,"elementId":"wcpa-color-group-69a5afd8a7cca","label":"Gr\u00f6\u00dfe","inline":true,"priceOptions":"different_for_all","pricingType":"fixed","className":"hassizechart product-shoes-size-eu product-shoes-size","name":"color-group-69a5afd8a7cd3","disp_type":"square","selection_type":"tick-border","disp_size":"50","show_label_inside":true,"adjust_width":true,"cart_display_type":"text","other_text":"Other","cl_rule":"show","col":6,"values":[{"label":"35 1\/3","value":"EU 35 1\/3","price":"","pimage":"","pimage_id":"","pthumb":"","color":""},{"label":"36","value":"EU 36","price":"","pimage":"","pimage_id":"","pthumb":"","color":""},{"label":"36 2\/3","value":"EU 36 2\/3","price":"","pimage":"","pimage_id":"","pthumb":"","color":""},{"label":"37 1\/3","value":"EU 37 1\/3","price":"","pimage":"","pimage_id":"","pthumb":"","color":"","selected":true},{"label":"38","value":"EU 38","price":"","pimage":"","pimage_id":"","pthumb":"","color":""},{"label":"38 2\/3","value":"EU 38 2\/3","price":"","pimage":"","pimage_id":"","pthumb":"","color":""},{"label":"39 1\/3","value":"EU 39 1\/3","price":"","pimage":"","pimage_id":"","pthumb":"","color":""},{"label":"39.5","value":"EU 39.5","price":"","pimage":"","pimage_id":"","pthumb":"","color":""},{"label":"40","value":"EU 40","price":"","pimage":"","pimage_id":"","pthumb":"","color":""},{"label":"40 2\/3","value":"EU 40  2\/3","price":"","pimage":"","pimage_id":"","pthumb":"","color":""},{"label":" 41 1\/3","value":"EU 41.5","price":"","pimage":"","pimage_id":"","pthumb":"","color":""},{"label":"42","value":"EU 42","price":"","pimage":"","pimage_id":"","pthumb":"","color":""},{"label":"42 2\/3","value":"EU 42 2\/3","price":"","pimage":"","pimage_id":"","pthumb":"","color":""},{"label":"43 1\/3","value":"EU 43 1\/3","price":"","pimage":"","pimage_id":"","pthumb":"","color":""},{"label":"44","value":"EU 44","price":"","pimage":"","pimage_id":"","pthumb":"","color":""},{"label":"44 2\/3","value":"EU 44 2\/3","price":"","pimage":"","pimage_id":"","pthumb":"","color":""},{"label":"45 1\/3","value":"EU 45 1\/3","price":"","pimage":"","pimage_id":"","pthumb":"","color":""}],"relations":[{"operator":false,"rules":[]}],"form_id":184317,"form_rules":{"pric_cal_option_once":false,"exclude_from_discount":false,"pric_use_as_fee":false,"fee_label":"Fee","render_after_acb":false,"disp_hide_options_price":false}}]},"_links":{"self":[{"href":"https:\/\/moroen.com\/de\/wp-json\/wp\/v2\/product\/192036","targetHints":{"allow":["GET"]}}],"collection":[{"href":"https:\/\/moroen.com\/de\/wp-json\/wp\/v2\/product"}],"about":[{"href":"https:\/\/moroen.com\/de\/wp-json\/wp\/v2\/types\/product"}],"replies":[{"embeddable":true,"href":"https:\/\/moroen.com\/de\/wp-json\/wp\/v2\/comments?post=192036"}],"wp:featuredmedia":[{"embeddable":true,"href":"https:\/\/moroen.com\/de\/wp-json\/wp\/v2\/media\/192037"}],"wp:attachment":[{"href":"https:\/\/moroen.com\/de\/wp-json\/wp\/v2\/media?parent=192036"}],"wp:term":[{"taxonomy":"product_brand","embeddable":true,"href":"https:\/\/moroen.com\/de\/wp-json\/wp\/v2\/product_brand?post=192036"},{"taxonomy":"product_cat","embeddable":true,"href":"https:\/\/moroen.com\/de\/wp-json\/wp\/v2\/product_cat?post=192036"},{"taxonomy":"product_tag","embeddable":true,"href":"https:\/\/moroen.com\/de\/wp-json\/wp\/v2\/product_tag?post=192036"}],"curies":[{"name":"wp","href":"https:\/\/api.w.org\/{rel}","templated":true}]}}