{"id":193875,"date":"2026-04-02T11:20:11","date_gmt":"2026-04-02T04:20:11","guid":{"rendered":"https:\/\/moroen.com\/de\/product\/women-new-balance-fuelcell-supercomp-elite-v4-white-lime-mango"},"modified":"2026-04-02T11:20:11","modified_gmt":"2026-04-02T04:20:11","slug":"women-new-balance-fuelcell-supercomp-elite-v4-white-lime-mango","status":"publish","type":"product","link":"https:\/\/moroen.com\/de\/produkt\/women-new-balance-fuelcell-supercomp-elite-v4-white-lime-mango\/","title":{"rendered":"(Women) New Balance FuelCell SuperComp Elite v4 &#8218;White Lime Mango&#8216;"},"content":{"rendered":"<p>Wir pr\u00c3\u00a4sentieren den New Balance FuelCell SuperComp Elite v4 \u00e2\u20ac\u017eWhite Lime Mango\u00e2\u20ac\u0153: Ein revolution\u00c3\u00a4rer Laufschuh f\u00c3\u00bcr Frauen. Entwickelt f\u00c3\u00bcr H\u00c3\u00b6chstleistungen, bietet dieser Schuh dank des leichten FuelCell-Schaums explosiven Vortrieb und der Carbonfaserplatte maximale Energier\u00c3\u00bcckgabe. Das atmungsaktive Strickobermaterial und die st\u00c3\u00bctzende Mittelfu\u00c3\u0178konstruktion sorgen f\u00c3\u00bcr ein sicheres und reaktionsfreudiges Laufgef\u00c3\u00bchl. Mit seiner auff\u00c3\u00a4lligen Farbgebung in \u00e2\u20ac\u017eWhite Lime Mango\u00e2\u20ac\u0153 ist dieser Schuh nicht nur schnell, sondern auch absolut im Trend. Steigere dein Lauferlebnis mit dem FuelCell SuperComp Elite v4 \u00e2\u20ac\u201c entwickelt, um dich optimal zu unterst\u00c3\u00bctzen.<\/p>\n<ul>\n<li><strong>Farbgebung:<\/strong> Wei\u00c3\u0178\/Bleached Lime Glo\/Hot Mango<\/li>\n<li><strong>Style-Code:<\/strong> WRCELLA4<\/li>\n<li><strong>Obermaterial:<\/strong> FantomFit<\/li>\n<li><strong>Zwischensohle:<\/strong> FuelCell<\/li>\n<li><strong>Farbe:<\/strong> Mehrfarbig<\/li>\n<li><strong>Erscheinungsjahr:<\/strong> 2023<\/li>\n<\/ul>\n","protected":false},"excerpt":{"rendered":"<p>Wir pr\u00c3\u00a4sentieren den New Balance FuelCell SuperComp Elite v4 \u00e2\u20ac\u017eWhite Lime Mango\u00e2\u20ac\u0153: Ein revolution\u00c3\u00a4rer Laufschuh f\u00c3\u00bcr Frauen. Entwickelt f\u00c3\u00bcr H\u00c3\u00b6chstleistungen, bietet dieser Schuh dank des leichten FuelCell-Schaums explosiven Vortrieb und der Carbonfaserplatte maximale Energier\u00c3\u00bcckgabe. Das atmungsaktive Strickobermaterial und die st\u00c3\u00bctzende Mittelfu\u00c3\u0178konstruktion sorgen f\u00c3\u00bcr ein sicheres und reaktionsfreudiges Laufgef\u00c3\u00bchl. Mit seiner auff\u00c3\u00a4lligen Farbgebung in \u00e2\u20ac\u017eWhite Lime [&hellip;]<\/p>\n","protected":false},"featured_media":193876,"comment_status":"open","ping_status":"closed","template":"","meta":[],"product_brand":[],"product_cat":[15007],"product_tag":[11143,10783,11144,10760,10777,10764,10781,10770],"class_list":{"0":"post-193875","1":"product","2":"type-product","3":"status-publish","4":"has-post-thumbnail","6":"product_cat-new-balance-women","7":"product_tag-carbon-plated-running-shoes","8":"product_tag-gift-for-her","9":"product_tag-marathon-long-distance-running-shoes","10":"product_tag-new-balance","11":"product_tag-performance-running-shoes","12":"product_tag-performance-sport-shoes","13":"product_tag-running-shoes","14":"product_tag-under-retail","15":"wcpa_has_options","17":"first","18":"instock","19":"sale","20":"taxable","21":"shipping-taxable","22":"purchasable","23":"product-type-simple"},"wcpa_form_fields":{"rules":{"pric_overide_base_price":false,"pric_overide_base_price_if_gt_zero":false,"pric_overide_base_price_fully":false,"pric_cal_option_once":false,"pric_use_as_fee":false,"bind_quantity":false,"quantity_bind_formula":false},"fields":[{"type":"color-group","required":true,"elementId":"wcpa-color-group-66c4a928225d2","label":"Gr\u00f6\u00dfe","inline":true,"priceOptions":"different_for_all","pricingType":"fixed","className":"hassizechart product-shoes-size-eu product-shoes-size","name":"color-group-66c4a928225e2","disp_type":"square","selection_type":"tick-border","disp_size":"50","show_label_inside":true,"adjust_width":true,"cart_display_type":"text","other_text":"Other","cl_rule":"show","col":6,"values":[{"label":"35","value":"EU 35","price":"","pimage":"","pimage_id":"","pthumb":"","color":""},{"label":"36","value":"EU 36","price":"","pimage":"","pimage_id":"","pthumb":"","color":"","selected":true},{"label":"37","value":"EU 37","price":"","pimage":"","pimage_id":"","pthumb":"","color":""},{"label":"37.5","value":"EU 37.5","price":"","pimage":"","pimage_id":"","pthumb":"","color":""},{"label":"38","value":"EU 38","price":"","pimage":"","pimage_id":"","pthumb":"","color":""},{"label":"38.5","value":"EU 38.5","price":"","pimage":"","pimage_id":"","pthumb":"","color":""},{"label":"39","value":"EU 39","price":"","pimage":"","pimage_id":"","pthumb":"","color":""},{"label":"39.5","value":"EU 39.5","price":"","pimage":"","pimage_id":"","pthumb":"","color":""},{"label":"40","value":"EU 40","price":"","pimage":"","pimage_id":"","pthumb":"","color":""},{"label":"40.5","value":"EU 40.5","price":"","pimage":"","pimage_id":"","pthumb":"","color":""},{"label":" 41.5","value":"EU 41.5","price":"","pimage":"","pimage_id":"","pthumb":"","color":""},{"label":"42","value":"EU 42","price":"","pimage":"","pimage_id":"","pthumb":"","color":""},{"label":"42.5","value":"EU 42.5","price":"","pimage":"","pimage_id":"","pthumb":"","color":""},{"label":"43","value":"EU 43","price":"","pimage":"","pimage_id":"","pthumb":"","color":""},{"label":"44","value":"EU 44","price":"","pimage":"","pimage_id":"","pthumb":"","color":""},{"label":"44.5","value":"EU 44.5","price":"","pimage":"","pimage_id":"","pthumb":"","color":""},{"label":"45","value":"EU 45","price":"","pimage":"","pimage_id":"","pthumb":"","color":""},{"label":"45.5","value":"EU 45.5","price":"","pimage":"","pimage_id":"","pthumb":"","color":""},{"label":"46","value":"EU 46","price":"","pimage":"","pimage_id":"","pthumb":"","color":""}],"relations":[{"operator":false,"rules":[]}],"form_id":24803,"form_rules":{"pric_cal_option_once":false,"exclude_from_discount":false,"pric_use_as_fee":false,"fee_label":"Fee","render_after_acb":false,"disp_hide_options_price":false}}]},"_links":{"self":[{"href":"https:\/\/moroen.com\/de\/wp-json\/wp\/v2\/product\/193875","targetHints":{"allow":["GET"]}}],"collection":[{"href":"https:\/\/moroen.com\/de\/wp-json\/wp\/v2\/product"}],"about":[{"href":"https:\/\/moroen.com\/de\/wp-json\/wp\/v2\/types\/product"}],"replies":[{"embeddable":true,"href":"https:\/\/moroen.com\/de\/wp-json\/wp\/v2\/comments?post=193875"}],"wp:featuredmedia":[{"embeddable":true,"href":"https:\/\/moroen.com\/de\/wp-json\/wp\/v2\/media\/193876"}],"wp:attachment":[{"href":"https:\/\/moroen.com\/de\/wp-json\/wp\/v2\/media?parent=193875"}],"wp:term":[{"taxonomy":"product_brand","embeddable":true,"href":"https:\/\/moroen.com\/de\/wp-json\/wp\/v2\/product_brand?post=193875"},{"taxonomy":"product_cat","embeddable":true,"href":"https:\/\/moroen.com\/de\/wp-json\/wp\/v2\/product_cat?post=193875"},{"taxonomy":"product_tag","embeddable":true,"href":"https:\/\/moroen.com\/de\/wp-json\/wp\/v2\/product_tag?post=193875"}],"curies":[{"name":"wp","href":"https:\/\/api.w.org\/{rel}","templated":true}]}}