{"id":193916,"date":"2026-04-02T11:20:13","date_gmt":"2026-04-02T04:20:13","guid":{"rendered":"https:\/\/moroen.com\/de\/product\/women-ugg-classic-mini-platform-boot-chestnut"},"modified":"2026-04-02T11:20:13","modified_gmt":"2026-04-02T04:20:13","slug":"women-ugg-classic-mini-platform-boot-chestnut","status":"publish","type":"product","link":"https:\/\/moroen.com\/de\/produkt\/women-ugg-classic-mini-platform-boot-chestnut\/","title":{"rendered":"(Women) UGG Classic Mini Platform Boot Chestnut"},"content":{"rendered":"<p>Mit dem legend\u00c3\u00a4ren UGG Classic Mini Platform Boot, jetzt mit stylischer Plateausohle, setzen Sie ein modisches Statement. Gefertigt aus hochwertigem kastanienbraunem Wildleder, halten diese kuscheligen Stiefel Ihre F\u00c3\u00bc\u00c3\u0178e warm und komfortabel. Das weiche Wollfutter bietet unvergleichliche W\u00c3\u00a4rmeisolation, w\u00c3\u00a4hrend die strapazierf\u00c3\u00a4hige Gummisohle f\u00c3\u00bcr hervorragende Traktion sorgt. Perfekt f\u00c3\u00bcr alle, die Wert auf Mode und Komfort legen \u00e2\u20ac\u201c diese UGG Boots sind ein Must-have f\u00c3\u00bcr jede Wintergarderobe. Verleihen Sie Ihrem Alltagslook mit dem zeitlosen Charme des UGG Classic Mini Platform Boot ein Upgrade.<\/p>\n<ul>\n<li><strong>Farbe:<\/strong> Kastanienbraun<\/li>\n<li><strong>Artikelnummer:<\/strong> 1134991-CHE<\/li>\n<li><strong>Obermaterial:<\/strong> Wildleder<\/li>\n<li><strong>Zwischensohle:<\/strong> EVA<\/li>\n<li><strong>Farbe:<\/strong> Braun<\/li>\n<li><strong>Erscheinungsjahr:<\/strong> 2020<\/li>\n<\/ul>\n","protected":false},"excerpt":{"rendered":"<p>Mit dem legend\u00c3\u00a4ren UGG Classic Mini Platform Boot, jetzt mit stylischer Plateausohle, setzen Sie ein modisches Statement. Gefertigt aus hochwertigem kastanienbraunem Wildleder, halten diese kuscheligen Stiefel Ihre F\u00c3\u00bc\u00c3\u0178e warm und komfortabel. Das weiche Wollfutter bietet unvergleichliche W\u00c3\u00a4rmeisolation, w\u00c3\u00a4hrend die strapazierf\u00c3\u00a4hige Gummisohle f\u00c3\u00bcr hervorragende Traktion sorgt. Perfekt f\u00c3\u00bcr alle, die Wert auf Mode und Komfort legen [&hellip;]<\/p>\n","protected":false},"featured_media":193917,"comment_status":"open","ping_status":"closed","template":"","meta":[],"product_brand":[],"product_cat":[15010],"product_tag":[17665,10783,11463,10756,15318,15097,15181,10770],"class_list":{"0":"post-193916","1":"product","2":"type-product","3":"status-publish","4":"has-post-thumbnail","6":"product_cat-ugg-women","7":"product_tag-boots-platform-boots","8":"product_tag-gift-for-her","9":"product_tag-lifestyle-boots","10":"product_tag-lifestyle-casual-shoes","11":"product_tag-shearling-boots","12":"product_tag-ugg","13":"product_tag-ugg-collection","14":"product_tag-under-retail","15":"wcpa_has_options","17":"first","18":"instock","19":"sale","20":"taxable","21":"shipping-taxable","22":"purchasable","23":"product-type-simple"},"wcpa_form_fields":{"rules":{"pric_overide_base_price":false,"pric_overide_base_price_if_gt_zero":false,"pric_overide_base_price_fully":false,"pric_cal_option_once":false,"pric_use_as_fee":false,"bind_quantity":false,"quantity_bind_formula":false},"fields":[{"type":"color-group","required":true,"elementId":"wcpa-color-group-69a5ae7a28b88","label":"Gr\u00f6\u00dfe","inline":true,"priceOptions":"different_for_all","pricingType":"fixed","className":"hassizechart product-shoes-size-eu product-shoes-size","name":"color-group-69a5ae7a28b91","disp_type":"square","selection_type":"tick-border","disp_size":"50","show_label_inside":true,"adjust_width":true,"cart_display_type":"text","other_text":"Other","cl_rule":"show","col":6,"values":[{"label":"34.5","value":"EU 34.5","price":"","pimage":"","pimage_id":"","pthumb":"","color":""},{"label":"35","value":"EU 35","price":"","pimage":"","pimage_id":"","pthumb":"","color":""},{"label":"35.5","value":"EU 35.5","price":"","pimage":"","pimage_id":"","pthumb":"","color":""},{"label":"36","value":"EU 36","price":"","pimage":"","pimage_id":"","pthumb":"","color":"","selected":true},{"label":"37","value":"EU 37","price":"","pimage":"","pimage_id":"","pthumb":"","color":""},{"label":"37.5","value":"EU 37.5","price":"","pimage":"","pimage_id":"","pthumb":"","color":""},{"label":"38","value":"EU 38","price":"","pimage":"","pimage_id":"","pthumb":"","color":""},{"label":"38.5","value":"EU 38.5","price":"","pimage":"","pimage_id":"","pthumb":"","color":""},{"label":"39","value":"EU 39","price":"","pimage":"","pimage_id":"","pthumb":"","color":""},{"label":"39.5","value":"EU 39.5","price":"","pimage":"","pimage_id":"","pthumb":"","color":""},{"label":"40","value":"EU 40","price":"","pimage":"","pimage_id":"","pthumb":"","color":""},{"label":"40.5","value":"EU 40.5","price":"","pimage":"","pimage_id":"","pthumb":"","color":""},{"label":" 41.5","value":"EU 41.5","price":"","pimage":"","pimage_id":"","pthumb":"","color":""},{"label":"42","value":"EU 42","price":"","pimage":"","pimage_id":"","pthumb":"","color":""},{"label":"42.5","value":"EU 42.5","price":"","pimage":"","pimage_id":"","pthumb":"","color":""},{"label":"43","value":"EU 43","price":"","pimage":"","pimage_id":"","pthumb":"","color":""},{"label":"44","value":"EU 44","price":"","pimage":"","pimage_id":"","pthumb":"","color":""},{"label":"45","value":"EU 45","price":"","pimage":"","pimage_id":"","pthumb":"","color":""},{"label":"48","value":"EU 48","price":"","pimage":"","pimage_id":"","pthumb":"","color":""}],"relations":[{"operator":false,"rules":[]}],"form_id":184315,"form_rules":{"pric_cal_option_once":false,"exclude_from_discount":false,"pric_use_as_fee":false,"fee_label":"Fee","render_after_acb":false,"disp_hide_options_price":false}}]},"_links":{"self":[{"href":"https:\/\/moroen.com\/de\/wp-json\/wp\/v2\/product\/193916","targetHints":{"allow":["GET"]}}],"collection":[{"href":"https:\/\/moroen.com\/de\/wp-json\/wp\/v2\/product"}],"about":[{"href":"https:\/\/moroen.com\/de\/wp-json\/wp\/v2\/types\/product"}],"replies":[{"embeddable":true,"href":"https:\/\/moroen.com\/de\/wp-json\/wp\/v2\/comments?post=193916"}],"wp:featuredmedia":[{"embeddable":true,"href":"https:\/\/moroen.com\/de\/wp-json\/wp\/v2\/media\/193917"}],"wp:attachment":[{"href":"https:\/\/moroen.com\/de\/wp-json\/wp\/v2\/media?parent=193916"}],"wp:term":[{"taxonomy":"product_brand","embeddable":true,"href":"https:\/\/moroen.com\/de\/wp-json\/wp\/v2\/product_brand?post=193916"},{"taxonomy":"product_cat","embeddable":true,"href":"https:\/\/moroen.com\/de\/wp-json\/wp\/v2\/product_cat?post=193916"},{"taxonomy":"product_tag","embeddable":true,"href":"https:\/\/moroen.com\/de\/wp-json\/wp\/v2\/product_tag?post=193916"}],"curies":[{"name":"wp","href":"https:\/\/api.w.org\/{rel}","templated":true}]}}