{"id":197319,"date":"2026-04-02T11:22:17","date_gmt":"2026-04-02T04:22:17","guid":{"rendered":"https:\/\/moroen.com\/de\/product\/zion-williamson-x-air-jordan-air-200e-noah"},"modified":"2026-04-02T11:22:17","modified_gmt":"2026-04-02T04:22:17","slug":"zion-williamson-x-air-jordan-air-200e-noah","status":"publish","type":"product","link":"https:\/\/moroen.com\/de\/produkt\/zion-williamson-x-air-jordan-air-200e-noah\/","title":{"rendered":"Zion Williamson x Air Jordan Air 200E &#8218;Noah&#8216;"},"content":{"rendered":"<p>Der Zion Williamson x Air Jordan Air 200E \u00e2\u20ac\u017eNoah\u00e2\u20ac\u0153 DX6553-041 vereint Style und Performance. Inspiriert von Zions dynamischer Energie auf dem Court und seinem Bruder Noah, besticht dieser Sneaker durch ein elegantes schwarzes Obermaterial mit leuchtenden, mehrfarbigen Akzenten \u00e2\u20ac\u201c ein echter Hingucker. Dank fortschrittlicher D\u00c3\u00a4mpfung f\u00c3\u00bcr optimalen Tragekomfort und einer strapazierf\u00c3\u00a4higen Au\u00c3\u0178ensohle f\u00c3\u00bcr beste Traktion ist er perfekt f\u00c3\u00bcr sportliche Aktivit\u00c3\u00a4ten und die Freizeit. Bereichern Sie Ihre Schuhkollektion mit dieser einzigartigen Kollaboration, die Funktionalit\u00c3\u00a4t und Mode nahtlos vereint.<\/p>\n<ul>\n<li><strong>Farbgebung:<\/strong> Schwarz\/Wei\u00c3\u0178\/Green Strike\/Blue Hero<\/li>\n<li><strong>Artikelnummer:<\/strong> DX6553-041<\/li>\n<li><strong>Obermaterial:<\/strong> Synthetik<\/li>\n<li><strong>Zwischensohle:<\/strong> Air<\/li>\n<li><strong>Farbe:<\/strong> Schwarz<\/li>\n<li><strong>Erscheinungsjahr:<\/strong> 2022<\/li>\n<\/ul>\n","protected":false},"excerpt":{"rendered":"<p>Der Zion Williamson x Air Jordan Air 200E \u00e2\u20ac\u017eNoah\u00e2\u20ac\u0153 DX6553-041 vereint Style und Performance. Inspiriert von Zions dynamischer Energie auf dem Court und seinem Bruder Noah, besticht dieser Sneaker durch ein elegantes schwarzes Obermaterial mit leuchtenden, mehrfarbigen Akzenten \u00e2\u20ac\u201c ein echter Hingucker. Dank fortschrittlicher D\u00c3\u00a4mpfung f\u00c3\u00bcr optimalen Tragekomfort und einer strapazierf\u00c3\u00a4higen Au\u00c3\u0178ensohle f\u00c3\u00bcr beste Traktion [&hellip;]<\/p>\n","protected":false},"featured_media":197320,"comment_status":"open","ping_status":"closed","template":"","meta":[],"product_brand":[],"product_cat":[10825],"product_tag":[10750,10751,10754,10819,10820,10821,10756,10814,10858,10770,14192],"class_list":{"0":"post-197319","1":"product","2":"type-product","3":"status-publish","4":"has-post-thumbnail","6":"product_cat-jordan","7":"product_tag-athleisure-shoes","8":"product_tag-basketball-shoes","9":"product_tag-gift-for-him","10":"product_tag-jordan","11":"product_tag-jordan-basketball-shoes","12":"product_tag-jordan-skateboarding-shoes","13":"product_tag-lifestyle-casual-shoes","14":"product_tag-lifestyle-shoes-basketball-inspired","15":"product_tag-retro-casual-shoes","16":"product_tag-under-retail","17":"product_tag-zion-williamson","18":"wcpa_has_options","20":"first","21":"instock","22":"sale","23":"taxable","24":"shipping-taxable","25":"purchasable","26":"product-type-simple"},"wcpa_form_fields":{"rules":{"pric_overide_base_price":false,"pric_overide_base_price_if_gt_zero":false,"pric_overide_base_price_fully":false,"pric_cal_option_once":false,"pric_use_as_fee":false,"bind_quantity":false,"quantity_bind_formula":false},"fields":[{"type":"color-group","required":true,"elementId":"wcpa-color-group-66c4a75505e74","label":"Gr\u00f6\u00dfe - EU Gr\u00f6\u00dfe","inline":true,"priceOptions":"different_for_all","pricingType":"fixed","className":"hassizechart product-shoes-size-eu product-shoes-size","name":"color-group-66c4a75505e89","disp_type":"square","selection_type":"tick-border","disp_size":"44","show_label_inside":true,"adjust_width":true,"cart_display_type":"text","other_text":"Other","cl_rule":"show","col":6,"values":[{"label":"35.5","value":"EU 35.5","price":"","pimage":"","pimage_id":"","pthumb":"","color":""},{"label":"36","value":"EU 36","price":"","pimage":"","pimage_id":"","pthumb":"","color":"","selected":true},{"label":"36.5","value":"EU 36.5","price":"","pimage":"","pimage_id":"","pthumb":"","color":""},{"label":"37.5","value":"EU 37.5","price":"","pimage":"","pimage_id":"","pthumb":"","color":""},{"label":"38","value":"EU 38","price":"","pimage":"","pimage_id":"","pthumb":"","color":""},{"label":"38.5","value":"EU 38.5","price":"","pimage":"","pimage_id":"","pthumb":"","color":""},{"label":"39","value":"EU 39","price":"","pimage":"","pimage_id":"","pthumb":"","color":""},{"label":"40","value":"EU 40","price":"","pimage":"","pimage_id":"","pthumb":"","color":""},{"label":"40.5","value":"EU 40.5","price":"","pimage":"","pimage_id":"","pthumb":"","color":""},{"label":"41","value":"EU 41","price":"","pimage":"","pimage_id":"","pthumb":"","color":""},{"label":"42","value":"EU 42","price":"","pimage":"","pimage_id":"","pthumb":"","color":""},{"label":"42.5","value":"EU 42.5","price":"","pimage":"","pimage_id":"","pthumb":"","color":""},{"label":"43","value":"EU 43","price":"","pimage":"","pimage_id":"","pthumb":"","color":""},{"label":"44","value":"EU 44","price":"","pimage":"","pimage_id":"","pthumb":"","color":""},{"label":"44.5","value":"EU 44.5","price":"","pimage":"","pimage_id":"","pthumb":"","color":""},{"label":"45","value":"EU 45","price":"","pimage":"","pimage_id":"","pthumb":"","color":""},{"label":"45.5","value":"EU 45.5","price":"","pimage":"","pimage_id":"","pthumb":"","color":""},{"label":"46","value":"EU 46","price":"","pimage":"","pimage_id":"","pthumb":"","color":""},{"label":"47","value":"EU 47","price":"","pimage":"","pimage_id":"","pthumb":"","color":""},{"label":"47.5","value":"EU 47.5","price":"","pimage":"","pimage_id":"","pthumb":"","color":""},{"label":"48","value":"EU 48","price":"","pimage":"","pimage_id":"","pthumb":"","color":""}],"relations":[{"operator":false,"rules":[]}],"form_id":18106,"form_rules":{"pric_cal_option_once":false,"exclude_from_discount":false,"pric_use_as_fee":false,"fee_label":"Fee","render_after_acb":false,"disp_hide_options_price":false}}]},"_links":{"self":[{"href":"https:\/\/moroen.com\/de\/wp-json\/wp\/v2\/product\/197319","targetHints":{"allow":["GET"]}}],"collection":[{"href":"https:\/\/moroen.com\/de\/wp-json\/wp\/v2\/product"}],"about":[{"href":"https:\/\/moroen.com\/de\/wp-json\/wp\/v2\/types\/product"}],"replies":[{"embeddable":true,"href":"https:\/\/moroen.com\/de\/wp-json\/wp\/v2\/comments?post=197319"}],"wp:featuredmedia":[{"embeddable":true,"href":"https:\/\/moroen.com\/de\/wp-json\/wp\/v2\/media\/197320"}],"wp:attachment":[{"href":"https:\/\/moroen.com\/de\/wp-json\/wp\/v2\/media?parent=197319"}],"wp:term":[{"taxonomy":"product_brand","embeddable":true,"href":"https:\/\/moroen.com\/de\/wp-json\/wp\/v2\/product_brand?post=197319"},{"taxonomy":"product_cat","embeddable":true,"href":"https:\/\/moroen.com\/de\/wp-json\/wp\/v2\/product_cat?post=197319"},{"taxonomy":"product_tag","embeddable":true,"href":"https:\/\/moroen.com\/de\/wp-json\/wp\/v2\/product_tag?post=197319"}],"curies":[{"name":"wp","href":"https:\/\/api.w.org\/{rel}","templated":true}]}}