{"id":285385,"date":"2026-04-20T01:22:11","date_gmt":"2026-04-19T18:22:11","guid":{"rendered":"https:\/\/moroen.com\/de\/?p=285385"},"modified":"2026-04-20T01:22:11","modified_gmt":"2026-04-19T18:22:11","slug":"nike-air-zoom-alphafly-next-3-gridiron-fd8311-101","status":"publish","type":"product","link":"https:\/\/moroen.com\/de\/produkt\/nike-air-zoom-alphafly-next-3-gridiron-fd8311-101\/","title":{"rendered":"Nike Air Zoom Alphafly NEXT% 3 \u201eGridiron\u201c FD8311-101"},"content":{"rendered":"<p>Verbessern Sie Ihr Lauferlebnis mit dem Nike Air Zoom Alphafly NEXT% 3 \u201eGridiron\u201c FD8311-101. Dieser hochmoderne Laufschuh wurde f\u00fcr Geschwindigkeit und Leistung entwickelt und verf\u00fcgt \u00fcber einen revolution\u00e4ren ZoomX-Schaum und eine durchgehende Carbonplatte f\u00fcr beispiellose Energier\u00fcckgabe und Vortrieb. Das stromlinienf\u00f6rmige Design bietet hervorragende Atmungsaktivit\u00e4t und einen sicheren Sitz und macht es perfekt f\u00fcr Elite-L\u00e4ufer, die auf der Suche nach pers\u00f6nlichen Bestleistungen sind. Der Alphafly NEXT% 3 ist weltweit f\u00fcr seine Innovation bekannt und die ultimative Wahl<\/p>\n<ul>\n<li><strong>Farbgebung:<\/strong> White\/Gridiron\/Pure Platinum<\/li>\n<li><strong>Stilcode:<\/strong> FD8311-101<\/li>\n<li><strong>Obermaterial:<\/strong> Atomknit<\/li>\n<li><strong>Mittelsohle:<\/strong> Zoom X<\/li>\n<li><strong>Farbe:<\/strong> White<\/li>\n<li><strong>Saison:<\/strong> Spring<\/li>\n<li><strong>Erscheinungsjahr:<\/strong> 2025<\/li>\n<\/ul>\n","protected":false},"excerpt":{"rendered":"<p>Verbessern Sie Ihr Lauferlebnis mit dem Nike Air Zoom Alphafly NEXT% 3 \u201eGridiron\u201c FD8311-101. Dieser hochmoderne Laufschuh wurde f\u00fcr Geschwindigkeit und Leistung entwickelt und verf\u00fcgt \u00fcber einen revolution\u00e4ren ZoomX-Schaum und eine durchgehende Carbonplatte f\u00fcr beispiellose Energier\u00fcckgabe und Vortrieb. Das stromlinienf\u00f6rmige Design bietet hervorragende Atmungsaktivit\u00e4t und einen sicheren Sitz und macht es perfekt f\u00fcr Elite-L\u00e4ufer, die [&hellip;]<\/p>\n","protected":false},"featured_media":285557,"comment_status":"closed","ping_status":"closed","template":"","meta":[],"product_brand":[],"product_cat":[10773],"product_tag":[12579,12578,12564,10762,12563,18411],"class_list":{"0":"post-285385","1":"product","2":"type-product","3":"status-publish","4":"has-post-thumbnail","6":"product_cat-nike","7":"product_tag-basketballschuhe","8":"product_tag-basketballschuhe-mit-kna-cheluntersta-tzung","9":"product_tag-laufschuhe","10":"product_tag-nike","11":"product_tag-performance-sportschuhe","12":"product_tag-unter-dem-regulaeren-preis","14":"first","15":"instock","16":"taxable","17":"shipping-taxable","18":"purchasable","19":"product-type-simple"},"wcpa_form_fields":null,"_links":{"self":[{"href":"https:\/\/moroen.com\/de\/wp-json\/wp\/v2\/product\/285385","targetHints":{"allow":["GET"]}}],"collection":[{"href":"https:\/\/moroen.com\/de\/wp-json\/wp\/v2\/product"}],"about":[{"href":"https:\/\/moroen.com\/de\/wp-json\/wp\/v2\/types\/product"}],"replies":[{"embeddable":true,"href":"https:\/\/moroen.com\/de\/wp-json\/wp\/v2\/comments?post=285385"}],"wp:featuredmedia":[{"embeddable":true,"href":"https:\/\/moroen.com\/de\/wp-json\/wp\/v2\/media\/285557"}],"wp:attachment":[{"href":"https:\/\/moroen.com\/de\/wp-json\/wp\/v2\/media?parent=285385"}],"wp:term":[{"taxonomy":"product_brand","embeddable":true,"href":"https:\/\/moroen.com\/de\/wp-json\/wp\/v2\/product_brand?post=285385"},{"taxonomy":"product_cat","embeddable":true,"href":"https:\/\/moroen.com\/de\/wp-json\/wp\/v2\/product_cat?post=285385"},{"taxonomy":"product_tag","embeddable":true,"href":"https:\/\/moroen.com\/de\/wp-json\/wp\/v2\/product_tag?post=285385"}],"curies":[{"name":"wp","href":"https:\/\/api.w.org\/{rel}","templated":true}]}}