{"id":286930,"date":"2026-04-20T01:22:11","date_gmt":"2026-04-19T18:22:11","guid":{"rendered":"https:\/\/moroen.com\/de\/?p=286930"},"modified":"2026-04-20T01:22:11","modified_gmt":"2026-04-19T18:22:11","slug":"adidas-yeezy-boost-700-v2-static-ef2829","status":"publish","type":"product","link":"https:\/\/moroen.com\/de\/produkt\/adidas-yeezy-boost-700-v2-static-ef2829\/","title":{"rendered":"adidas Yeezy Boost 700 V2 \u201eStatic\u201c EF2829"},"content":{"rendered":"<p>Der adidas Yeezy Boost 700 V2 Static ist ein sehr gefragter Sneaker von adidas. Dieser Schuh ist f\u00fcr sein stilvolles und modernes Design bekannt und verf\u00fcgt \u00fcber eine elegante graue Farbgebung, die Ihrem Outfit einen Hauch von Raffinesse verleiht. Mit seiner legend\u00e4ren Boost-Technologie k\u00f6nnen Sie au\u00dfergew\u00f6hnlichen Komfort und Halt erwarten. Treten Sie mit dem adidas Yeezy Boost 700 V2 Static stilvoll hervor.<\/p>\n<ul>\n<li><strong>Farbgebung:<\/strong> Static\/Static\/Static<\/li>\n<li><strong>Stilcode:<\/strong> EF2829<\/li>\n<li><strong>Obermaterial:<\/strong> Mesh<\/li>\n<li><strong>Mittelsohle:<\/strong> Boost<\/li>\n<li><strong>Farbe:<\/strong> Grey<\/li>\n<li><strong>Designer:<\/strong> Kanye West<\/li>\n<li><strong>Saison:<\/strong> Winter<\/li>\n<li><strong>Erscheinungsjahr:<\/strong> 2018<\/li>\n<\/ul>\n","protected":false},"excerpt":{"rendered":"<p>Der adidas Yeezy Boost 700 V2 Static ist ein sehr gefragter Sneaker von adidas. Dieser Schuh ist f\u00fcr sein stilvolles und modernes Design bekannt und verf\u00fcgt \u00fcber eine elegante graue Farbgebung, die Ihrem Outfit einen Hauch von Raffinesse verleiht. Mit seiner legend\u00e4ren Boost-Technologie k\u00f6nnen Sie au\u00dfergew\u00f6hnlichen Komfort und Halt erwarten. Treten Sie mit dem adidas [&hellip;]<\/p>\n","protected":false},"featured_media":287144,"comment_status":"closed","ping_status":"closed","template":"","meta":[],"product_brand":[],"product_cat":[10791],"product_tag":[10789,10750,18431,10756,10758,10763,18411],"class_list":{"0":"post-286930","1":"product","2":"type-product","3":"status-publish","4":"has-post-thumbnail","6":"product_cat-adidas","7":"product_tag-adidas","8":"product_tag-athleisure-shoes","9":"product_tag-geschenkidee-fuer-ihn","10":"product_tag-lifestyle-casual-shoes","11":"product_tag-lifestyle-shoes-running-inspired","12":"product_tag-retro-running-shoes","13":"product_tag-unter-dem-regulaeren-preis","15":"first","16":"instock","17":"taxable","18":"shipping-taxable","19":"purchasable","20":"product-type-simple"},"wcpa_form_fields":null,"_links":{"self":[{"href":"https:\/\/moroen.com\/de\/wp-json\/wp\/v2\/product\/286930","targetHints":{"allow":["GET"]}}],"collection":[{"href":"https:\/\/moroen.com\/de\/wp-json\/wp\/v2\/product"}],"about":[{"href":"https:\/\/moroen.com\/de\/wp-json\/wp\/v2\/types\/product"}],"replies":[{"embeddable":true,"href":"https:\/\/moroen.com\/de\/wp-json\/wp\/v2\/comments?post=286930"}],"wp:featuredmedia":[{"embeddable":true,"href":"https:\/\/moroen.com\/de\/wp-json\/wp\/v2\/media\/287144"}],"wp:attachment":[{"href":"https:\/\/moroen.com\/de\/wp-json\/wp\/v2\/media?parent=286930"}],"wp:term":[{"taxonomy":"product_brand","embeddable":true,"href":"https:\/\/moroen.com\/de\/wp-json\/wp\/v2\/product_brand?post=286930"},{"taxonomy":"product_cat","embeddable":true,"href":"https:\/\/moroen.com\/de\/wp-json\/wp\/v2\/product_cat?post=286930"},{"taxonomy":"product_tag","embeddable":true,"href":"https:\/\/moroen.com\/de\/wp-json\/wp\/v2\/product_tag?post=286930"}],"curies":[{"name":"wp","href":"https:\/\/api.w.org\/{rel}","templated":true}]}}