{"id":286958,"date":"2026-04-20T01:22:11","date_gmt":"2026-04-19T18:22:11","guid":{"rendered":"https:\/\/moroen.com\/de\/?p=286958"},"modified":"2026-04-20T01:22:11","modified_gmt":"2026-04-19T18:22:11","slug":"nike-zoomx-vaporfly-next-4-proto-hf6413-100","status":"publish","type":"product","link":"https:\/\/moroen.com\/de\/produkt\/nike-zoomx-vaporfly-next-4-proto-hf6413-100\/","title":{"rendered":"Nike ZoomX VaporFly Next% 4 \u201eProto\u201c HF6413-100"},"content":{"rendered":"<p>Verbessern Sie Ihr Lauferlebnis mit dem Nike ZoomX VaporFly Next% 4 \u201eProto\u201c HF6413-100. Dieser Elite-Rennschuh wurde f\u00fcr Wettkampfl\u00e4ufer entwickelt, die pers\u00f6nliche Rekorde brechen m\u00f6chten, und verk\u00f6rpert modernste Technologie. Ausgestattet mit dem \u00e4u\u00dferst reaktionsfreudigen ZoomX-Schaumstoff f\u00fcr beispiellose Energier\u00fcckgabe und einer durchgehenden Carbonfaserplatte f\u00fcr optimalen Vortrieb kombiniert er leichte Atmungsaktivit\u00e4t mit hervorragender Unterst\u00fctzung. Das \u201eProto\u201c-Design gew\u00e4hrleistet sowohl Stil als auch Leistung und erm\u00f6glicht Sportlern auf der ganzen Welt, voranzukommen. Verwandeln Sie Ihren Lauf mit diesem globalen Kraftpaket<\/p>\n<ul>\n<li><strong>Farbgebung:<\/strong> Sail\/Total Orange-White-Black<\/li>\n<li><strong>Stilcode:<\/strong> HF6413-100<\/li>\n<li><strong>Obermaterial:<\/strong> Knit<\/li>\n<li><strong>Mittelsohle:<\/strong> Zoom X<\/li>\n<li><strong>Farbe:<\/strong> Beige<\/li>\n<li><strong>Erscheinungsjahr:<\/strong> 2025<\/li>\n<\/ul>\n","protected":false},"excerpt":{"rendered":"<p>Verbessern Sie Ihr Lauferlebnis mit dem Nike ZoomX VaporFly Next% 4 \u201eProto\u201c HF6413-100. Dieser Elite-Rennschuh wurde f\u00fcr Wettkampfl\u00e4ufer entwickelt, die pers\u00f6nliche Rekorde brechen m\u00f6chten, und verk\u00f6rpert modernste Technologie. Ausgestattet mit dem \u00e4u\u00dferst reaktionsfreudigen ZoomX-Schaumstoff f\u00fcr beispiellose Energier\u00fcckgabe und einer durchgehenden Carbonfaserplatte f\u00fcr optimalen Vortrieb kombiniert er leichte Atmungsaktivit\u00e4t mit hervorragender Unterst\u00fctzung. Das \u201eProto\u201c-Design gew\u00e4hrleistet sowohl [&hellip;]<\/p>\n","protected":false},"featured_media":287343,"comment_status":"closed","ping_status":"closed","template":"","meta":[],"product_brand":[],"product_cat":[10773],"product_tag":[11143,12564,11144,10762,12563,18411],"class_list":{"0":"post-286958","1":"product","2":"type-product","3":"status-publish","4":"has-post-thumbnail","6":"product_cat-nike","7":"product_tag-carbon-plated-running-shoes","8":"product_tag-laufschuhe","9":"product_tag-marathon-long-distance-running-shoes","10":"product_tag-nike","11":"product_tag-performance-sportschuhe","12":"product_tag-unter-dem-regulaeren-preis","13":"wcpa_has_options","15":"first","16":"instock","17":"taxable","18":"shipping-taxable","19":"purchasable","20":"product-type-simple"},"wcpa_form_fields":{"rules":{"pric_overide_base_price":false,"pric_overide_base_price_if_gt_zero":false,"pric_overide_base_price_fully":false,"pric_cal_option_once":false,"pric_use_as_fee":false,"bind_quantity":false,"quantity_bind_formula":false},"fields":[{"type":"color-group","required":true,"elementId":"wcpa-color-group-66c4a75505e74","label":"Gr\u00f6\u00dfe - EU Gr\u00f6\u00dfe","inline":true,"priceOptions":"different_for_all","pricingType":"fixed","className":"hassizechart product-shoes-size-eu product-shoes-size","name":"color-group-66c4a75505e89","disp_type":"square","selection_type":"tick-border","disp_size":"44","show_label_inside":true,"adjust_width":true,"cart_display_type":"text","other_text":"Other","cl_rule":"show","col":6,"values":[{"label":"35.5","value":"EU 35.5","price":"","pimage":"","pimage_id":"","pthumb":"","color":""},{"label":"36","value":"EU 36","price":"","pimage":"","pimage_id":"","pthumb":"","color":"","selected":true},{"label":"36.5","value":"EU 36.5","price":"","pimage":"","pimage_id":"","pthumb":"","color":""},{"label":"37.5","value":"EU 37.5","price":"","pimage":"","pimage_id":"","pthumb":"","color":""},{"label":"38","value":"EU 38","price":"","pimage":"","pimage_id":"","pthumb":"","color":""},{"label":"38.5","value":"EU 38.5","price":"","pimage":"","pimage_id":"","pthumb":"","color":""},{"label":"39","value":"EU 39","price":"","pimage":"","pimage_id":"","pthumb":"","color":""},{"label":"40","value":"EU 40","price":"","pimage":"","pimage_id":"","pthumb":"","color":""},{"label":"40.5","value":"EU 40.5","price":"","pimage":"","pimage_id":"","pthumb":"","color":""},{"label":"41","value":"EU 41","price":"","pimage":"","pimage_id":"","pthumb":"","color":""},{"label":"42","value":"EU 42","price":"","pimage":"","pimage_id":"","pthumb":"","color":""},{"label":"42.5","value":"EU 42.5","price":"","pimage":"","pimage_id":"","pthumb":"","color":""},{"label":"43","value":"EU 43","price":"","pimage":"","pimage_id":"","pthumb":"","color":""},{"label":"44","value":"EU 44","price":"","pimage":"","pimage_id":"","pthumb":"","color":""},{"label":"44.5","value":"EU 44.5","price":"","pimage":"","pimage_id":"","pthumb":"","color":""},{"label":"45","value":"EU 45","price":"","pimage":"","pimage_id":"","pthumb":"","color":""},{"label":"45.5","value":"EU 45.5","price":"","pimage":"","pimage_id":"","pthumb":"","color":""},{"label":"46","value":"EU 46","price":"","pimage":"","pimage_id":"","pthumb":"","color":""},{"label":"47","value":"EU 47","price":"","pimage":"","pimage_id":"","pthumb":"","color":""},{"label":"47.5","value":"EU 47.5","price":"","pimage":"","pimage_id":"","pthumb":"","color":""},{"label":"48","value":"EU 48","price":"","pimage":"","pimage_id":"","pthumb":"","color":""}],"relations":[{"operator":false,"rules":[]}],"form_id":18106,"form_rules":{"pric_cal_option_once":false,"exclude_from_discount":false,"pric_use_as_fee":false,"fee_label":"Fee","render_after_acb":false,"disp_hide_options_price":false}}]},"_links":{"self":[{"href":"https:\/\/moroen.com\/de\/wp-json\/wp\/v2\/product\/286958","targetHints":{"allow":["GET"]}}],"collection":[{"href":"https:\/\/moroen.com\/de\/wp-json\/wp\/v2\/product"}],"about":[{"href":"https:\/\/moroen.com\/de\/wp-json\/wp\/v2\/types\/product"}],"replies":[{"embeddable":true,"href":"https:\/\/moroen.com\/de\/wp-json\/wp\/v2\/comments?post=286958"}],"wp:featuredmedia":[{"embeddable":true,"href":"https:\/\/moroen.com\/de\/wp-json\/wp\/v2\/media\/287343"}],"wp:attachment":[{"href":"https:\/\/moroen.com\/de\/wp-json\/wp\/v2\/media?parent=286958"}],"wp:term":[{"taxonomy":"product_brand","embeddable":true,"href":"https:\/\/moroen.com\/de\/wp-json\/wp\/v2\/product_brand?post=286958"},{"taxonomy":"product_cat","embeddable":true,"href":"https:\/\/moroen.com\/de\/wp-json\/wp\/v2\/product_cat?post=286958"},{"taxonomy":"product_tag","embeddable":true,"href":"https:\/\/moroen.com\/de\/wp-json\/wp\/v2\/product_tag?post=286958"}],"curies":[{"name":"wp","href":"https:\/\/api.w.org\/{rel}","templated":true}]}}