{"id":287767,"date":"2026-04-20T01:22:11","date_gmt":"2026-04-19T18:22:11","guid":{"rendered":"https:\/\/moroen.com\/de\/?p=287767"},"modified":"2026-04-20T01:22:11","modified_gmt":"2026-04-19T18:22:11","slug":"union-la-x-air-jordan-2-rattan-dn3802-200","status":"publish","type":"product","link":"https:\/\/moroen.com\/de\/produkt\/union-la-x-air-jordan-2-rattan-dn3802-200\/","title":{"rendered":"Union LA x Air Jordan 2 \u201eRattan\u201c DN3802-200"},"content":{"rendered":"<p>Wir stellen den Union LA x Air Jordan 2 Rattan vor \u2013 eine \u00e4u\u00dferst begehrte Zusammenarbeit zwischen Union LA und Jordan. Diese Sneaker verf\u00fcgen \u00fcber eine einzigartige Rattan-Farbgebung, die Stil und Komfort vereint. Steigern Sie Ihr Sneaker-Game mit diesem exklusiven Paar, das Mode und Funktionalit\u00e4t m\u00fchelos vereint.<\/p>\n<ul>\n<li><strong>Farbgebung:<\/strong> Rattan\/Siren Red\/Beach\/Orange Peel<\/li>\n<li><strong>Stilcode:<\/strong> DN3802-200<\/li>\n<li><strong>Obermaterial:<\/strong> Suede<\/li>\n<li><strong>Mittelsohle:<\/strong> Air<\/li>\n<li><strong>Farbe:<\/strong> Beige<\/li>\n<li><strong>Designer:<\/strong> Bruce Kilgore<\/li>\n<li><strong>Saison:<\/strong> Spring<\/li>\n<li><strong>Erscheinungsjahr:<\/strong> 2022<\/li>\n<\/ul>\n","protected":false},"excerpt":{"rendered":"<p>Wir stellen den Union LA x Air Jordan 2 Rattan vor \u2013 eine \u00e4u\u00dferst begehrte Zusammenarbeit zwischen Union LA und Jordan. Diese Sneaker verf\u00fcgen \u00fcber eine einzigartige Rattan-Farbgebung, die Stil und Komfort vereint. Steigern Sie Ihr Sneaker-Game mit diesem exklusiven Paar, das Mode und Funktionalit\u00e4t m\u00fchelos vereint. Farbgebung: Rattan\/Siren Red\/Beach\/Orange Peel Stilcode: DN3802-200 Obermaterial: Suede [&hellip;]<\/p>\n","protected":false},"featured_media":288047,"comment_status":"closed","ping_status":"closed","template":"","meta":[],"product_brand":[],"product_cat":[10825],"product_tag":[10750,18431,10819,10820,10821,10756,10814,10858,18411],"class_list":{"0":"post-287767","1":"product","2":"type-product","3":"status-publish","4":"has-post-thumbnail","6":"product_cat-jordan","7":"product_tag-athleisure-shoes","8":"product_tag-geschenkidee-fuer-ihn","9":"product_tag-jordan","10":"product_tag-jordan-basketball-shoes","11":"product_tag-jordan-skateboarding-shoes","12":"product_tag-lifestyle-casual-shoes","13":"product_tag-lifestyle-shoes-basketball-inspired","14":"product_tag-retro-casual-shoes","15":"product_tag-unter-dem-regulaeren-preis","17":"first","18":"instock","19":"taxable","20":"shipping-taxable","21":"purchasable","22":"product-type-simple"},"wcpa_form_fields":null,"_links":{"self":[{"href":"https:\/\/moroen.com\/de\/wp-json\/wp\/v2\/product\/287767","targetHints":{"allow":["GET"]}}],"collection":[{"href":"https:\/\/moroen.com\/de\/wp-json\/wp\/v2\/product"}],"about":[{"href":"https:\/\/moroen.com\/de\/wp-json\/wp\/v2\/types\/product"}],"replies":[{"embeddable":true,"href":"https:\/\/moroen.com\/de\/wp-json\/wp\/v2\/comments?post=287767"}],"wp:featuredmedia":[{"embeddable":true,"href":"https:\/\/moroen.com\/de\/wp-json\/wp\/v2\/media\/288047"}],"wp:attachment":[{"href":"https:\/\/moroen.com\/de\/wp-json\/wp\/v2\/media?parent=287767"}],"wp:term":[{"taxonomy":"product_brand","embeddable":true,"href":"https:\/\/moroen.com\/de\/wp-json\/wp\/v2\/product_brand?post=287767"},{"taxonomy":"product_cat","embeddable":true,"href":"https:\/\/moroen.com\/de\/wp-json\/wp\/v2\/product_cat?post=287767"},{"taxonomy":"product_tag","embeddable":true,"href":"https:\/\/moroen.com\/de\/wp-json\/wp\/v2\/product_tag?post=287767"}],"curies":[{"name":"wp","href":"https:\/\/api.w.org\/{rel}","templated":true}]}}