{"id":289426,"date":"2026-04-20T01:22:11","date_gmt":"2026-04-19T18:22:11","guid":{"rendered":"https:\/\/moroen.com\/de\/?p=289426"},"modified":"2026-04-20T01:22:11","modified_gmt":"2026-04-19T18:22:11","slug":"nike-sb-dunk-low-what-the-dunk-318403-141","status":"publish","type":"product","link":"https:\/\/moroen.com\/de\/produkt\/nike-sb-dunk-low-what-the-dunk-318403-141\/","title":{"rendered":"Nike SB Dunk Low \u201eWhat The Dunk\u201c 318403-141"},"content":{"rendered":"<p>Wir stellen den Nike SB Dunk Low What The Dunk vor, einen Must-Have-Sneaker f\u00fcr alle Nike-Enthusiasten. Dieser ikonische Schuh kombiniert verschiedene Farben und Muster, darunter eine klare wei\u00dfe Basis, und sorgt so f\u00fcr einen einzigartigen und auff\u00e4lligen Look. Verpassen Sie nicht die Gelegenheit, diesen Nike What The Dunk-Sneaker in limitierter Auflage zu besitzen.<\/p>\n<ul>\n<li><strong>Farbgebung:<\/strong> White\/College Blue-Chrome-Deep Red<\/li>\n<li><strong>Stilcode:<\/strong> 318403-141<\/li>\n<li><strong>Obermaterial:<\/strong> Leather<\/li>\n<li><strong>Mittelsohle:<\/strong> Zoom Air<\/li>\n<li><strong>Farbe:<\/strong> Multi<\/li>\n<li><strong>Designer:<\/strong> Peter Moore<\/li>\n<li><strong>Saison:<\/strong> Fall<\/li>\n<li><strong>Erscheinungsjahr:<\/strong> 2007<\/li>\n<\/ul>\n","protected":false},"excerpt":{"rendered":"<p>Wir stellen den Nike SB Dunk Low What The Dunk vor, einen Must-Have-Sneaker f\u00fcr alle Nike-Enthusiasten. Dieser ikonische Schuh kombiniert verschiedene Farben und Muster, darunter eine klare wei\u00dfe Basis, und sorgt so f\u00fcr einen einzigartigen und auff\u00e4lligen Look. Verpassen Sie nicht die Gelegenheit, diesen Nike What The Dunk-Sneaker in limitierter Auflage zu besitzen. Farbgebung: White\/College [&hellip;]<\/p>\n","protected":false},"featured_media":290056,"comment_status":"closed","ping_status":"closed","template":"","meta":[],"product_brand":[],"product_cat":[10773],"product_tag":[12579,12578,18431,10762,10839,12563,10881],"class_list":{"0":"post-289426","1":"product","2":"type-product","3":"status-publish","4":"has-post-thumbnail","6":"product_cat-nike","7":"product_tag-basketballschuhe","8":"product_tag-basketballschuhe-mit-kna-cheluntersta-tzung","9":"product_tag-geschenkidee-fuer-ihn","10":"product_tag-nike","11":"product_tag-nike-skateboarding-shoes","12":"product_tag-performance-sportschuhe","13":"product_tag-skateboard-shoes","15":"first","16":"instock","17":"taxable","18":"shipping-taxable","19":"purchasable","20":"product-type-simple"},"wcpa_form_fields":null,"_links":{"self":[{"href":"https:\/\/moroen.com\/de\/wp-json\/wp\/v2\/product\/289426","targetHints":{"allow":["GET"]}}],"collection":[{"href":"https:\/\/moroen.com\/de\/wp-json\/wp\/v2\/product"}],"about":[{"href":"https:\/\/moroen.com\/de\/wp-json\/wp\/v2\/types\/product"}],"replies":[{"embeddable":true,"href":"https:\/\/moroen.com\/de\/wp-json\/wp\/v2\/comments?post=289426"}],"wp:featuredmedia":[{"embeddable":true,"href":"https:\/\/moroen.com\/de\/wp-json\/wp\/v2\/media\/290056"}],"wp:attachment":[{"href":"https:\/\/moroen.com\/de\/wp-json\/wp\/v2\/media?parent=289426"}],"wp:term":[{"taxonomy":"product_brand","embeddable":true,"href":"https:\/\/moroen.com\/de\/wp-json\/wp\/v2\/product_brand?post=289426"},{"taxonomy":"product_cat","embeddable":true,"href":"https:\/\/moroen.com\/de\/wp-json\/wp\/v2\/product_cat?post=289426"},{"taxonomy":"product_tag","embeddable":true,"href":"https:\/\/moroen.com\/de\/wp-json\/wp\/v2\/product_tag?post=289426"}],"curies":[{"name":"wp","href":"https:\/\/api.w.org\/{rel}","templated":true}]}}