{"id":290231,"date":"2026-04-20T01:22:11","date_gmt":"2026-04-19T18:22:11","guid":{"rendered":"https:\/\/moroen.com\/de\/?p=290231"},"modified":"2026-04-20T01:22:11","modified_gmt":"2026-04-19T18:22:11","slug":"new-balance-1300-steel-blue-m1300cl-m1300cls","status":"publish","type":"product","link":"https:\/\/moroen.com\/de\/produkt\/new-balance-1300-steel-blue-m1300cl-m1300cls\/","title":{"rendered":"New Balance 1300 \u201eSteel Blue\u201c M1300CL\/M1300CLS"},"content":{"rendered":"<p>Wir stellen den New Balance 1300 Steel Blue vor, einen stilvollen und bequemen Schuh in stahlblauer Farbgebung. Dieser von New Balance entworfene Sneaker vereint Mode und Funktionalit\u00e4t. Mit seinem schlanken Design und den hochwertigen Materialien eignet sich der Steel Blue sowohl f\u00fcr Freizeit- als auch f\u00fcr Sportbekleidung. Kaufen Sie jetzt ein und verbessern Sie Ihr Schuhspiel mit New Balance.<\/p>\n<ul>\n<li><strong>Farbgebung:<\/strong> Steel Blue\/White<\/li>\n<li><strong>Stilcode:<\/strong> M1300CL\/M1300CLS<\/li>\n<li><strong>Obermaterial:<\/strong> Suede<\/li>\n<li><strong>Mittelsohle:<\/strong> ENCAP<\/li>\n<li><strong>Farbe:<\/strong> Grey<\/li>\n<li><strong>Saison:<\/strong> Spring<\/li>\n<li><strong>Erscheinungsjahr:<\/strong> 2016<\/li>\n<\/ul>\n","protected":false},"excerpt":{"rendered":"<p>Wir stellen den New Balance 1300 Steel Blue vor, einen stilvollen und bequemen Schuh in stahlblauer Farbgebung. Dieser von New Balance entworfene Sneaker vereint Mode und Funktionalit\u00e4t. Mit seinem schlanken Design und den hochwertigen Materialien eignet sich der Steel Blue sowohl f\u00fcr Freizeit- als auch f\u00fcr Sportbekleidung. Kaufen Sie jetzt ein und verbessern Sie Ihr [&hellip;]<\/p>\n","protected":false},"featured_media":290377,"comment_status":"closed","ping_status":"closed","template":"","meta":[],"product_brand":[],"product_cat":[10774],"product_tag":[10750,18431,10756,10758,10760,10761,10763],"class_list":{"0":"post-290231","1":"product","2":"type-product","3":"status-publish","4":"has-post-thumbnail","6":"product_cat-new-balance","7":"product_tag-athleisure-shoes","8":"product_tag-geschenkidee-fuer-ihn","9":"product_tag-lifestyle-casual-shoes","10":"product_tag-lifestyle-shoes-running-inspired","11":"product_tag-new-balance","12":"product_tag-new-balance-running-shoes","13":"product_tag-retro-running-shoes","15":"first","16":"instock","17":"taxable","18":"shipping-taxable","19":"purchasable","20":"product-type-simple"},"wcpa_form_fields":null,"_links":{"self":[{"href":"https:\/\/moroen.com\/de\/wp-json\/wp\/v2\/product\/290231","targetHints":{"allow":["GET"]}}],"collection":[{"href":"https:\/\/moroen.com\/de\/wp-json\/wp\/v2\/product"}],"about":[{"href":"https:\/\/moroen.com\/de\/wp-json\/wp\/v2\/types\/product"}],"replies":[{"embeddable":true,"href":"https:\/\/moroen.com\/de\/wp-json\/wp\/v2\/comments?post=290231"}],"wp:featuredmedia":[{"embeddable":true,"href":"https:\/\/moroen.com\/de\/wp-json\/wp\/v2\/media\/290377"}],"wp:attachment":[{"href":"https:\/\/moroen.com\/de\/wp-json\/wp\/v2\/media?parent=290231"}],"wp:term":[{"taxonomy":"product_brand","embeddable":true,"href":"https:\/\/moroen.com\/de\/wp-json\/wp\/v2\/product_brand?post=290231"},{"taxonomy":"product_cat","embeddable":true,"href":"https:\/\/moroen.com\/de\/wp-json\/wp\/v2\/product_cat?post=290231"},{"taxonomy":"product_tag","embeddable":true,"href":"https:\/\/moroen.com\/de\/wp-json\/wp\/v2\/product_tag?post=290231"}],"curies":[{"name":"wp","href":"https:\/\/api.w.org\/{rel}","templated":true}]}}