{"id":291058,"date":"2026-04-20T01:22:11","date_gmt":"2026-04-19T18:22:11","guid":{"rendered":"https:\/\/moroen.com\/de\/?p=291058"},"modified":"2026-04-20T01:22:11","modified_gmt":"2026-04-19T18:22:11","slug":"air-jordan-12-retro-indigo-130690-404","status":"publish","type":"product","link":"https:\/\/moroen.com\/de\/produkt\/air-jordan-12-retro-indigo-130690-404\/","title":{"rendered":"Air Jordan 12 Retro \u201eIndigo\u201c 130690-404"},"content":{"rendered":"<p>Treten Sie ein in den ikonischen Stil mit dem Air Jordan 12 Retro \u201eIndigo\u201c! Dieses Retro-Meisterwerk besticht durch ein faszinierendes Obermaterial aus Indigoleder und einen auff\u00e4lligen Schutzblech in Metallic-Silber. Seine Zoom Air-D\u00e4mpfung sorgt f\u00fcr unvergleichlichen Komfort, w\u00e4hrend die Fischgr\u00e4ten-Au\u00dfensohle f\u00fcr au\u00dfergew\u00f6hnliche Traktion sorgt. Perfekt f\u00fcr den Einsatz auf und abseits des Spielfelds. Diese Sneaker werten Ihr Spiel auf und sorgen \u00fcberall f\u00fcr Aufsehen. Erleben Sie das Erbe von Michael Jordan mit dem Air Jordan 12 Retro \u201eIndigo\u201c.<\/p>\n<ul>\n<li><strong>Farbgebung:<\/strong> Stone Blue\/Legend Blue\/Obsidian<\/li>\n<li><strong>Stilcode:<\/strong> 130690-404<\/li>\n<li><strong>Obermaterial:<\/strong> Leather<\/li>\n<li><strong>Mittelsohle:<\/strong> Air<\/li>\n<li><strong>Farbe:<\/strong> Blue<\/li>\n<li><strong>Designer:<\/strong> Tinker Hatfield<\/li>\n<li><strong>Saison:<\/strong> Summer<\/li>\n<li><strong>Erscheinungsjahr:<\/strong> 2020<\/li>\n<\/ul>\n","protected":false},"excerpt":{"rendered":"<p>Treten Sie ein in den ikonischen Stil mit dem Air Jordan 12 Retro \u201eIndigo\u201c! Dieses Retro-Meisterwerk besticht durch ein faszinierendes Obermaterial aus Indigoleder und einen auff\u00e4lligen Schutzblech in Metallic-Silber. Seine Zoom Air-D\u00e4mpfung sorgt f\u00fcr unvergleichlichen Komfort, w\u00e4hrend die Fischgr\u00e4ten-Au\u00dfensohle f\u00fcr au\u00dfergew\u00f6hnliche Traktion sorgt. Perfekt f\u00fcr den Einsatz auf und abseits des Spielfelds. Diese Sneaker werten [&hellip;]<\/p>\n","protected":false},"featured_media":291179,"comment_status":"closed","ping_status":"closed","template":"","meta":[],"product_brand":[],"product_cat":[10825],"product_tag":[12579,12578,18431,10819,10820,10821,12563,18432,18411],"class_list":{"0":"post-291058","1":"product","2":"type-product","3":"status-publish","4":"has-post-thumbnail","6":"product_cat-jordan","7":"product_tag-basketballschuhe","8":"product_tag-basketballschuhe-mit-kna-cheluntersta-tzung","9":"product_tag-geschenkidee-fuer-ihn","10":"product_tag-jordan","11":"product_tag-jordan-basketball-shoes","12":"product_tag-jordan-skateboarding-shoes","13":"product_tag-performance-sportschuhe","14":"product_tag-top-angebote","15":"product_tag-unter-dem-regulaeren-preis","17":"first","18":"instock","19":"taxable","20":"shipping-taxable","21":"purchasable","22":"product-type-simple"},"wcpa_form_fields":null,"_links":{"self":[{"href":"https:\/\/moroen.com\/de\/wp-json\/wp\/v2\/product\/291058","targetHints":{"allow":["GET"]}}],"collection":[{"href":"https:\/\/moroen.com\/de\/wp-json\/wp\/v2\/product"}],"about":[{"href":"https:\/\/moroen.com\/de\/wp-json\/wp\/v2\/types\/product"}],"replies":[{"embeddable":true,"href":"https:\/\/moroen.com\/de\/wp-json\/wp\/v2\/comments?post=291058"}],"wp:featuredmedia":[{"embeddable":true,"href":"https:\/\/moroen.com\/de\/wp-json\/wp\/v2\/media\/291179"}],"wp:attachment":[{"href":"https:\/\/moroen.com\/de\/wp-json\/wp\/v2\/media?parent=291058"}],"wp:term":[{"taxonomy":"product_brand","embeddable":true,"href":"https:\/\/moroen.com\/de\/wp-json\/wp\/v2\/product_brand?post=291058"},{"taxonomy":"product_cat","embeddable":true,"href":"https:\/\/moroen.com\/de\/wp-json\/wp\/v2\/product_cat?post=291058"},{"taxonomy":"product_tag","embeddable":true,"href":"https:\/\/moroen.com\/de\/wp-json\/wp\/v2\/product_tag?post=291058"}],"curies":[{"name":"wp","href":"https:\/\/api.w.org\/{rel}","templated":true}]}}