{"id":291118,"date":"2026-04-20T01:22:11","date_gmt":"2026-04-19T18:22:11","guid":{"rendered":"https:\/\/moroen.com\/de\/?p=291118"},"modified":"2026-04-20T01:22:11","modified_gmt":"2026-04-19T18:22:11","slug":"nike-zoom-kobe-5-protro-eggplant-ib4481-500","status":"publish","type":"product","link":"https:\/\/moroen.com\/de\/produkt\/nike-zoom-kobe-5-protro-eggplant-ib4481-500\/","title":{"rendered":"Nike Zoom Kobe 5 Protro \u201eEggplant\u201c IB4481-500"},"content":{"rendered":"<p>Steigern Sie Ihr Spiel mit dem Nike Zoom Kobe 5 Protro \u201eEggplant\u201c! Schl\u00fcpfen Sie in die ikonische Silhouette, die Kobe Bryant zu einem legend\u00e4ren Status verhalf. Dieser lebendige Sneaker verf\u00fcgt \u00fcber ein auff\u00e4lliges auberginenfarbenes Obermaterial, das mit hochwertigen Materialien f\u00fcr au\u00dfergew\u00f6hnliche Haltbarkeit veredelt ist. Die durchgehende Zoom Air-D\u00e4mpfung sorgt f\u00fcr un\u00fcbertroffene Reaktionsf\u00e4higkeit und treibt Sie auf dem Platz zu neuen H\u00f6hen. Erleben Sie das Erbe einer Legende mit dem Nike Zoom Kobe 5 Protro \u201eEggplant\u201c und entfesseln Sie Ihre innere Mamba-Mentalit\u00e4t.<\/p>\n<ul>\n<li><strong>Farbgebung:<\/strong> Eggplant\/Black\/Metallic Gold<\/li>\n<li><strong>Stilcode:<\/strong> IB4481-500<\/li>\n<li><strong>Obermaterial:<\/strong> Synthetic<\/li>\n<li><strong>Mittelsohle:<\/strong> Zoom Air<\/li>\n<li><strong>Farbe:<\/strong> Black<\/li>\n<li><strong>Designer:<\/strong> Eric Avar<\/li>\n<\/ul>\n","protected":false},"excerpt":{"rendered":"<p>Steigern Sie Ihr Spiel mit dem Nike Zoom Kobe 5 Protro \u201eEggplant\u201c! Schl\u00fcpfen Sie in die ikonische Silhouette, die Kobe Bryant zu einem legend\u00e4ren Status verhalf. Dieser lebendige Sneaker verf\u00fcgt \u00fcber ein auff\u00e4lliges auberginenfarbenes Obermaterial, das mit hochwertigen Materialien f\u00fcr au\u00dfergew\u00f6hnliche Haltbarkeit veredelt ist. Die durchgehende Zoom Air-D\u00e4mpfung sorgt f\u00fcr un\u00fcbertroffene Reaktionsf\u00e4higkeit und treibt Sie [&hellip;]<\/p>\n","protected":false},"featured_media":291654,"comment_status":"closed","ping_status":"closed","template":"","meta":[],"product_brand":[],"product_cat":[10773],"product_tag":[12579,11358,18431,11370,10824,10762,12563,12446],"class_list":{"0":"post-291118","1":"product","2":"type-product","3":"status-publish","4":"has-post-thumbnail","6":"product_cat-nike","7":"product_tag-basketballschuhe","8":"product_tag-gallery-look","9":"product_tag-geschenkidee-fuer-ihn","10":"product_tag-kobe-bryant","11":"product_tag-lightweight-basketball-shoes","12":"product_tag-nike","13":"product_tag-performance-sportschuhe","14":"product_tag-trending-view","15":"wcpa_has_options","17":"first","18":"instock","19":"taxable","20":"shipping-taxable","21":"purchasable","22":"product-type-simple"},"wcpa_form_fields":{"rules":{"pric_overide_base_price":false,"pric_overide_base_price_if_gt_zero":false,"pric_overide_base_price_fully":false,"pric_cal_option_once":false,"pric_use_as_fee":false,"bind_quantity":false,"quantity_bind_formula":false},"fields":[{"type":"color-group","required":true,"elementId":"wcpa-color-group-66c4a75505e74","label":"Gr\u00f6\u00dfe - EU Gr\u00f6\u00dfe","inline":true,"priceOptions":"different_for_all","pricingType":"fixed","className":"hassizechart product-shoes-size-eu product-shoes-size","name":"color-group-66c4a75505e89","disp_type":"square","selection_type":"tick-border","disp_size":"44","show_label_inside":true,"adjust_width":true,"cart_display_type":"text","other_text":"Other","cl_rule":"show","col":6,"values":[{"label":"35.5","value":"EU 35.5","price":"","pimage":"","pimage_id":"","pthumb":"","color":""},{"label":"36","value":"EU 36","price":"","pimage":"","pimage_id":"","pthumb":"","color":"","selected":true},{"label":"36.5","value":"EU 36.5","price":"","pimage":"","pimage_id":"","pthumb":"","color":""},{"label":"37.5","value":"EU 37.5","price":"","pimage":"","pimage_id":"","pthumb":"","color":""},{"label":"38","value":"EU 38","price":"","pimage":"","pimage_id":"","pthumb":"","color":""},{"label":"38.5","value":"EU 38.5","price":"","pimage":"","pimage_id":"","pthumb":"","color":""},{"label":"39","value":"EU 39","price":"","pimage":"","pimage_id":"","pthumb":"","color":""},{"label":"40","value":"EU 40","price":"","pimage":"","pimage_id":"","pthumb":"","color":""},{"label":"40.5","value":"EU 40.5","price":"","pimage":"","pimage_id":"","pthumb":"","color":""},{"label":"41","value":"EU 41","price":"","pimage":"","pimage_id":"","pthumb":"","color":""},{"label":"42","value":"EU 42","price":"","pimage":"","pimage_id":"","pthumb":"","color":""},{"label":"42.5","value":"EU 42.5","price":"","pimage":"","pimage_id":"","pthumb":"","color":""},{"label":"43","value":"EU 43","price":"","pimage":"","pimage_id":"","pthumb":"","color":""},{"label":"44","value":"EU 44","price":"","pimage":"","pimage_id":"","pthumb":"","color":""},{"label":"44.5","value":"EU 44.5","price":"","pimage":"","pimage_id":"","pthumb":"","color":""},{"label":"45","value":"EU 45","price":"","pimage":"","pimage_id":"","pthumb":"","color":""},{"label":"45.5","value":"EU 45.5","price":"","pimage":"","pimage_id":"","pthumb":"","color":""},{"label":"46","value":"EU 46","price":"","pimage":"","pimage_id":"","pthumb":"","color":""},{"label":"47","value":"EU 47","price":"","pimage":"","pimage_id":"","pthumb":"","color":""},{"label":"47.5","value":"EU 47.5","price":"","pimage":"","pimage_id":"","pthumb":"","color":""},{"label":"48","value":"EU 48","price":"","pimage":"","pimage_id":"","pthumb":"","color":""}],"relations":[{"operator":false,"rules":[]}],"form_id":18106,"form_rules":{"pric_cal_option_once":false,"exclude_from_discount":false,"pric_use_as_fee":false,"fee_label":"Fee","render_after_acb":false,"disp_hide_options_price":false}}]},"_links":{"self":[{"href":"https:\/\/moroen.com\/de\/wp-json\/wp\/v2\/product\/291118","targetHints":{"allow":["GET"]}}],"collection":[{"href":"https:\/\/moroen.com\/de\/wp-json\/wp\/v2\/product"}],"about":[{"href":"https:\/\/moroen.com\/de\/wp-json\/wp\/v2\/types\/product"}],"replies":[{"embeddable":true,"href":"https:\/\/moroen.com\/de\/wp-json\/wp\/v2\/comments?post=291118"}],"wp:featuredmedia":[{"embeddable":true,"href":"https:\/\/moroen.com\/de\/wp-json\/wp\/v2\/media\/291654"}],"wp:attachment":[{"href":"https:\/\/moroen.com\/de\/wp-json\/wp\/v2\/media?parent=291118"}],"wp:term":[{"taxonomy":"product_brand","embeddable":true,"href":"https:\/\/moroen.com\/de\/wp-json\/wp\/v2\/product_brand?post=291118"},{"taxonomy":"product_cat","embeddable":true,"href":"https:\/\/moroen.com\/de\/wp-json\/wp\/v2\/product_cat?post=291118"},{"taxonomy":"product_tag","embeddable":true,"href":"https:\/\/moroen.com\/de\/wp-json\/wp\/v2\/product_tag?post=291118"}],"curies":[{"name":"wp","href":"https:\/\/api.w.org\/{rel}","templated":true}]}}