{"id":291131,"date":"2026-04-20T01:22:11","date_gmt":"2026-04-19T18:22:11","guid":{"rendered":"https:\/\/moroen.com\/de\/?p=291131"},"modified":"2026-04-20T01:22:11","modified_gmt":"2026-04-19T18:22:11","slug":"nike-sb-dunk-low-what-the-paul-cz2239-600","status":"publish","type":"product","link":"https:\/\/moroen.com\/de\/produkt\/nike-sb-dunk-low-what-the-paul-cz2239-600\/","title":{"rendered":"Nike SB Dunk Low \u201eWhat The Paul\u201c CZ2239-600"},"content":{"rendered":"<p>Die Nike SB Dunk Low What The Paul-Sneaker zeigen den ikonischen Stil und die Qualit\u00e4t von Nike. Diese Schuhe zeichnen sich durch ein Low-Top-Design und eine Mischung aus verschiedenen Farbkombinationen aus und sind eine Hommage an den legend\u00e4ren Paul Rodriguez. Mit ihrer bequemen Passform und langlebigen Konstruktion sind diese Sneaker perfekt f\u00fcr Skateboarder und Sneaker-Enthusiasten gleicherma\u00dfen. Steigern Sie Ihr Sneaker-Game mit dem Nike SB Dunk Low What The Paul.<\/p>\n<ul>\n<li><strong>Farbgebung:<\/strong> Multi-Color\/Multi-Color<\/li>\n<li><strong>Stilcode:<\/strong> CZ2239-600<\/li>\n<li><strong>Obermaterial:<\/strong> Fabric\/Synthetic Leather<\/li>\n<li><strong>Mittelsohle:<\/strong> Zoom Air<\/li>\n<li><strong>Farbe:<\/strong> Multi<\/li>\n<li><strong>Saison:<\/strong> Spring<\/li>\n<li><strong>Erscheinungsjahr:<\/strong> 2021<\/li>\n<\/ul>\n","protected":false},"excerpt":{"rendered":"<p>Die Nike SB Dunk Low What The Paul-Sneaker zeigen den ikonischen Stil und die Qualit\u00e4t von Nike. Diese Schuhe zeichnen sich durch ein Low-Top-Design und eine Mischung aus verschiedenen Farbkombinationen aus und sind eine Hommage an den legend\u00e4ren Paul Rodriguez. Mit ihrer bequemen Passform und langlebigen Konstruktion sind diese Sneaker perfekt f\u00fcr Skateboarder und Sneaker-Enthusiasten [&hellip;]<\/p>\n","protected":false},"featured_media":291768,"comment_status":"closed","ping_status":"closed","template":"","meta":[],"product_brand":[],"product_cat":[10773],"product_tag":[12579,12578,18431,10762,10839,12563,10881],"class_list":{"0":"post-291131","1":"product","2":"type-product","3":"status-publish","4":"has-post-thumbnail","6":"product_cat-nike","7":"product_tag-basketballschuhe","8":"product_tag-basketballschuhe-mit-kna-cheluntersta-tzung","9":"product_tag-geschenkidee-fuer-ihn","10":"product_tag-nike","11":"product_tag-nike-skateboarding-shoes","12":"product_tag-performance-sportschuhe","13":"product_tag-skateboard-shoes","15":"first","16":"instock","17":"taxable","18":"shipping-taxable","19":"purchasable","20":"product-type-simple"},"wcpa_form_fields":null,"_links":{"self":[{"href":"https:\/\/moroen.com\/de\/wp-json\/wp\/v2\/product\/291131","targetHints":{"allow":["GET"]}}],"collection":[{"href":"https:\/\/moroen.com\/de\/wp-json\/wp\/v2\/product"}],"about":[{"href":"https:\/\/moroen.com\/de\/wp-json\/wp\/v2\/types\/product"}],"replies":[{"embeddable":true,"href":"https:\/\/moroen.com\/de\/wp-json\/wp\/v2\/comments?post=291131"}],"wp:featuredmedia":[{"embeddable":true,"href":"https:\/\/moroen.com\/de\/wp-json\/wp\/v2\/media\/291768"}],"wp:attachment":[{"href":"https:\/\/moroen.com\/de\/wp-json\/wp\/v2\/media?parent=291131"}],"wp:term":[{"taxonomy":"product_brand","embeddable":true,"href":"https:\/\/moroen.com\/de\/wp-json\/wp\/v2\/product_brand?post=291131"},{"taxonomy":"product_cat","embeddable":true,"href":"https:\/\/moroen.com\/de\/wp-json\/wp\/v2\/product_cat?post=291131"},{"taxonomy":"product_tag","embeddable":true,"href":"https:\/\/moroen.com\/de\/wp-json\/wp\/v2\/product_tag?post=291131"}],"curies":[{"name":"wp","href":"https:\/\/api.w.org\/{rel}","templated":true}]}}