{"id":291139,"date":"2026-04-20T01:22:11","date_gmt":"2026-04-19T18:22:11","guid":{"rendered":"https:\/\/moroen.com\/de\/?p=291139"},"modified":"2026-04-20T01:22:11","modified_gmt":"2026-04-19T18:22:11","slug":"asics-gel-nimbus-27-atc-1011c028-200","status":"publish","type":"product","link":"https:\/\/moroen.com\/de\/produkt\/asics-gel-nimbus-27-atc-1011c028-200\/","title":{"rendered":"ASICS GEL-NIMBUS 27 ATC 1011C028-200"},"content":{"rendered":"<p>Erleben Sie unvergleichlichen Komfort und Leistung mit dem ASICS GEL-NIMBUS 27 ATC, der f\u00fcr hervorragende D\u00e4mpfung und ultimative Haltbarkeit f\u00fcr Langstreckenl\u00e4ufer entwickelt wurde. Dieser Premium-Laufschuh verf\u00fcgt \u00fcber fortschrittliche GEL-Technologie f\u00fcr au\u00dfergew\u00f6hnliche Sto\u00dfd\u00e4mpfung, kombiniert mit leichter FlyteFoam-D\u00e4mpfung, um ein sanftes und reaktionsfreudiges Laufgef\u00fchl zu unterst\u00fctzen. Das atmungsaktive Obermaterial aus technischem Mesh sorgt f\u00fcr verbesserte Bel\u00fcftung und individuelle Passform f\u00fcr ganzt\u00e4gigen Komfort.<\/p>\n<p>Die Trusstic-System-Technologie sorgt f\u00fcr verbesserte Stabilit\u00e4t, w\u00e4hrend die AHAR-Au\u00dfensohle Traktion und Haltbarkeit f\u00fcr eine Vielzahl von Gel\u00e4ndearten maximiert. Egal, ob Sie f\u00fcr einen Marathon trainieren oder einen Gelegenheitslauf genie\u00dfen, der GEL-NIMBUS 27 ATC bietet optimale Unterst\u00fctzung f\u00fcr neutrale L\u00e4ufer, die eine bessere Fu\u00dfausrichtung und weniger Erm\u00fcdung anstreben. Das aktualisierte Design umfasst eine zus\u00e4tzliche Polsterung am Kragen und an der Zunge und sorgt so Kilometer f\u00fcr Kilometer f\u00fcr eine weiche, bequeme Passform.<\/p>\n<p>Der auf Zuverl\u00e4ssigkeit und Leistung ausgelegte GEL-NIMBUS 27 ATC kombiniert innovatives Design mit hochwertigen Materialien, um den Anforderungen von L\u00e4ufern \u00fcberall gerecht zu werden. Mit seinem vielseitigen Stil und der bew\u00e4hrten Technologie ist dieser Schuh ein Muss f\u00fcr jeden Sportler, der sein Lauferlebnis verbessern und Spitzenleistungen erzielen m\u00f6chte. Steigen Sie mit dem ASICS GEL-NIMBUS 27 ATC in die n\u00e4chste Evolutionsstufe des Laufens ein und sp\u00fcren Sie den Unterschied bei jedem Schritt.<\/p>\n<ul>\n<li><strong>Farbgebung:<\/strong> Birch\/Indigo Blue<\/li>\n<li><strong>Stilcode:<\/strong> 1011C028-200<\/li>\n<li><strong>Obermaterial:<\/strong> Knit<\/li>\n<li><strong>Mittelsohle:<\/strong> PureGEL<\/li>\n<li><strong>Farbe:<\/strong> White<\/li>\n<\/ul>\n","protected":false},"excerpt":{"rendered":"<p>Erleben Sie unvergleichlichen Komfort und Leistung mit dem ASICS GEL-NIMBUS 27 ATC, der f\u00fcr hervorragende D\u00e4mpfung und ultimative Haltbarkeit f\u00fcr Langstreckenl\u00e4ufer entwickelt wurde. Dieser Premium-Laufschuh verf\u00fcgt \u00fcber fortschrittliche GEL-Technologie f\u00fcr au\u00dfergew\u00f6hnliche Sto\u00dfd\u00e4mpfung, kombiniert mit leichter FlyteFoam-D\u00e4mpfung, um ein sanftes und reaktionsfreudiges Laufgef\u00fchl zu unterst\u00fctzen. Das atmungsaktive Obermaterial aus technischem Mesh sorgt f\u00fcr verbesserte Bel\u00fcftung und [&hellip;]<\/p>\n","protected":false},"featured_media":291834,"comment_status":"closed","ping_status":"closed","template":"","meta":[],"product_brand":[],"product_cat":[12567],"product_tag":[12565,12564,10772,10777,12563,18411],"class_list":{"0":"post-291139","1":"product","2":"type-product","3":"status-publish","4":"has-post-thumbnail","6":"product_cat-asics","7":"product_tag-asics","8":"product_tag-laufschuhe","9":"product_tag-max-cushion-cushioned-running-shoes","10":"product_tag-performance-running-shoes","11":"product_tag-performance-sportschuhe","12":"product_tag-unter-dem-regulaeren-preis","14":"first","15":"instock","16":"taxable","17":"shipping-taxable","18":"purchasable","19":"product-type-simple"},"wcpa_form_fields":null,"_links":{"self":[{"href":"https:\/\/moroen.com\/de\/wp-json\/wp\/v2\/product\/291139","targetHints":{"allow":["GET"]}}],"collection":[{"href":"https:\/\/moroen.com\/de\/wp-json\/wp\/v2\/product"}],"about":[{"href":"https:\/\/moroen.com\/de\/wp-json\/wp\/v2\/types\/product"}],"replies":[{"embeddable":true,"href":"https:\/\/moroen.com\/de\/wp-json\/wp\/v2\/comments?post=291139"}],"wp:featuredmedia":[{"embeddable":true,"href":"https:\/\/moroen.com\/de\/wp-json\/wp\/v2\/media\/291834"}],"wp:attachment":[{"href":"https:\/\/moroen.com\/de\/wp-json\/wp\/v2\/media?parent=291139"}],"wp:term":[{"taxonomy":"product_brand","embeddable":true,"href":"https:\/\/moroen.com\/de\/wp-json\/wp\/v2\/product_brand?post=291139"},{"taxonomy":"product_cat","embeddable":true,"href":"https:\/\/moroen.com\/de\/wp-json\/wp\/v2\/product_cat?post=291139"},{"taxonomy":"product_tag","embeddable":true,"href":"https:\/\/moroen.com\/de\/wp-json\/wp\/v2\/product_tag?post=291139"}],"curies":[{"name":"wp","href":"https:\/\/api.w.org\/{rel}","templated":true}]}}