{"id":291997,"date":"2026-04-20T01:22:11","date_gmt":"2026-04-19T18:22:11","guid":{"rendered":"https:\/\/moroen.com\/de\/?p=291997"},"modified":"2026-04-20T01:22:11","modified_gmt":"2026-04-19T18:22:11","slug":"nike-air-zoom-alphafly-next-3-sail-hot-punch-fd8311-103","status":"publish","type":"product","link":"https:\/\/moroen.com\/de\/produkt\/nike-air-zoom-alphafly-next-3-sail-hot-punch-fd8311-103\/","title":{"rendered":"Nike Air Zoom Alphafly NEXT% 3 \u201eSail Hot Punch\u201c FD8311-103"},"content":{"rendered":"<p>Erleben Sie unvergleichliche Geschwindigkeit und Komfort mit dem Nike Air Zoom Alphafly NEXT% 3 \u201eSail Hot Punch\u201c FD8311-103. Dieser Schuh wurde f\u00fcr Elite-L\u00e4ufer entwickelt und verf\u00fcgt \u00fcber eine reaktionsf\u00e4hige Zwischensohle aus ZoomX-Schaum und zwei Zoom Air-Pods, die f\u00fcr einen vorw\u00e4rtstreibenden Schritt sorgen. Das atmungsaktive Strickobermaterial in einer auff\u00e4lligen Segel- und Hot Punch-Farbgebung bietet eine sichere, anpassungsf\u00e4hige Passform. Strategisch platzierte Traktion sorgt f\u00fcr Stabilit\u00e4t auf jedem Untergrund und ist somit perfekt f\u00fcr lange Strecken geeignet. Steigern Sie Ihre Leistung mit modernster Technologie<\/p>\n<ul>\n<li><strong>Farbgebung:<\/strong> Sail\/Crimson Tint\/Guava Ice\/Black<\/li>\n<li><strong>Stilcode:<\/strong> FD8311-103<\/li>\n<li><strong>Obermaterial:<\/strong> Atomknit<\/li>\n<li><strong>Mittelsohle:<\/strong> Zoom X<\/li>\n<li><strong>Farbe:<\/strong> White<\/li>\n<li><strong>Erscheinungsjahr:<\/strong> 2024<\/li>\n<\/ul>\n","protected":false},"excerpt":{"rendered":"<p>Erleben Sie unvergleichliche Geschwindigkeit und Komfort mit dem Nike Air Zoom Alphafly NEXT% 3 \u201eSail Hot Punch\u201c FD8311-103. Dieser Schuh wurde f\u00fcr Elite-L\u00e4ufer entwickelt und verf\u00fcgt \u00fcber eine reaktionsf\u00e4hige Zwischensohle aus ZoomX-Schaum und zwei Zoom Air-Pods, die f\u00fcr einen vorw\u00e4rtstreibenden Schritt sorgen. Das atmungsaktive Strickobermaterial in einer auff\u00e4lligen Segel- und Hot Punch-Farbgebung bietet eine sichere, [&hellip;]<\/p>\n","protected":false},"featured_media":292355,"comment_status":"closed","ping_status":"closed","template":"","meta":[],"product_brand":[],"product_cat":[10773],"product_tag":[12579,12578,18431,12564,10762,12563,18411],"class_list":{"0":"post-291997","1":"product","2":"type-product","3":"status-publish","4":"has-post-thumbnail","6":"product_cat-nike","7":"product_tag-basketballschuhe","8":"product_tag-basketballschuhe-mit-kna-cheluntersta-tzung","9":"product_tag-geschenkidee-fuer-ihn","10":"product_tag-laufschuhe","11":"product_tag-nike","12":"product_tag-performance-sportschuhe","13":"product_tag-unter-dem-regulaeren-preis","14":"wcpa_has_options","16":"first","17":"instock","18":"taxable","19":"shipping-taxable","20":"purchasable","21":"product-type-simple"},"wcpa_form_fields":{"rules":{"pric_overide_base_price":false,"pric_overide_base_price_if_gt_zero":false,"pric_overide_base_price_fully":false,"pric_cal_option_once":false,"pric_use_as_fee":false,"bind_quantity":false,"quantity_bind_formula":false},"fields":[{"type":"color-group","label":"Talla :","elementId":"wcpa-el-auto-049032d1-trim-989bdee8","values":[{"label":"36","value":"EU 36","color":"","tooltip":"","price":"","sale_price":"","price_type":"flat","price_prefix":"+","image":""},{"label":"36.5","value":"EU 36.5","color":"","tooltip":"","price":"","sale_price":"","price_type":"flat","price_prefix":"+","image":""},{"label":"37.5","value":"EU 37.5","color":"","tooltip":"","price":"","sale_price":"","price_type":"flat","price_prefix":"+","image":""},{"label":"38","value":"EU 38","color":"","tooltip":"","price":"","sale_price":"","price_type":"flat","price_prefix":"+","image":""},{"label":"38.5","value":"EU 38.5","color":"","tooltip":"","price":"","sale_price":"","price_type":"flat","price_prefix":"+","image":""},{"label":"39","value":"EU 39","color":"","tooltip":"","price":"","sale_price":"","price_type":"flat","price_prefix":"+","image":""},{"label":"40","value":"EU 40","color":"","tooltip":"","price":"","sale_price":"","price_type":"flat","price_prefix":"+","image":""},{"label":"40.5","value":"EU 40.5","color":"","tooltip":"","price":"","sale_price":"","price_type":"flat","price_prefix":"+","image":""},{"label":"41","value":"EU 41","color":"","tooltip":"","price":"","sale_price":"","price_type":"flat","price_prefix":"+","image":""},{"label":"42","value":"EU 42","color":"","tooltip":"","price":"","sale_price":"","price_type":"flat","price_prefix":"+","image":""},{"label":"42.5","value":"EU 42.5","color":"","tooltip":"","price":"","sale_price":"","price_type":"flat","price_prefix":"+","image":""},{"label":"43","value":"EU 43","color":"","tooltip":"","price":"","sale_price":"","price_type":"flat","price_prefix":"+","image":""},{"label":"44","value":"EU 44","color":"","tooltip":"","price":"","sale_price":"","price_type":"flat","price_prefix":"+","image":""},{"label":"44.5","value":"EU 44.5","color":"","tooltip":"","price":"","sale_price":"","price_type":"flat","price_prefix":"+","image":""},{"label":"45","value":"EU 45","color":"","tooltip":"","price":"","sale_price":"","price_type":"flat","price_prefix":"+","image":""}],"required":true,"cl_rule":{"rules":[],"relation":"OR"},"other_config":[],"name":"auto-049032d1","adjust_width":true,"show_label_inside":true,"disp_type":"square","disp_size":"44","form_id":369676,"form_rules":{"pric_cal_option_once":false,"exclude_from_discount":false,"pric_use_as_fee":false,"fee_label":"Fee","render_after_acb":false,"disp_hide_options_price":false}}]},"_links":{"self":[{"href":"https:\/\/moroen.com\/de\/wp-json\/wp\/v2\/product\/291997","targetHints":{"allow":["GET"]}}],"collection":[{"href":"https:\/\/moroen.com\/de\/wp-json\/wp\/v2\/product"}],"about":[{"href":"https:\/\/moroen.com\/de\/wp-json\/wp\/v2\/types\/product"}],"replies":[{"embeddable":true,"href":"https:\/\/moroen.com\/de\/wp-json\/wp\/v2\/comments?post=291997"}],"wp:featuredmedia":[{"embeddable":true,"href":"https:\/\/moroen.com\/de\/wp-json\/wp\/v2\/media\/292355"}],"wp:attachment":[{"href":"https:\/\/moroen.com\/de\/wp-json\/wp\/v2\/media?parent=291997"}],"wp:term":[{"taxonomy":"product_brand","embeddable":true,"href":"https:\/\/moroen.com\/de\/wp-json\/wp\/v2\/product_brand?post=291997"},{"taxonomy":"product_cat","embeddable":true,"href":"https:\/\/moroen.com\/de\/wp-json\/wp\/v2\/product_cat?post=291997"},{"taxonomy":"product_tag","embeddable":true,"href":"https:\/\/moroen.com\/de\/wp-json\/wp\/v2\/product_tag?post=291997"}],"curies":[{"name":"wp","href":"https:\/\/api.w.org\/{rel}","templated":true}]}}