{"id":294672,"date":"2026-04-20T01:22:11","date_gmt":"2026-04-19T18:22:11","guid":{"rendered":"https:\/\/moroen.com\/de\/?p=294672"},"modified":"2026-04-20T01:22:11","modified_gmt":"2026-04-19T18:22:11","slug":"air-jordan-4-zen-master-dh7138-506","status":"publish","type":"product","link":"https:\/\/moroen.com\/de\/produkt\/air-jordan-4-zen-master-dh7138-506\/","title":{"rendered":"Air Jordan 4 \u201eZen Master\u201c DH7138-506"},"content":{"rendered":"<p>Die Air Jordan 4 Zen Master Sneakers von Jordan vereinen Stil und Komfort. Diese ikonischen Sneaker zeichnen sich durch ein elegantes Design mit einem Zen-inspirierten Farbschema aus. Sie eignen sich sowohl f\u00fcr Freizeit- als auch f\u00fcr Sportbekleidung und sind daher ein Muss f\u00fcr Sneaker-Enthusiasten. Verbessern Sie Ihr Sneaker-Spiel mit dem Air Jordan 4 Zen Master.<\/p>\n<ul>\n<li><strong>Farbgebung:<\/strong> Amethyst Wave\/Bright Crimson\/Black\/Cement Grey<\/li>\n<li><strong>Stilcode:<\/strong> DH7138-506<\/li>\n<li><strong>Obermaterial:<\/strong> Canvas<\/li>\n<li><strong>Mittelsohle:<\/strong> Air<\/li>\n<li><strong>Farbe:<\/strong> Purple<\/li>\n<li><strong>Designer:<\/strong> Tinker Hatfield<\/li>\n<li><strong>Saison:<\/strong> Summer<\/li>\n<li><strong>Erscheinungsjahr:<\/strong> 2022<\/li>\n<\/ul>\n","protected":false},"excerpt":{"rendered":"<p>Die Air Jordan 4 Zen Master Sneakers von Jordan vereinen Stil und Komfort. Diese ikonischen Sneaker zeichnen sich durch ein elegantes Design mit einem Zen-inspirierten Farbschema aus. Sie eignen sich sowohl f\u00fcr Freizeit- als auch f\u00fcr Sportbekleidung und sind daher ein Muss f\u00fcr Sneaker-Enthusiasten. Verbessern Sie Ihr Sneaker-Spiel mit dem Air Jordan 4 Zen Master. [&hellip;]<\/p>\n","protected":false},"featured_media":295447,"comment_status":"closed","ping_status":"closed","template":"","meta":[],"product_brand":[],"product_cat":[10825],"product_tag":[10750,18431,10819,10820,10821,10756,10814,10858,18411],"class_list":{"0":"post-294672","1":"product","2":"type-product","3":"status-publish","4":"has-post-thumbnail","6":"product_cat-jordan","7":"product_tag-athleisure-shoes","8":"product_tag-geschenkidee-fuer-ihn","9":"product_tag-jordan","10":"product_tag-jordan-basketball-shoes","11":"product_tag-jordan-skateboarding-shoes","12":"product_tag-lifestyle-casual-shoes","13":"product_tag-lifestyle-shoes-basketball-inspired","14":"product_tag-retro-casual-shoes","15":"product_tag-unter-dem-regulaeren-preis","17":"first","18":"instock","19":"taxable","20":"shipping-taxable","21":"purchasable","22":"product-type-simple"},"wcpa_form_fields":null,"_links":{"self":[{"href":"https:\/\/moroen.com\/de\/wp-json\/wp\/v2\/product\/294672","targetHints":{"allow":["GET"]}}],"collection":[{"href":"https:\/\/moroen.com\/de\/wp-json\/wp\/v2\/product"}],"about":[{"href":"https:\/\/moroen.com\/de\/wp-json\/wp\/v2\/types\/product"}],"replies":[{"embeddable":true,"href":"https:\/\/moroen.com\/de\/wp-json\/wp\/v2\/comments?post=294672"}],"wp:featuredmedia":[{"embeddable":true,"href":"https:\/\/moroen.com\/de\/wp-json\/wp\/v2\/media\/295447"}],"wp:attachment":[{"href":"https:\/\/moroen.com\/de\/wp-json\/wp\/v2\/media?parent=294672"}],"wp:term":[{"taxonomy":"product_brand","embeddable":true,"href":"https:\/\/moroen.com\/de\/wp-json\/wp\/v2\/product_brand?post=294672"},{"taxonomy":"product_cat","embeddable":true,"href":"https:\/\/moroen.com\/de\/wp-json\/wp\/v2\/product_cat?post=294672"},{"taxonomy":"product_tag","embeddable":true,"href":"https:\/\/moroen.com\/de\/wp-json\/wp\/v2\/product_tag?post=294672"}],"curies":[{"name":"wp","href":"https:\/\/api.w.org\/{rel}","templated":true}]}}