{"id":295510,"date":"2026-04-20T01:22:11","date_gmt":"2026-04-19T18:22:11","guid":{"rendered":"https:\/\/moroen.com\/de\/?p=295510"},"modified":"2026-04-20T01:22:11","modified_gmt":"2026-04-19T18:22:11","slug":"damen-nike-vomero-plus-hyper-pink-hv8154-604","status":"publish","type":"product","link":"https:\/\/moroen.com\/de\/produkt\/damen-nike-vomero-plus-hyper-pink-hv8154-604\/","title":{"rendered":"(Damen) Nike Vomero Plus \u201eHyper Pink\u201c HV8154-604"},"content":{"rendered":"<p>Erleben Sie un\u00fcbertroffenen Komfort und Stil mit dem Nike Vomero Plus \u201eHyper Pink\u201c HV8154-604, der f\u00fcr Frauen entwickelt wurde, die erstklassige D\u00e4mpfung, auff\u00e4llige \u00c4sthetik und zuverl\u00e4ssige Leistung f\u00fcr allt\u00e4gliche L\u00e4ufe suchen.<\/p>\n<ul>\n<li><strong>Farbgebung:<\/strong> Hyper Pink\/Burgundy Crush\/Bright Crimson\/Pink Foam\/Pink Glow\/Metallic Silver<\/li>\n<li><strong>Stilcode:<\/strong> HV8154-604<\/li>\n<li><strong>Obermaterial:<\/strong> Mesh<\/li>\n<li><strong>Mittelsohle:<\/strong> Zoom X<\/li>\n<li><strong>Farbe:<\/strong> Pink<\/li>\n<\/ul>\n","protected":false},"excerpt":{"rendered":"<p>Erleben Sie un\u00fcbertroffenen Komfort und Stil mit dem Nike Vomero Plus \u201eHyper Pink\u201c HV8154-604, der f\u00fcr Frauen entwickelt wurde, die erstklassige D\u00e4mpfung, auff\u00e4llige \u00c4sthetik und zuverl\u00e4ssige Leistung f\u00fcr allt\u00e4gliche L\u00e4ufe suchen. Farbgebung: Hyper Pink\/Burgundy Crush\/Bright Crimson\/Pink Foam\/Pink Glow\/Metallic Silver Stilcode: HV8154-604 Obermaterial: Mesh Mittelsohle: Zoom X Farbe: Pink<\/p>\n","protected":false},"featured_media":295853,"comment_status":"closed","ping_status":"closed","template":"","meta":[],"product_brand":[],"product_cat":[10773],"product_tag":[12310,11358,12564,10772,10762,10777,12563,18411],"class_list":{"0":"post-295510","1":"product","2":"type-product","3":"status-publish","4":"has-post-thumbnail","6":"product_cat-nike","7":"product_tag-best-seller","8":"product_tag-gallery-look","9":"product_tag-laufschuhe","10":"product_tag-max-cushion-cushioned-running-shoes","11":"product_tag-nike","12":"product_tag-performance-running-shoes","13":"product_tag-performance-sportschuhe","14":"product_tag-unter-dem-regulaeren-preis","16":"first","17":"instock","18":"taxable","19":"shipping-taxable","20":"purchasable","21":"product-type-simple"},"wcpa_form_fields":null,"_links":{"self":[{"href":"https:\/\/moroen.com\/de\/wp-json\/wp\/v2\/product\/295510","targetHints":{"allow":["GET"]}}],"collection":[{"href":"https:\/\/moroen.com\/de\/wp-json\/wp\/v2\/product"}],"about":[{"href":"https:\/\/moroen.com\/de\/wp-json\/wp\/v2\/types\/product"}],"replies":[{"embeddable":true,"href":"https:\/\/moroen.com\/de\/wp-json\/wp\/v2\/comments?post=295510"}],"wp:featuredmedia":[{"embeddable":true,"href":"https:\/\/moroen.com\/de\/wp-json\/wp\/v2\/media\/295853"}],"wp:attachment":[{"href":"https:\/\/moroen.com\/de\/wp-json\/wp\/v2\/media?parent=295510"}],"wp:term":[{"taxonomy":"product_brand","embeddable":true,"href":"https:\/\/moroen.com\/de\/wp-json\/wp\/v2\/product_brand?post=295510"},{"taxonomy":"product_cat","embeddable":true,"href":"https:\/\/moroen.com\/de\/wp-json\/wp\/v2\/product_cat?post=295510"},{"taxonomy":"product_tag","embeddable":true,"href":"https:\/\/moroen.com\/de\/wp-json\/wp\/v2\/product_tag?post=295510"}],"curies":[{"name":"wp","href":"https:\/\/api.w.org\/{rel}","templated":true}]}}