{"id":295545,"date":"2026-04-20T01:22:11","date_gmt":"2026-04-19T18:22:11","guid":{"rendered":"https:\/\/moroen.com\/de\/?p=295545"},"modified":"2026-04-20T01:22:11","modified_gmt":"2026-04-19T18:22:11","slug":"air-jordan-6-retro-infrared-2019-384664-060","status":"publish","type":"product","link":"https:\/\/moroen.com\/de\/produkt\/air-jordan-6-retro-infrared-2019-384664-060\/","title":{"rendered":"Air Jordan 6 Retro \u201eInfrared\u201c 2019 384664-060"},"content":{"rendered":"<p>Der Air Jordan 6 Retro Infrarot 2019 von Jordan ist ein stylischer und ikonischer Sneaker in einer eleganten schwarzen Farbgebung. Mit seinem Retro-Design und den ber\u00fchmten Infrarot-Akzenten ist dieser Schuh eine Hommage an die urspr\u00fcngliche Jordan 6-Ver\u00f6ffentlichung. Es ist perfekt f\u00fcr Sneakerheads und Fans der Marke Jordan.<\/p>\n<ul>\n<li><strong>Farbgebung:<\/strong> Black\/Infrared 23-Black<\/li>\n<li><strong>Stilcode:<\/strong> 384664-060<\/li>\n<li><strong>Obermaterial:<\/strong> nubuck<\/li>\n<li><strong>Mittelsohle:<\/strong> Air<\/li>\n<li><strong>Farbe:<\/strong> Black<\/li>\n<li><strong>Designer:<\/strong> Tinker Hatfield<\/li>\n<li><strong>Saison:<\/strong> Winter<\/li>\n<li><strong>Erscheinungsjahr:<\/strong> 2019<\/li>\n<\/ul>\n","protected":false},"excerpt":{"rendered":"<p>Der Air Jordan 6 Retro Infrarot 2019 von Jordan ist ein stylischer und ikonischer Sneaker in einer eleganten schwarzen Farbgebung. Mit seinem Retro-Design und den ber\u00fchmten Infrarot-Akzenten ist dieser Schuh eine Hommage an die urspr\u00fcngliche Jordan 6-Ver\u00f6ffentlichung. Es ist perfekt f\u00fcr Sneakerheads und Fans der Marke Jordan. Farbgebung: Black\/Infrared 23-Black Stilcode: 384664-060 Obermaterial: nubuck Mittelsohle: [&hellip;]<\/p>\n","protected":false},"featured_media":296135,"comment_status":"closed","ping_status":"closed","template":"","meta":[],"product_brand":[],"product_cat":[10825],"product_tag":[10750,12579,18431,10819,10820,10821,10756,10814,10858],"class_list":{"0":"post-295545","1":"product","2":"type-product","3":"status-publish","4":"has-post-thumbnail","6":"product_cat-jordan","7":"product_tag-athleisure-shoes","8":"product_tag-basketballschuhe","9":"product_tag-geschenkidee-fuer-ihn","10":"product_tag-jordan","11":"product_tag-jordan-basketball-shoes","12":"product_tag-jordan-skateboarding-shoes","13":"product_tag-lifestyle-casual-shoes","14":"product_tag-lifestyle-shoes-basketball-inspired","15":"product_tag-retro-casual-shoes","17":"first","18":"instock","19":"taxable","20":"shipping-taxable","21":"purchasable","22":"product-type-simple"},"wcpa_form_fields":null,"_links":{"self":[{"href":"https:\/\/moroen.com\/de\/wp-json\/wp\/v2\/product\/295545","targetHints":{"allow":["GET"]}}],"collection":[{"href":"https:\/\/moroen.com\/de\/wp-json\/wp\/v2\/product"}],"about":[{"href":"https:\/\/moroen.com\/de\/wp-json\/wp\/v2\/types\/product"}],"replies":[{"embeddable":true,"href":"https:\/\/moroen.com\/de\/wp-json\/wp\/v2\/comments?post=295545"}],"wp:featuredmedia":[{"embeddable":true,"href":"https:\/\/moroen.com\/de\/wp-json\/wp\/v2\/media\/296135"}],"wp:attachment":[{"href":"https:\/\/moroen.com\/de\/wp-json\/wp\/v2\/media?parent=295545"}],"wp:term":[{"taxonomy":"product_brand","embeddable":true,"href":"https:\/\/moroen.com\/de\/wp-json\/wp\/v2\/product_brand?post=295545"},{"taxonomy":"product_cat","embeddable":true,"href":"https:\/\/moroen.com\/de\/wp-json\/wp\/v2\/product_cat?post=295545"},{"taxonomy":"product_tag","embeddable":true,"href":"https:\/\/moroen.com\/de\/wp-json\/wp\/v2\/product_tag?post=295545"}],"curies":[{"name":"wp","href":"https:\/\/api.w.org\/{rel}","templated":true}]}}