{"id":296405,"date":"2026-04-20T01:22:11","date_gmt":"2026-04-19T18:22:11","guid":{"rendered":"https:\/\/moroen.com\/de\/?p=296405"},"modified":"2026-04-20T01:22:11","modified_gmt":"2026-04-19T18:22:11","slug":"nike-phantom-6-low-elite-ag-chrome-black-ih3862-001","status":"publish","type":"product","link":"https:\/\/moroen.com\/de\/produkt\/nike-phantom-6-low-elite-ag-chrome-black-ih3862-001\/","title":{"rendered":"Nike Phantom 6 Low Elite AG \u201eChrome Black\u201c IH3862-001"},"content":{"rendered":"<p>Erleben Sie unvergleichliche Leistung auf Kunstrasen mit dem Nike Phantom 6 Low Elite AG \u201eChrome Black\u201c (IH3862-001), der schlankes Design, leichte Pr\u00e4zision und \u00fcberragende Traktion f\u00fcr bahnbrechende Kontrolle kombiniert.<\/p>\n<ul>\n<li><strong>Farbgebung:<\/strong> Chrome\/Black<\/li>\n<li><strong>Stilcode:<\/strong> IH3862-001<\/li>\n<li><strong>Obermaterial:<\/strong> Gripknit<\/li>\n<li><strong>Farbe:<\/strong> Teal<\/li>\n<li><strong>Saison:<\/strong> Summer<\/li>\n<li><strong>Erscheinungsjahr:<\/strong> 2025<\/li>\n<\/ul>\n","protected":false},"excerpt":{"rendered":"<p>Erleben Sie unvergleichliche Leistung auf Kunstrasen mit dem Nike Phantom 6 Low Elite AG \u201eChrome Black\u201c (IH3862-001), der schlankes Design, leichte Pr\u00e4zision und \u00fcberragende Traktion f\u00fcr bahnbrechende Kontrolle kombiniert. Farbgebung: Chrome\/Black Stilcode: IH3862-001 Obermaterial: Gripknit Farbe: Teal Saison: Summer Erscheinungsjahr: 2025<\/p>\n","protected":false},"featured_media":296799,"comment_status":"closed","ping_status":"closed","template":"","meta":[],"product_brand":[],"product_cat":[10773],"product_tag":[12579,12578,12617,10762,12563,12347,18411],"class_list":{"0":"post-296405","1":"product","2":"type-product","3":"status-publish","4":"has-post-thumbnail","6":"product_cat-nike","7":"product_tag-basketballschuhe","8":"product_tag-basketballschuhe-mit-kna-cheluntersta-tzung","9":"product_tag-fuayballschuhe","10":"product_tag-nike","11":"product_tag-performance-sportschuhe","12":"product_tag-soccer-shoes-football-cleats","13":"product_tag-unter-dem-regulaeren-preis","15":"first","16":"instock","17":"taxable","18":"shipping-taxable","19":"purchasable","20":"product-type-simple"},"wcpa_form_fields":null,"_links":{"self":[{"href":"https:\/\/moroen.com\/de\/wp-json\/wp\/v2\/product\/296405","targetHints":{"allow":["GET"]}}],"collection":[{"href":"https:\/\/moroen.com\/de\/wp-json\/wp\/v2\/product"}],"about":[{"href":"https:\/\/moroen.com\/de\/wp-json\/wp\/v2\/types\/product"}],"replies":[{"embeddable":true,"href":"https:\/\/moroen.com\/de\/wp-json\/wp\/v2\/comments?post=296405"}],"wp:featuredmedia":[{"embeddable":true,"href":"https:\/\/moroen.com\/de\/wp-json\/wp\/v2\/media\/296799"}],"wp:attachment":[{"href":"https:\/\/moroen.com\/de\/wp-json\/wp\/v2\/media?parent=296405"}],"wp:term":[{"taxonomy":"product_brand","embeddable":true,"href":"https:\/\/moroen.com\/de\/wp-json\/wp\/v2\/product_brand?post=296405"},{"taxonomy":"product_cat","embeddable":true,"href":"https:\/\/moroen.com\/de\/wp-json\/wp\/v2\/product_cat?post=296405"},{"taxonomy":"product_tag","embeddable":true,"href":"https:\/\/moroen.com\/de\/wp-json\/wp\/v2\/product_tag?post=296405"}],"curies":[{"name":"wp","href":"https:\/\/api.w.org\/{rel}","templated":true}]}}