{"id":296433,"date":"2026-04-20T01:22:11","date_gmt":"2026-04-19T18:22:11","guid":{"rendered":"https:\/\/moroen.com\/de\/?p=296433"},"modified":"2026-04-27T17:41:17","modified_gmt":"2026-04-27T10:41:17","slug":"nike-air-max-command-leder-obsidian-749760-401","status":"publish","type":"product","link":"https:\/\/moroen.com\/de\/produkt\/nike-air-max-command-leder-obsidian-749760-401\/","title":{"rendered":"Nike Air Max Command Leder \u201eObsidian\u201c 749760-401"},"content":{"rendered":"<p>Steigen Sie in den legend\u00e4ren Nike Air Max Command Leather \u201eObsidian\u201c ein und steigern Sie Ihren Stil. Diese zeitlosen Sneaker sind aus hochwertigem Leder gefertigt und zeichnen sich durch einen auff\u00e4lligen Obsidian-Farbton und ein Design aus, das eine Hommage an die legend\u00e4re Air Max-Linie darstellt. Erleben Sie unvergleichlichen Komfort mit sichtbarer Air-D\u00e4mpfung, w\u00e4hrend die strapazierf\u00e4hige Gummiau\u00dfensohle f\u00fcr optimale Traktion sorgt. Egal, ob Sie die Stra\u00dfen erobern oder ein Statement abgeben, der Air Max Command Leather \u201eObsidian\u201c verleiht Ihnen Stil und Leistung.<\/p>\n<ul>\n<li><strong>Farbgebung:<\/strong> Navy\/White<\/li>\n<li><strong>Stilcode:<\/strong> 749760-401<\/li>\n<li><strong>Obermaterial:<\/strong> Leather<\/li>\n<li><strong>Mittelsohle:<\/strong> Air<\/li>\n<li><strong>Farbe:<\/strong> Navy<\/li>\n<\/ul>\n","protected":false},"excerpt":{"rendered":"<p>Steigen Sie in den legend\u00e4ren Nike Air Max Command Leather \u201eObsidian\u201c ein und steigern Sie Ihren Stil. Diese zeitlosen Sneaker sind aus hochwertigem Leder gefertigt und zeichnen sich durch einen auff\u00e4lligen Obsidian-Farbton und ein Design aus, das eine Hommage an die legend\u00e4re Air Max-Linie darstellt. Erleben Sie unvergleichlichen Komfort mit sichtbarer Air-D\u00e4mpfung, w\u00e4hrend die strapazierf\u00e4hige [&hellip;]<\/p>\n","protected":false},"featured_media":297018,"comment_status":"closed","ping_status":"closed","template":"","meta":[],"product_brand":[],"product_cat":[10773],"product_tag":[10750,10752,18431,10756,10758,10762,10792,10763,18432,10768],"class_list":{"0":"post-296433","1":"product","2":"type-product","3":"status-publish","4":"has-post-thumbnail","6":"product_cat-nike","7":"product_tag-athleisure-shoes","8":"product_tag-best-finds-under-100","9":"product_tag-geschenkidee-fuer-ihn","10":"product_tag-lifestyle-casual-shoes","11":"product_tag-lifestyle-shoes-running-inspired","12":"product_tag-nike","13":"product_tag-nike-running-shoes","14":"product_tag-retro-running-shoes","15":"product_tag-top-angebote","16":"product_tag-trending-deals-under-150","18":"first","19":"outofstock","20":"taxable","21":"shipping-taxable","22":"purchasable","23":"product-type-simple"},"wcpa_form_fields":null,"_links":{"self":[{"href":"https:\/\/moroen.com\/de\/wp-json\/wp\/v2\/product\/296433","targetHints":{"allow":["GET"]}}],"collection":[{"href":"https:\/\/moroen.com\/de\/wp-json\/wp\/v2\/product"}],"about":[{"href":"https:\/\/moroen.com\/de\/wp-json\/wp\/v2\/types\/product"}],"replies":[{"embeddable":true,"href":"https:\/\/moroen.com\/de\/wp-json\/wp\/v2\/comments?post=296433"}],"wp:featuredmedia":[{"embeddable":true,"href":"https:\/\/moroen.com\/de\/wp-json\/wp\/v2\/media\/297018"}],"wp:attachment":[{"href":"https:\/\/moroen.com\/de\/wp-json\/wp\/v2\/media?parent=296433"}],"wp:term":[{"taxonomy":"product_brand","embeddable":true,"href":"https:\/\/moroen.com\/de\/wp-json\/wp\/v2\/product_brand?post=296433"},{"taxonomy":"product_cat","embeddable":true,"href":"https:\/\/moroen.com\/de\/wp-json\/wp\/v2\/product_cat?post=296433"},{"taxonomy":"product_tag","embeddable":true,"href":"https:\/\/moroen.com\/de\/wp-json\/wp\/v2\/product_tag?post=296433"}],"curies":[{"name":"wp","href":"https:\/\/api.w.org\/{rel}","templated":true}]}}