{"id":297247,"date":"2026-04-20T01:22:11","date_gmt":"2026-04-19T18:22:11","guid":{"rendered":"https:\/\/moroen.com\/de\/?p=297247"},"modified":"2026-04-20T01:22:11","modified_gmt":"2026-04-19T18:22:11","slug":"air-jordan-legacy-312-igloo-av3922-013","status":"publish","type":"product","link":"https:\/\/moroen.com\/de\/produkt\/air-jordan-legacy-312-igloo-av3922-013\/","title":{"rendered":"Air Jordan Legacy 312 \u201eIgloo\u201c AV3922-013"},"content":{"rendered":"<p>Wir stellen die Air Jordan Legacy 312 Igloo-Sneaker von Jordan vor. Diese stilvollen Sneaker kombinieren die ikonischen Designelemente des Air Jordan 1, des Air Jordan 3 und des Air Alpha Force f\u00fcr einen einzigartigen und kraftvollen Look. Mit einer Anspielung auf die Vergangenheit und einem frischen Hauch von Modernit\u00e4t bieten die Sneaker Legacy 312 Igloo sowohl Stil als auch Leistung. Machen Sie sich bereit, mit diesen unverzichtbaren Sneakers von Jordan aufzufallen.<\/p>\n<ul>\n<li><strong>Farbgebung:<\/strong> Black-Igloo-Concord<\/li>\n<li><strong>Stilcode:<\/strong> AV3922-013<\/li>\n<li><strong>Obermaterial:<\/strong> Leather<\/li>\n<li><strong>Mittelsohle:<\/strong> Air<\/li>\n<li><strong>Farbe:<\/strong> Black<\/li>\n<li><strong>Designer:<\/strong> Don C<\/li>\n<li><strong>Erscheinungsjahr:<\/strong> 2021<\/li>\n<\/ul>\n","protected":false},"excerpt":{"rendered":"<p>Wir stellen die Air Jordan Legacy 312 Igloo-Sneaker von Jordan vor. Diese stilvollen Sneaker kombinieren die ikonischen Designelemente des Air Jordan 1, des Air Jordan 3 und des Air Alpha Force f\u00fcr einen einzigartigen und kraftvollen Look. Mit einer Anspielung auf die Vergangenheit und einem frischen Hauch von Modernit\u00e4t bieten die Sneaker Legacy 312 Igloo [&hellip;]<\/p>\n","protected":false},"featured_media":297514,"comment_status":"closed","ping_status":"closed","template":"","meta":[],"product_brand":[],"product_cat":[10825],"product_tag":[10750,18431,10819,10820,10821,10756,10814,10858,18411],"class_list":{"0":"post-297247","1":"product","2":"type-product","3":"status-publish","4":"has-post-thumbnail","6":"product_cat-jordan","7":"product_tag-athleisure-shoes","8":"product_tag-geschenkidee-fuer-ihn","9":"product_tag-jordan","10":"product_tag-jordan-basketball-shoes","11":"product_tag-jordan-skateboarding-shoes","12":"product_tag-lifestyle-casual-shoes","13":"product_tag-lifestyle-shoes-basketball-inspired","14":"product_tag-retro-casual-shoes","15":"product_tag-unter-dem-regulaeren-preis","16":"wcpa_has_options","18":"first","19":"instock","20":"taxable","21":"shipping-taxable","22":"purchasable","23":"product-type-simple"},"wcpa_form_fields":{"rules":{"pric_overide_base_price":false,"pric_overide_base_price_if_gt_zero":false,"pric_overide_base_price_fully":false,"pric_cal_option_once":false,"pric_use_as_fee":false,"bind_quantity":false,"quantity_bind_formula":false},"fields":[{"type":"color-group","required":true,"elementId":"wcpa-color-group-66c4a75505e74","label":"Gr\u00f6\u00dfe - EU Gr\u00f6\u00dfe","inline":true,"priceOptions":"different_for_all","pricingType":"fixed","className":"hassizechart product-shoes-size-eu product-shoes-size","name":"color-group-66c4a75505e89","disp_type":"square","selection_type":"tick-border","disp_size":"44","show_label_inside":true,"adjust_width":true,"cart_display_type":"text","other_text":"Other","cl_rule":"show","col":6,"values":[{"label":"35.5","value":"EU 35.5","price":"","pimage":"","pimage_id":"","pthumb":"","color":""},{"label":"36","value":"EU 36","price":"","pimage":"","pimage_id":"","pthumb":"","color":"","selected":true},{"label":"36.5","value":"EU 36.5","price":"","pimage":"","pimage_id":"","pthumb":"","color":""},{"label":"37.5","value":"EU 37.5","price":"","pimage":"","pimage_id":"","pthumb":"","color":""},{"label":"38","value":"EU 38","price":"","pimage":"","pimage_id":"","pthumb":"","color":""},{"label":"38.5","value":"EU 38.5","price":"","pimage":"","pimage_id":"","pthumb":"","color":""},{"label":"39","value":"EU 39","price":"","pimage":"","pimage_id":"","pthumb":"","color":""},{"label":"40","value":"EU 40","price":"","pimage":"","pimage_id":"","pthumb":"","color":""},{"label":"40.5","value":"EU 40.5","price":"","pimage":"","pimage_id":"","pthumb":"","color":""},{"label":"41","value":"EU 41","price":"","pimage":"","pimage_id":"","pthumb":"","color":""},{"label":"42","value":"EU 42","price":"","pimage":"","pimage_id":"","pthumb":"","color":""},{"label":"42.5","value":"EU 42.5","price":"","pimage":"","pimage_id":"","pthumb":"","color":""},{"label":"43","value":"EU 43","price":"","pimage":"","pimage_id":"","pthumb":"","color":""},{"label":"44","value":"EU 44","price":"","pimage":"","pimage_id":"","pthumb":"","color":""},{"label":"44.5","value":"EU 44.5","price":"","pimage":"","pimage_id":"","pthumb":"","color":""},{"label":"45","value":"EU 45","price":"","pimage":"","pimage_id":"","pthumb":"","color":""},{"label":"45.5","value":"EU 45.5","price":"","pimage":"","pimage_id":"","pthumb":"","color":""},{"label":"46","value":"EU 46","price":"","pimage":"","pimage_id":"","pthumb":"","color":""},{"label":"47","value":"EU 47","price":"","pimage":"","pimage_id":"","pthumb":"","color":""},{"label":"47.5","value":"EU 47.5","price":"","pimage":"","pimage_id":"","pthumb":"","color":""},{"label":"48","value":"EU 48","price":"","pimage":"","pimage_id":"","pthumb":"","color":""}],"relations":[{"operator":false,"rules":[]}],"form_id":18106,"form_rules":{"pric_cal_option_once":false,"exclude_from_discount":false,"pric_use_as_fee":false,"fee_label":"Fee","render_after_acb":false,"disp_hide_options_price":false}}]},"_links":{"self":[{"href":"https:\/\/moroen.com\/de\/wp-json\/wp\/v2\/product\/297247","targetHints":{"allow":["GET"]}}],"collection":[{"href":"https:\/\/moroen.com\/de\/wp-json\/wp\/v2\/product"}],"about":[{"href":"https:\/\/moroen.com\/de\/wp-json\/wp\/v2\/types\/product"}],"replies":[{"embeddable":true,"href":"https:\/\/moroen.com\/de\/wp-json\/wp\/v2\/comments?post=297247"}],"wp:featuredmedia":[{"embeddable":true,"href":"https:\/\/moroen.com\/de\/wp-json\/wp\/v2\/media\/297514"}],"wp:attachment":[{"href":"https:\/\/moroen.com\/de\/wp-json\/wp\/v2\/media?parent=297247"}],"wp:term":[{"taxonomy":"product_brand","embeddable":true,"href":"https:\/\/moroen.com\/de\/wp-json\/wp\/v2\/product_brand?post=297247"},{"taxonomy":"product_cat","embeddable":true,"href":"https:\/\/moroen.com\/de\/wp-json\/wp\/v2\/product_cat?post=297247"},{"taxonomy":"product_tag","embeddable":true,"href":"https:\/\/moroen.com\/de\/wp-json\/wp\/v2\/product_tag?post=297247"}],"curies":[{"name":"wp","href":"https:\/\/api.w.org\/{rel}","templated":true}]}}