{"id":297312,"date":"2026-04-20T01:22:11","date_gmt":"2026-04-19T18:22:11","guid":{"rendered":"https:\/\/moroen.com\/de\/?p=297312"},"modified":"2026-04-20T01:22:11","modified_gmt":"2026-04-19T18:22:11","slug":"air-jordan-12-utility-grind-dc1062-006","status":"publish","type":"product","link":"https:\/\/moroen.com\/de\/produkt\/air-jordan-12-utility-grind-dc1062-006\/","title":{"rendered":"Air Jordan 12 Utility \u201eGrind\u201c DC1062-006"},"content":{"rendered":"<p>Verbessern Sie Ihr Sneaker-Game mit dem Air Jordan 12 Utility \u201eGrind\u201c DC1062-006. Dieses ikonische Design kombiniert hochwertige Materialien mit nachhaltigen Elementen und verf\u00fcgt \u00fcber ein elegantes schwarzes Obermaterial, leuchtend blaue Akzente und eine strapazierf\u00e4hige, gesprenkelte Gummilaufsohle. Der Sneaker eignet sich sowohl f\u00fcr Performance als auch f\u00fcr Streetstyle und bietet mit seiner Schaumstoffzwischensohle und der Zoom Air-D\u00e4mpfung un\u00fcbertroffenen Komfort und Halt. Erweitern Sie Ihre Schuhkollektion und setzen Sie gleichzeitig ein Statement mit diesem umweltfreundlichen, leistungsstarken Schuhwerk.<\/p>\n<ul>\n<li><strong>Farbgebung:<\/strong> Black\/Black-Bright Crimson-White<\/li>\n<li><strong>Stilcode:<\/strong> DC1062-006<\/li>\n<li><strong>Obermaterial:<\/strong> Leather<\/li>\n<li><strong>Mittelsohle:<\/strong> Zoom Air<\/li>\n<li><strong>Farbe:<\/strong> Black<\/li>\n<li><strong>Designer:<\/strong> Tinker Hatfield<\/li>\n<li><strong>Saison:<\/strong> Summer<\/li>\n<li><strong>Erscheinungsjahr:<\/strong> 2021<\/li>\n<\/ul>\n","protected":false},"excerpt":{"rendered":"<p>Verbessern Sie Ihr Sneaker-Game mit dem Air Jordan 12 Utility \u201eGrind\u201c DC1062-006. Dieses ikonische Design kombiniert hochwertige Materialien mit nachhaltigen Elementen und verf\u00fcgt \u00fcber ein elegantes schwarzes Obermaterial, leuchtend blaue Akzente und eine strapazierf\u00e4hige, gesprenkelte Gummilaufsohle. Der Sneaker eignet sich sowohl f\u00fcr Performance als auch f\u00fcr Streetstyle und bietet mit seiner Schaumstoffzwischensohle und der Zoom [&hellip;]<\/p>\n","protected":false},"featured_media":297996,"comment_status":"closed","ping_status":"closed","template":"","meta":[],"product_brand":[],"product_cat":[10825],"product_tag":[12579,12578,18431,10819,10820,10821,12563],"class_list":{"0":"post-297312","1":"product","2":"type-product","3":"status-publish","4":"has-post-thumbnail","6":"product_cat-jordan","7":"product_tag-basketballschuhe","8":"product_tag-basketballschuhe-mit-kna-cheluntersta-tzung","9":"product_tag-geschenkidee-fuer-ihn","10":"product_tag-jordan","11":"product_tag-jordan-basketball-shoes","12":"product_tag-jordan-skateboarding-shoes","13":"product_tag-performance-sportschuhe","15":"first","16":"instock","17":"taxable","18":"shipping-taxable","19":"purchasable","20":"product-type-simple"},"wcpa_form_fields":null,"_links":{"self":[{"href":"https:\/\/moroen.com\/de\/wp-json\/wp\/v2\/product\/297312","targetHints":{"allow":["GET"]}}],"collection":[{"href":"https:\/\/moroen.com\/de\/wp-json\/wp\/v2\/product"}],"about":[{"href":"https:\/\/moroen.com\/de\/wp-json\/wp\/v2\/types\/product"}],"replies":[{"embeddable":true,"href":"https:\/\/moroen.com\/de\/wp-json\/wp\/v2\/comments?post=297312"}],"wp:featuredmedia":[{"embeddable":true,"href":"https:\/\/moroen.com\/de\/wp-json\/wp\/v2\/media\/297996"}],"wp:attachment":[{"href":"https:\/\/moroen.com\/de\/wp-json\/wp\/v2\/media?parent=297312"}],"wp:term":[{"taxonomy":"product_brand","embeddable":true,"href":"https:\/\/moroen.com\/de\/wp-json\/wp\/v2\/product_brand?post=297312"},{"taxonomy":"product_cat","embeddable":true,"href":"https:\/\/moroen.com\/de\/wp-json\/wp\/v2\/product_cat?post=297312"},{"taxonomy":"product_tag","embeddable":true,"href":"https:\/\/moroen.com\/de\/wp-json\/wp\/v2\/product_tag?post=297312"}],"curies":[{"name":"wp","href":"https:\/\/api.w.org\/{rel}","templated":true}]}}