{"id":298149,"date":"2026-04-20T01:22:11","date_gmt":"2026-04-19T18:22:11","guid":{"rendered":"https:\/\/moroen.com\/de\/?p=298149"},"modified":"2026-04-20T01:22:11","modified_gmt":"2026-04-19T18:22:11","slug":"asics-gel-nyc-arctic-sky-1203a383-107","status":"publish","type":"product","link":"https:\/\/moroen.com\/de\/produkt\/asics-gel-nyc-arctic-sky-1203a383-107\/","title":{"rendered":"ASICS Gel NYC \u201eArctic Sky\u201c 1203A383-107"},"content":{"rendered":"<p>Entdecken Sie die perfekte Mischung aus Stil und Leistung mit dem ASICS Gel-NYC Cream Arctic Sky 1203A383-107. Diese Sneaker sind sowohl auf Komfort als auch auf Haltbarkeit ausgelegt und verf\u00fcgen \u00fcber die charakteristische GEL-D\u00e4mpfung von ASICS f\u00fcr eine verbesserte Sto\u00dfd\u00e4mpfung. Die elegante Farbgebung in Creme und arktischem Himmel verleiht Ihrer Sportgarderobe einen Hauch von Raffinesse. Diese vielseitigen Sneaker sind ideal f\u00fcr Sportler und Modebegeisterte und versprechen unvergleichlichen Halt und Stil auf jedem Terrain. Werten Sie Ihre Schuhkollektion mit ASICS Gel-NYC\u2019s Perfect auf<\/p>\n<ul>\n<li><strong>Farbgebung:<\/strong> Cream\/Arctic Sky<\/li>\n<li><strong>Stilcode:<\/strong> 1203A383-107<\/li>\n<li><strong>Obermaterial:<\/strong> Suede<\/li>\n<li><strong>Mittelsohle:<\/strong> Gel<\/li>\n<li><strong>Farbe:<\/strong> Blue<\/li>\n<\/ul>\n","protected":false},"excerpt":{"rendered":"<p>Entdecken Sie die perfekte Mischung aus Stil und Leistung mit dem ASICS Gel-NYC Cream Arctic Sky 1203A383-107. Diese Sneaker sind sowohl auf Komfort als auch auf Haltbarkeit ausgelegt und verf\u00fcgen \u00fcber die charakteristische GEL-D\u00e4mpfung von ASICS f\u00fcr eine verbesserte Sto\u00dfd\u00e4mpfung. Die elegante Farbgebung in Creme und arktischem Himmel verleiht Ihrer Sportgarderobe einen Hauch von Raffinesse. [&hellip;]<\/p>\n","protected":false},"featured_media":298892,"comment_status":"closed","ping_status":"closed","template":"","meta":[],"product_brand":[],"product_cat":[12567],"product_tag":[12565,10750,10756,10758,10763],"class_list":{"0":"post-298149","1":"product","2":"type-product","3":"status-publish","4":"has-post-thumbnail","6":"product_cat-asics","7":"product_tag-asics","8":"product_tag-athleisure-shoes","9":"product_tag-lifestyle-casual-shoes","10":"product_tag-lifestyle-shoes-running-inspired","11":"product_tag-retro-running-shoes","12":"wcpa_has_options","14":"first","15":"instock","16":"taxable","17":"shipping-taxable","18":"purchasable","19":"product-type-simple"},"wcpa_form_fields":null,"_links":{"self":[{"href":"https:\/\/moroen.com\/de\/wp-json\/wp\/v2\/product\/298149","targetHints":{"allow":["GET"]}}],"collection":[{"href":"https:\/\/moroen.com\/de\/wp-json\/wp\/v2\/product"}],"about":[{"href":"https:\/\/moroen.com\/de\/wp-json\/wp\/v2\/types\/product"}],"replies":[{"embeddable":true,"href":"https:\/\/moroen.com\/de\/wp-json\/wp\/v2\/comments?post=298149"}],"wp:featuredmedia":[{"embeddable":true,"href":"https:\/\/moroen.com\/de\/wp-json\/wp\/v2\/media\/298892"}],"wp:attachment":[{"href":"https:\/\/moroen.com\/de\/wp-json\/wp\/v2\/media?parent=298149"}],"wp:term":[{"taxonomy":"product_brand","embeddable":true,"href":"https:\/\/moroen.com\/de\/wp-json\/wp\/v2\/product_brand?post=298149"},{"taxonomy":"product_cat","embeddable":true,"href":"https:\/\/moroen.com\/de\/wp-json\/wp\/v2\/product_cat?post=298149"},{"taxonomy":"product_tag","embeddable":true,"href":"https:\/\/moroen.com\/de\/wp-json\/wp\/v2\/product_tag?post=298149"}],"curies":[{"name":"wp","href":"https:\/\/api.w.org\/{rel}","templated":true}]}}