{"id":299757,"date":"2026-04-20T01:22:11","date_gmt":"2026-04-19T18:22:11","guid":{"rendered":"https:\/\/moroen.com\/de\/?p=299757"},"modified":"2026-04-20T01:22:11","modified_gmt":"2026-04-19T18:22:11","slug":"nike-air-zoom-structure-25-black-iron-grey-dj7883-002","status":"publish","type":"product","link":"https:\/\/moroen.com\/de\/produkt\/nike-air-zoom-structure-25-black-iron-grey-dj7883-002\/","title":{"rendered":"Nike Air Zoom Structure 25 \u201eBlack Iron Grey\u201c DJ7883-002"},"content":{"rendered":"<p>Verbessern Sie Ihre L\u00e4ufe mit dem Nike Air Zoom Structure 25 \u201eBlack Iron Grey\u201c! Diese leistungsorientierten Schuhe verf\u00fcgen \u00fcber ein atmungsaktives Mesh-Obermaterial f\u00fcr optimale Bel\u00fcftung und einen Pl\u00fcschkragen f\u00fcr mehr Komfort. Die durchgehende Zwischensohle aus ZoomX-Schaum sorgt f\u00fcr au\u00dfergew\u00f6hnliche D\u00e4mpfung und Energier\u00fcckgabe, w\u00e4hrend die Air Zoom-Einheiten im Vorfu\u00df f\u00fcr reaktionsfreudigen Vortrieb sorgen. Die Gummiau\u00dfensohle sorgt f\u00fcr zuverl\u00e4ssige Traktion und macht diese Schuhe zur perfekten Wahl f\u00fcr jeden L\u00e4ufer, der Stabilit\u00e4t, Halt und einen Hauch von Stil sucht.<\/p>\n<ul>\n<li><strong>Farbgebung:<\/strong> Black\/Iron Grey\/White<\/li>\n<li><strong>Stilcode:<\/strong> DJ7883-002<\/li>\n<li><strong>Obermaterial:<\/strong> Mesh<\/li>\n<li><strong>Mittelsohle:<\/strong> Zoom Air<\/li>\n<li><strong>Erscheinungsjahr:<\/strong> 2023<\/li>\n<\/ul>\n","protected":false},"excerpt":{"rendered":"<p>Verbessern Sie Ihre L\u00e4ufe mit dem Nike Air Zoom Structure 25 \u201eBlack Iron Grey\u201c! Diese leistungsorientierten Schuhe verf\u00fcgen \u00fcber ein atmungsaktives Mesh-Obermaterial f\u00fcr optimale Bel\u00fcftung und einen Pl\u00fcschkragen f\u00fcr mehr Komfort. Die durchgehende Zwischensohle aus ZoomX-Schaum sorgt f\u00fcr au\u00dfergew\u00f6hnliche D\u00e4mpfung und Energier\u00fcckgabe, w\u00e4hrend die Air Zoom-Einheiten im Vorfu\u00df f\u00fcr reaktionsfreudigen Vortrieb sorgen. Die Gummiau\u00dfensohle sorgt [&hellip;]<\/p>\n","protected":false},"featured_media":299980,"comment_status":"closed","ping_status":"closed","template":"","meta":[],"product_brand":[],"product_cat":[10773],"product_tag":[12579,12578,18431,12564,10762,12563,18411],"class_list":{"0":"post-299757","1":"product","2":"type-product","3":"status-publish","4":"has-post-thumbnail","6":"product_cat-nike","7":"product_tag-basketballschuhe","8":"product_tag-basketballschuhe-mit-kna-cheluntersta-tzung","9":"product_tag-geschenkidee-fuer-ihn","10":"product_tag-laufschuhe","11":"product_tag-nike","12":"product_tag-performance-sportschuhe","13":"product_tag-unter-dem-regulaeren-preis","15":"first","16":"instock","17":"taxable","18":"shipping-taxable","19":"purchasable","20":"product-type-simple"},"wcpa_form_fields":null,"_links":{"self":[{"href":"https:\/\/moroen.com\/de\/wp-json\/wp\/v2\/product\/299757","targetHints":{"allow":["GET"]}}],"collection":[{"href":"https:\/\/moroen.com\/de\/wp-json\/wp\/v2\/product"}],"about":[{"href":"https:\/\/moroen.com\/de\/wp-json\/wp\/v2\/types\/product"}],"replies":[{"embeddable":true,"href":"https:\/\/moroen.com\/de\/wp-json\/wp\/v2\/comments?post=299757"}],"wp:featuredmedia":[{"embeddable":true,"href":"https:\/\/moroen.com\/de\/wp-json\/wp\/v2\/media\/299980"}],"wp:attachment":[{"href":"https:\/\/moroen.com\/de\/wp-json\/wp\/v2\/media?parent=299757"}],"wp:term":[{"taxonomy":"product_brand","embeddable":true,"href":"https:\/\/moroen.com\/de\/wp-json\/wp\/v2\/product_brand?post=299757"},{"taxonomy":"product_cat","embeddable":true,"href":"https:\/\/moroen.com\/de\/wp-json\/wp\/v2\/product_cat?post=299757"},{"taxonomy":"product_tag","embeddable":true,"href":"https:\/\/moroen.com\/de\/wp-json\/wp\/v2\/product_tag?post=299757"}],"curies":[{"name":"wp","href":"https:\/\/api.w.org\/{rel}","templated":true}]}}