{"id":299783,"date":"2026-04-20T01:22:11","date_gmt":"2026-04-19T18:22:11","guid":{"rendered":"https:\/\/moroen.com\/de\/?p=299783"},"modified":"2026-04-20T01:22:11","modified_gmt":"2026-04-19T18:22:11","slug":"asics-gel-venture-10-extra-wide-1011b966-001","status":"publish","type":"product","link":"https:\/\/moroen.com\/de\/produkt\/asics-gel-venture-10-extra-wide-1011b966-001\/","title":{"rendered":"ASICS GEL-VENTURE 10 EXTRA WIDE 1011B966-001"},"content":{"rendered":"<p>Erleben Sie ultimativen Komfort und Leistung mit den ASICS GEL-VENTURE 10 Extra Wide Laufschuhen, die f\u00fcr Outdoor-Enthusiasten entwickelt wurden, die bei jedem Schritt hervorragende Unterst\u00fctzung suchen. Diese vielseitigen Schuhe sind mit einer extraweiten Passform ausgestattet und richten sich an Personen, die beim Laufen oder bei t\u00e4glichen Aktivit\u00e4ten Wert auf Komfort und Funktionalit\u00e4t legen. Die fortschrittliche GEL-D\u00e4mpfungstechnologie absorbiert St\u00f6\u00dfe m\u00fchelos und sorgt so f\u00fcr eine sanftere Fahrt auf unterschiedlichem Gel\u00e4nde. Strapazierf\u00e4higkeit wird durch die robuste Au\u00dfensohlentraktion gew\u00e4hrleistet, die hervorragenden Halt f\u00fcr Trail-Abenteuer oder Stadterkundungen bietet. Diese Schuhe sind mit einem atmungsaktiven Obermaterial und einer passgenauen Passform verst\u00e4rkt und halten Ihre F\u00fc\u00dfe k\u00fchl und sicher, unabh\u00e4ngig von der Entfernung. Der ASICS GEL-VENTURE 10 Extra Wide ist ideal f\u00fcr L\u00e4ufer, Wanderer und aktive Menschen und definiert Bewegung f\u00fcr ganzt\u00e4gigen Komfort und Leistung neu.<\/p>\n<ul>\n<li><strong>Farbgebung:<\/strong> Black\/Graphite Grey<\/li>\n<li><strong>Stilcode:<\/strong> 1011B966-001<\/li>\n<li><strong>Obermaterial:<\/strong> Mesh<\/li>\n<li><strong>Mittelsohle:<\/strong> Gel<\/li>\n<li><strong>Farbe:<\/strong> Black<\/li>\n<\/ul>\n","protected":false},"excerpt":{"rendered":"<p>Erleben Sie ultimativen Komfort und Leistung mit den ASICS GEL-VENTURE 10 Extra Wide Laufschuhen, die f\u00fcr Outdoor-Enthusiasten entwickelt wurden, die bei jedem Schritt hervorragende Unterst\u00fctzung suchen. Diese vielseitigen Schuhe sind mit einer extraweiten Passform ausgestattet und richten sich an Personen, die beim Laufen oder bei t\u00e4glichen Aktivit\u00e4ten Wert auf Komfort und Funktionalit\u00e4t legen. Die fortschrittliche [&hellip;]<\/p>\n","protected":false},"featured_media":300160,"comment_status":"closed","ping_status":"closed","template":"","meta":[],"product_brand":[],"product_cat":[12567],"product_tag":[12565,12564,10777,12563,10937,18411],"class_list":{"0":"post-299783","1":"product","2":"type-product","3":"status-publish","4":"has-post-thumbnail","6":"product_cat-asics","7":"product_tag-asics","8":"product_tag-laufschuhe","9":"product_tag-performance-running-shoes","10":"product_tag-performance-sportschuhe","11":"product_tag-trail-running-shoes","12":"product_tag-unter-dem-regulaeren-preis","13":"wcpa_has_options","15":"first","16":"instock","17":"taxable","18":"shipping-taxable","19":"purchasable","20":"product-type-simple"},"wcpa_form_fields":{"rules":{"pric_overide_base_price":false,"pric_overide_base_price_if_gt_zero":false,"pric_overide_base_price_fully":false,"pric_cal_option_once":false,"pric_use_as_fee":false,"bind_quantity":false,"quantity_bind_formula":false},"fields":[{"type":"color-group","required":true,"elementId":"wcpa-color-group-69a5ac3f3e644","label":"Gr\u00f6\u00dfe","inline":true,"priceOptions":"different_for_all","pricingType":"fixed","className":"hassizechart product-shoes-size-eu product-shoes-size","name":"color-group-69a5ac3f3e64e","disp_type":"square","selection_type":"tick-border","disp_size":"50","show_label_inside":true,"adjust_width":true,"cart_display_type":"text","other_text":"Other","cl_rule":"show","col":6,"values":[{"label":"34.5","value":"EU 34.5","price":"","pimage":"","pimage_id":"","pthumb":"","color":""},{"label":"35","value":"EU 35","price":"","pimage":"","pimage_id":"","pthumb":"","color":""},{"label":"35.5","value":"EU 35.5","price":"","pimage":"","pimage_id":"","pthumb":"","color":""},{"label":"36","value":"EU 36","price":"","pimage":"","pimage_id":"","pthumb":"","color":"","selected":true},{"label":"37","value":"EU 37","price":"","pimage":"","pimage_id":"","pthumb":"","color":""},{"label":"37.5","value":"EU 37.5","price":"","pimage":"","pimage_id":"","pthumb":"","color":""},{"label":"38","value":"EU 38","price":"","pimage":"","pimage_id":"","pthumb":"","color":""},{"label":"38.5","value":"EU 38.5","price":"","pimage":"","pimage_id":"","pthumb":"","color":""},{"label":"39","value":"EU 39","price":"","pimage":"","pimage_id":"","pthumb":"","color":""},{"label":"39.5","value":"EU 39.5","price":"","pimage":"","pimage_id":"","pthumb":"","color":""},{"label":"40","value":"EU 40","price":"","pimage":"","pimage_id":"","pthumb":"","color":""},{"label":"40.5","value":"EU 40.5","price":"","pimage":"","pimage_id":"","pthumb":"","color":""},{"label":" 41.5","value":"EU 41.5","price":"","pimage":"","pimage_id":"","pthumb":"","color":""},{"label":"42","value":"EU 42","price":"","pimage":"","pimage_id":"","pthumb":"","color":""},{"label":"42.5","value":"EU 42.5","price":"","pimage":"","pimage_id":"","pthumb":"","color":""},{"label":"43.5","value":"EU 43.5","price":"","pimage":"","pimage_id":"","pthumb":"","color":""},{"label":"44","value":"EU 44","price":"","pimage":"","pimage_id":"","pthumb":"","color":""},{"label":"44.5","value":"EU 44.5","price":"","pimage":"","pimage_id":"","pthumb":"","color":""},{"label":"45","value":"EU 45","price":"","pimage":"","pimage_id":"","pthumb":"","color":""}],"relations":[{"operator":false,"rules":[]}],"form_id":184312,"form_rules":{"pric_cal_option_once":false,"exclude_from_discount":false,"pric_use_as_fee":false,"fee_label":"Fee","render_after_acb":false,"disp_hide_options_price":false}}]},"_links":{"self":[{"href":"https:\/\/moroen.com\/de\/wp-json\/wp\/v2\/product\/299783","targetHints":{"allow":["GET"]}}],"collection":[{"href":"https:\/\/moroen.com\/de\/wp-json\/wp\/v2\/product"}],"about":[{"href":"https:\/\/moroen.com\/de\/wp-json\/wp\/v2\/types\/product"}],"replies":[{"embeddable":true,"href":"https:\/\/moroen.com\/de\/wp-json\/wp\/v2\/comments?post=299783"}],"wp:featuredmedia":[{"embeddable":true,"href":"https:\/\/moroen.com\/de\/wp-json\/wp\/v2\/media\/300160"}],"wp:attachment":[{"href":"https:\/\/moroen.com\/de\/wp-json\/wp\/v2\/media?parent=299783"}],"wp:term":[{"taxonomy":"product_brand","embeddable":true,"href":"https:\/\/moroen.com\/de\/wp-json\/wp\/v2\/product_brand?post=299783"},{"taxonomy":"product_cat","embeddable":true,"href":"https:\/\/moroen.com\/de\/wp-json\/wp\/v2\/product_cat?post=299783"},{"taxonomy":"product_tag","embeddable":true,"href":"https:\/\/moroen.com\/de\/wp-json\/wp\/v2\/product_tag?post=299783"}],"curies":[{"name":"wp","href":"https:\/\/api.w.org\/{rel}","templated":true}]}}