{"id":299799,"date":"2026-04-20T01:22:11","date_gmt":"2026-04-19T18:22:11","guid":{"rendered":"https:\/\/moroen.com\/de\/?p=299799"},"modified":"2026-04-20T01:22:11","modified_gmt":"2026-04-19T18:22:11","slug":"air-jordan-9-retro-university-blue-ct8019-140","status":"publish","type":"product","link":"https:\/\/moroen.com\/de\/produkt\/air-jordan-9-retro-university-blue-ct8019-140\/","title":{"rendered":"Air Jordan 9 Retro \u201eUniversity Blue\u201c CT8019-140"},"content":{"rendered":"<p>Wir stellen den Air Jordan 9 Retro University Blue, auch bekannt als University Blue, der legend\u00e4ren Marke Jordan vor. Dieser Sneaker hat eine elegante wei\u00dfe Farbgebung und ist somit perfekt f\u00fcr jedes stilvolle Outfit. Schnappen Sie sich ein Paar dieser Retro-Schuhe und heben Sie sich mit dem klassischen Jordan-Stil von der Masse ab.<\/p>\n<ul>\n<li><strong>Farbgebung:<\/strong> White\/Black\/University Blue<\/li>\n<li><strong>Stilcode:<\/strong> CT8019-140<\/li>\n<li><strong>Obermaterial:<\/strong> Leather<\/li>\n<li><strong>Mittelsohle:<\/strong> Air<\/li>\n<li><strong>Farbe:<\/strong> White<\/li>\n<li><strong>Designer:<\/strong> Tinker Hatfield<\/li>\n<li><strong>Saison:<\/strong> Winter<\/li>\n<li><strong>Erscheinungsjahr:<\/strong> 2020<\/li>\n<\/ul>\n","protected":false},"excerpt":{"rendered":"<p>Wir stellen den Air Jordan 9 Retro University Blue, auch bekannt als University Blue, der legend\u00e4ren Marke Jordan vor. Dieser Sneaker hat eine elegante wei\u00dfe Farbgebung und ist somit perfekt f\u00fcr jedes stilvolle Outfit. Schnappen Sie sich ein Paar dieser Retro-Schuhe und heben Sie sich mit dem klassischen Jordan-Stil von der Masse ab. Farbgebung: White\/Black\/University [&hellip;]<\/p>\n","protected":false},"featured_media":300259,"comment_status":"closed","ping_status":"closed","template":"","meta":[],"product_brand":[],"product_cat":[10825],"product_tag":[10750,18431,10819,10820,10821,10756,10814,10858,18432,18411],"class_list":{"0":"post-299799","1":"product","2":"type-product","3":"status-publish","4":"has-post-thumbnail","6":"product_cat-jordan","7":"product_tag-athleisure-shoes","8":"product_tag-geschenkidee-fuer-ihn","9":"product_tag-jordan","10":"product_tag-jordan-basketball-shoes","11":"product_tag-jordan-skateboarding-shoes","12":"product_tag-lifestyle-casual-shoes","13":"product_tag-lifestyle-shoes-basketball-inspired","14":"product_tag-retro-casual-shoes","15":"product_tag-top-angebote","16":"product_tag-unter-dem-regulaeren-preis","18":"first","19":"instock","20":"taxable","21":"shipping-taxable","22":"purchasable","23":"product-type-simple"},"wcpa_form_fields":null,"_links":{"self":[{"href":"https:\/\/moroen.com\/de\/wp-json\/wp\/v2\/product\/299799","targetHints":{"allow":["GET"]}}],"collection":[{"href":"https:\/\/moroen.com\/de\/wp-json\/wp\/v2\/product"}],"about":[{"href":"https:\/\/moroen.com\/de\/wp-json\/wp\/v2\/types\/product"}],"replies":[{"embeddable":true,"href":"https:\/\/moroen.com\/de\/wp-json\/wp\/v2\/comments?post=299799"}],"wp:featuredmedia":[{"embeddable":true,"href":"https:\/\/moroen.com\/de\/wp-json\/wp\/v2\/media\/300259"}],"wp:attachment":[{"href":"https:\/\/moroen.com\/de\/wp-json\/wp\/v2\/media?parent=299799"}],"wp:term":[{"taxonomy":"product_brand","embeddable":true,"href":"https:\/\/moroen.com\/de\/wp-json\/wp\/v2\/product_brand?post=299799"},{"taxonomy":"product_cat","embeddable":true,"href":"https:\/\/moroen.com\/de\/wp-json\/wp\/v2\/product_cat?post=299799"},{"taxonomy":"product_tag","embeddable":true,"href":"https:\/\/moroen.com\/de\/wp-json\/wp\/v2\/product_tag?post=299799"}],"curies":[{"name":"wp","href":"https:\/\/api.w.org\/{rel}","templated":true}]}}