{"id":299819,"date":"2026-04-20T01:22:11","date_gmt":"2026-04-19T18:22:11","guid":{"rendered":"https:\/\/moroen.com\/de\/?p=299819"},"modified":"2026-04-20T01:22:11","modified_gmt":"2026-04-19T18:22:11","slug":"adidas-yeezy-knit-runner-stone-onyx-ig7831","status":"publish","type":"product","link":"https:\/\/moroen.com\/de\/produkt\/adidas-yeezy-knit-runner-stone-onyx-ig7831\/","title":{"rendered":"adidas Yeezy Knit Runner \u201eStone Onyx\u201c IG7831"},"content":{"rendered":"<p>Wir stellen den adidas Yeezy Knit Runner \u201eStone Onyx\u201c (IG7831) vor, einen eleganten und modernen Sneaker. Diese Schuhe sind mit einem atmungsaktiven Strickobermaterial gefertigt und bieten leichten Komfort. Das einzigartige Schn\u00fcrsystem und der elastische Kragen sorgen f\u00fcr eine gute Passform. Die charakteristische Boost-D\u00e4mpfung sorgt f\u00fcr eine beispiellose Energier\u00fcckgabe und macht jeden Schritt zum Vergn\u00fcgen. Verbessern Sie Ihr Sneaker-Game noch heute mit dem adidas Yeezy Knit Runner \u201eStone Onyx\u201c und erleben Sie den Inbegriff von Stil und Leistung.<\/p>\n<ul>\n<li><strong>Farbgebung:<\/strong> Grey<\/li>\n<li><strong>Stilcode:<\/strong> IG7831<\/li>\n<li><strong>Obermaterial:<\/strong> Knit<\/li>\n<li><strong>Farbe:<\/strong> Black<\/li>\n<li><strong>Designer:<\/strong> Kanye West<\/li>\n<\/ul>\n","protected":false},"excerpt":{"rendered":"<p>Wir stellen den adidas Yeezy Knit Runner \u201eStone Onyx\u201c (IG7831) vor, einen eleganten und modernen Sneaker. Diese Schuhe sind mit einem atmungsaktiven Strickobermaterial gefertigt und bieten leichten Komfort. Das einzigartige Schn\u00fcrsystem und der elastische Kragen sorgen f\u00fcr eine gute Passform. Die charakteristische Boost-D\u00e4mpfung sorgt f\u00fcr eine beispiellose Energier\u00fcckgabe und macht jeden Schritt zum Vergn\u00fcgen. Verbessern [&hellip;]<\/p>\n","protected":false},"featured_media":300406,"comment_status":"closed","ping_status":"closed","template":"","meta":[],"product_brand":[],"product_cat":[10791],"product_tag":[10789,10750,18431,10756,10758,18411],"class_list":{"0":"post-299819","1":"product","2":"type-product","3":"status-publish","4":"has-post-thumbnail","6":"product_cat-adidas","7":"product_tag-adidas","8":"product_tag-athleisure-shoes","9":"product_tag-geschenkidee-fuer-ihn","10":"product_tag-lifestyle-casual-shoes","11":"product_tag-lifestyle-shoes-running-inspired","12":"product_tag-unter-dem-regulaeren-preis","14":"first","15":"instock","16":"taxable","17":"shipping-taxable","18":"purchasable","19":"product-type-simple"},"wcpa_form_fields":null,"_links":{"self":[{"href":"https:\/\/moroen.com\/de\/wp-json\/wp\/v2\/product\/299819","targetHints":{"allow":["GET"]}}],"collection":[{"href":"https:\/\/moroen.com\/de\/wp-json\/wp\/v2\/product"}],"about":[{"href":"https:\/\/moroen.com\/de\/wp-json\/wp\/v2\/types\/product"}],"replies":[{"embeddable":true,"href":"https:\/\/moroen.com\/de\/wp-json\/wp\/v2\/comments?post=299819"}],"wp:featuredmedia":[{"embeddable":true,"href":"https:\/\/moroen.com\/de\/wp-json\/wp\/v2\/media\/300406"}],"wp:attachment":[{"href":"https:\/\/moroen.com\/de\/wp-json\/wp\/v2\/media?parent=299819"}],"wp:term":[{"taxonomy":"product_brand","embeddable":true,"href":"https:\/\/moroen.com\/de\/wp-json\/wp\/v2\/product_brand?post=299819"},{"taxonomy":"product_cat","embeddable":true,"href":"https:\/\/moroen.com\/de\/wp-json\/wp\/v2\/product_cat?post=299819"},{"taxonomy":"product_tag","embeddable":true,"href":"https:\/\/moroen.com\/de\/wp-json\/wp\/v2\/product_tag?post=299819"}],"curies":[{"name":"wp","href":"https:\/\/api.w.org\/{rel}","templated":true}]}}