{"id":300608,"date":"2026-04-20T01:22:11","date_gmt":"2026-04-19T18:22:11","guid":{"rendered":"https:\/\/moroen.com\/de\/?p=300608"},"modified":"2026-04-20T01:22:11","modified_gmt":"2026-04-19T18:22:11","slug":"new-balance-408-silver-indigo-ml408n","status":"publish","type":"product","link":"https:\/\/moroen.com\/de\/produkt\/new-balance-408-silver-indigo-ml408n\/","title":{"rendered":"New Balance 408 &#8216;Silver Indigo&#8217; ML408N"},"content":{"rendered":"<p>Erleben Sie erstklassigen Stil und Komfort mit dem New Balance 408 \u201eSilver\u201c ML408N. Diese aus hochwertigen Materialien gefertigten Sneaker verf\u00fcgen \u00fcber eine elegante silberne Au\u00dfenseite, die f\u00fcr eine auff\u00e4llige Pr\u00e4senz sorgt. Die innovative C-CAP-Zwischensohle sorgt f\u00fcr au\u00dfergew\u00f6hnliche D\u00e4mpfung, w\u00e4hrend die Gummi-Au\u00dfensohle optimale Traktion und Stabilit\u00e4t garantiert. Erleben Sie die perfekte Balance aus Mode und Funktion mit dem New Balance 408 \u201eSilver\u201c \u2013 der Inbegriff sportlicher Eleganz.<\/p>\n<ul>\n<li><strong>Farbgebung:<\/strong> SILVER<\/li>\n<li><strong>Stilcode:<\/strong> ML408N<\/li>\n<li><strong>Obermaterial:<\/strong> Mesh<\/li>\n<li><strong>Mittelsohle:<\/strong> C-CAP<\/li>\n<li><strong>Farbe:<\/strong> Silver<\/li>\n<li><strong>Designer:<\/strong> Tinker Hatfield<\/li>\n<li><strong>Saison:<\/strong> All Season<\/li>\n<\/ul>\n","protected":false},"excerpt":{"rendered":"<p>Erleben Sie erstklassigen Stil und Komfort mit dem New Balance 408 \u201eSilver\u201c ML408N. Diese aus hochwertigen Materialien gefertigten Sneaker verf\u00fcgen \u00fcber eine elegante silberne Au\u00dfenseite, die f\u00fcr eine auff\u00e4llige Pr\u00e4senz sorgt. Die innovative C-CAP-Zwischensohle sorgt f\u00fcr au\u00dfergew\u00f6hnliche D\u00e4mpfung, w\u00e4hrend die Gummi-Au\u00dfensohle optimale Traktion und Stabilit\u00e4t garantiert. Erleben Sie die perfekte Balance aus Mode und Funktion [&hellip;]<\/p>\n","protected":false},"featured_media":301008,"comment_status":"closed","ping_status":"closed","template":"","meta":[],"product_brand":[],"product_cat":[10774],"product_tag":[10752,18431,10756,10758,10760,10761,10763,18432,10768,18411],"class_list":{"0":"post-300608","1":"product","2":"type-product","3":"status-publish","4":"has-post-thumbnail","6":"product_cat-new-balance","7":"product_tag-best-finds-under-100","8":"product_tag-geschenkidee-fuer-ihn","9":"product_tag-lifestyle-casual-shoes","10":"product_tag-lifestyle-shoes-running-inspired","11":"product_tag-new-balance","12":"product_tag-new-balance-running-shoes","13":"product_tag-retro-running-shoes","14":"product_tag-top-angebote","15":"product_tag-trending-deals-under-150","16":"product_tag-unter-dem-regulaeren-preis","17":"wcpa_has_options","19":"first","20":"instock","21":"taxable","22":"shipping-taxable","23":"purchasable","24":"product-type-simple"},"wcpa_form_fields":{"rules":{"pric_overide_base_price":false,"pric_overide_base_price_if_gt_zero":false,"pric_overide_base_price_fully":false,"pric_cal_option_once":false,"pric_use_as_fee":false,"bind_quantity":false,"quantity_bind_formula":false},"fields":[{"type":"color-group","required":true,"elementId":"wcpa-color-group-66c4a928225d2","label":"Gr\u00f6\u00dfe","inline":true,"priceOptions":"different_for_all","pricingType":"fixed","className":"hassizechart product-shoes-size-eu product-shoes-size","name":"color-group-66c4a928225e2","disp_type":"square","selection_type":"tick-border","disp_size":"50","show_label_inside":true,"adjust_width":true,"cart_display_type":"text","other_text":"Other","cl_rule":"show","col":6,"values":[{"label":"35","value":"EU 35","price":"","pimage":"","pimage_id":"","pthumb":"","color":""},{"label":"36","value":"EU 36","price":"","pimage":"","pimage_id":"","pthumb":"","color":"","selected":true},{"label":"37","value":"EU 37","price":"","pimage":"","pimage_id":"","pthumb":"","color":""},{"label":"37.5","value":"EU 37.5","price":"","pimage":"","pimage_id":"","pthumb":"","color":""},{"label":"38","value":"EU 38","price":"","pimage":"","pimage_id":"","pthumb":"","color":""},{"label":"38.5","value":"EU 38.5","price":"","pimage":"","pimage_id":"","pthumb":"","color":""},{"label":"39","value":"EU 39","price":"","pimage":"","pimage_id":"","pthumb":"","color":""},{"label":"39.5","value":"EU 39.5","price":"","pimage":"","pimage_id":"","pthumb":"","color":""},{"label":"40","value":"EU 40","price":"","pimage":"","pimage_id":"","pthumb":"","color":""},{"label":"40.5","value":"EU 40.5","price":"","pimage":"","pimage_id":"","pthumb":"","color":""},{"label":" 41.5","value":"EU 41.5","price":"","pimage":"","pimage_id":"","pthumb":"","color":""},{"label":"42","value":"EU 42","price":"","pimage":"","pimage_id":"","pthumb":"","color":""},{"label":"42.5","value":"EU 42.5","price":"","pimage":"","pimage_id":"","pthumb":"","color":""},{"label":"43","value":"EU 43","price":"","pimage":"","pimage_id":"","pthumb":"","color":""},{"label":"44","value":"EU 44","price":"","pimage":"","pimage_id":"","pthumb":"","color":""},{"label":"44.5","value":"EU 44.5","price":"","pimage":"","pimage_id":"","pthumb":"","color":""},{"label":"45","value":"EU 45","price":"","pimage":"","pimage_id":"","pthumb":"","color":""},{"label":"45.5","value":"EU 45.5","price":"","pimage":"","pimage_id":"","pthumb":"","color":""},{"label":"46","value":"EU 46","price":"","pimage":"","pimage_id":"","pthumb":"","color":""}],"relations":[{"operator":false,"rules":[]}],"form_id":24803,"form_rules":{"pric_cal_option_once":false,"exclude_from_discount":false,"pric_use_as_fee":false,"fee_label":"Fee","render_after_acb":false,"disp_hide_options_price":false}}]},"_links":{"self":[{"href":"https:\/\/moroen.com\/de\/wp-json\/wp\/v2\/product\/300608","targetHints":{"allow":["GET"]}}],"collection":[{"href":"https:\/\/moroen.com\/de\/wp-json\/wp\/v2\/product"}],"about":[{"href":"https:\/\/moroen.com\/de\/wp-json\/wp\/v2\/types\/product"}],"replies":[{"embeddable":true,"href":"https:\/\/moroen.com\/de\/wp-json\/wp\/v2\/comments?post=300608"}],"wp:featuredmedia":[{"embeddable":true,"href":"https:\/\/moroen.com\/de\/wp-json\/wp\/v2\/media\/301008"}],"wp:attachment":[{"href":"https:\/\/moroen.com\/de\/wp-json\/wp\/v2\/media?parent=300608"}],"wp:term":[{"taxonomy":"product_brand","embeddable":true,"href":"https:\/\/moroen.com\/de\/wp-json\/wp\/v2\/product_brand?post=300608"},{"taxonomy":"product_cat","embeddable":true,"href":"https:\/\/moroen.com\/de\/wp-json\/wp\/v2\/product_cat?post=300608"},{"taxonomy":"product_tag","embeddable":true,"href":"https:\/\/moroen.com\/de\/wp-json\/wp\/v2\/product_tag?post=300608"}],"curies":[{"name":"wp","href":"https:\/\/api.w.org\/{rel}","templated":true}]}}