{"id":301391,"date":"2026-04-20T01:22:11","date_gmt":"2026-04-19T18:22:11","guid":{"rendered":"https:\/\/moroen.com\/de\/?p=301391"},"modified":"2026-04-20T01:22:11","modified_gmt":"2026-04-19T18:22:11","slug":"air-jordan-1-high-golf-pollen-dq0660-700","status":"publish","type":"product","link":"https:\/\/moroen.com\/de\/produkt\/air-jordan-1-high-golf-pollen-dq0660-700\/","title":{"rendered":"Air Jordan 1 High Golf \u201ePollen\u201c DQ0660-700"},"content":{"rendered":"<p>Wir stellen den Air Jordan 1 High Golf \u201ePollen\u201c vor \u2013 die perfekte Kombination aus Stil und Leistung auf dem Gr\u00fcn. Seine auff\u00e4lligen gelben Akzente und die hochwertige Lederkonstruktion unterstreichen Ihre Pr\u00e4senz auf dem Golfplatz. Ausgestattet mit einer durchgehenden Air-D\u00e4mpfung f\u00fcr unvergleichlichen Komfort bieten diese Golfschuhe au\u00dfergew\u00f6hnliche Stabilit\u00e4t und Traktion, sodass Sie das Spiel mit un\u00fcbertroffenem Stil dominieren k\u00f6nnen. Erleben Sie die Spitze der Golfschuhe mit dem Air Jordan 1 High Golf \u201ePollen\u201c.<\/p>\n<ul>\n<li><strong>Farbgebung:<\/strong> Pollen\/Black-White<\/li>\n<li><strong>Stilcode:<\/strong> DQ0660-700<\/li>\n<li><strong>Obermaterial:<\/strong> Leather<\/li>\n<li><strong>Mittelsohle:<\/strong> Air<\/li>\n<li><strong>Farbe:<\/strong> Yellow<\/li>\n<li><strong>Designer:<\/strong> Peter Moore<\/li>\n<li><strong>Erscheinungsjahr:<\/strong> 2024<\/li>\n<\/ul>\n","protected":false},"excerpt":{"rendered":"<p>Wir stellen den Air Jordan 1 High Golf \u201ePollen\u201c vor \u2013 die perfekte Kombination aus Stil und Leistung auf dem Gr\u00fcn. Seine auff\u00e4lligen gelben Akzente und die hochwertige Lederkonstruktion unterstreichen Ihre Pr\u00e4senz auf dem Golfplatz. Ausgestattet mit einer durchgehenden Air-D\u00e4mpfung f\u00fcr unvergleichlichen Komfort bieten diese Golfschuhe au\u00dfergew\u00f6hnliche Stabilit\u00e4t und Traktion, sodass Sie das Spiel mit [&hellip;]<\/p>\n","protected":false},"featured_media":301640,"comment_status":"closed","ping_status":"closed","template":"","meta":[],"product_brand":[],"product_cat":[10825],"product_tag":[10873,18431,12644,10819,12563,10874,18411],"class_list":{"0":"post-301391","1":"product","2":"type-product","3":"status-publish","4":"has-post-thumbnail","6":"product_cat-jordan","7":"product_tag-casual-golf-shoes","8":"product_tag-geschenkidee-fuer-ihn","9":"product_tag-golfschuhe","10":"product_tag-jordan","11":"product_tag-performance-sportschuhe","12":"product_tag-spikeless-golf-shoes","13":"product_tag-unter-dem-regulaeren-preis","15":"first","16":"instock","17":"taxable","18":"shipping-taxable","19":"purchasable","20":"product-type-simple"},"wcpa_form_fields":null,"_links":{"self":[{"href":"https:\/\/moroen.com\/de\/wp-json\/wp\/v2\/product\/301391","targetHints":{"allow":["GET"]}}],"collection":[{"href":"https:\/\/moroen.com\/de\/wp-json\/wp\/v2\/product"}],"about":[{"href":"https:\/\/moroen.com\/de\/wp-json\/wp\/v2\/types\/product"}],"replies":[{"embeddable":true,"href":"https:\/\/moroen.com\/de\/wp-json\/wp\/v2\/comments?post=301391"}],"wp:featuredmedia":[{"embeddable":true,"href":"https:\/\/moroen.com\/de\/wp-json\/wp\/v2\/media\/301640"}],"wp:attachment":[{"href":"https:\/\/moroen.com\/de\/wp-json\/wp\/v2\/media?parent=301391"}],"wp:term":[{"taxonomy":"product_brand","embeddable":true,"href":"https:\/\/moroen.com\/de\/wp-json\/wp\/v2\/product_brand?post=301391"},{"taxonomy":"product_cat","embeddable":true,"href":"https:\/\/moroen.com\/de\/wp-json\/wp\/v2\/product_cat?post=301391"},{"taxonomy":"product_tag","embeddable":true,"href":"https:\/\/moroen.com\/de\/wp-json\/wp\/v2\/product_tag?post=301391"}],"curies":[{"name":"wp","href":"https:\/\/api.w.org\/{rel}","templated":true}]}}