{"id":302224,"date":"2026-04-20T01:22:11","date_gmt":"2026-04-19T18:22:11","guid":{"rendered":"https:\/\/moroen.com\/de\/?p=302224"},"modified":"2026-04-20T01:22:11","modified_gmt":"2026-04-19T18:22:11","slug":"asics-gel-kahana-8-light-brown-red-1011b109-200","status":"publish","type":"product","link":"https:\/\/moroen.com\/de\/produkt\/asics-gel-kahana-8-light-brown-red-1011b109-200\/","title":{"rendered":"ASICS Gel-Kahana 8 &#8216;Light Brown Red&#8217; 1011B109-200"},"content":{"rendered":"<p>Erleben Sie das Abenteuer mit dem ASICS Gel-Kahana 8 \u201eLight Brown Red\u201c! Diese Schuhe wurden f\u00fcr den modernen Vorreiter entwickelt und zeichnen sich durch fortschrittliche D\u00e4mpfung und Stabilit\u00e4t aus. Die GEL-Technologie absorbiert St\u00f6\u00dfe und sorgt f\u00fcr ein angenehmes Laufgef\u00fchl, w\u00e4hrend das DUOMAX-System f\u00fcr Fu\u00dfstabilit\u00e4t auf unebenem Gel\u00e4nde sorgt. Mit seiner robusten Konstruktion und der auff\u00e4lligen Farbgebung erm\u00f6glicht Ihnen der Gel-Kahana 8, jeden Weg zu meistern, von st\u00e4dtischen Stra\u00dfen bis hin zu rauen Wegen. Erleben Sie bei jedem Schritt ultimativen Komfort und Leistung.<\/p>\n<ul>\n<li><strong>Farbgebung:<\/strong> Light Brown\/Red<\/li>\n<li><strong>Stilcode:<\/strong> 1011B109-200<\/li>\n<li><strong>Obermaterial:<\/strong> Fabric\/Synthetic Leather<\/li>\n<li><strong>Farbe:<\/strong> Beige<\/li>\n<li><strong>Saison:<\/strong> All Season<\/li>\n<\/ul>\n","protected":false},"excerpt":{"rendered":"<p>Erleben Sie das Abenteuer mit dem ASICS Gel-Kahana 8 \u201eLight Brown Red\u201c! Diese Schuhe wurden f\u00fcr den modernen Vorreiter entwickelt und zeichnen sich durch fortschrittliche D\u00e4mpfung und Stabilit\u00e4t aus. Die GEL-Technologie absorbiert St\u00f6\u00dfe und sorgt f\u00fcr ein angenehmes Laufgef\u00fchl, w\u00e4hrend das DUOMAX-System f\u00fcr Fu\u00dfstabilit\u00e4t auf unebenem Gel\u00e4nde sorgt. Mit seiner robusten Konstruktion und der auff\u00e4lligen [&hellip;]<\/p>\n","protected":false},"featured_media":302889,"comment_status":"closed","ping_status":"closed","template":"","meta":[],"product_brand":[],"product_cat":[12567],"product_tag":[12565,15338,10750,11358,18431,10756,10758,10936,10763,10937,18411],"class_list":{"0":"post-302224","1":"product","2":"type-product","3":"status-publish","4":"has-post-thumbnail","6":"product_cat-asics","7":"product_tag-asics","8":"product_tag-asics-running-shoes","9":"product_tag-athleisure-shoes","10":"product_tag-gallery-look","11":"product_tag-geschenkidee-fuer-ihn","12":"product_tag-lifestyle-casual-shoes","13":"product_tag-lifestyle-shoes-running-inspired","14":"product_tag-oxstreet-shoes","15":"product_tag-retro-running-shoes","16":"product_tag-trail-running-shoes","17":"product_tag-unter-dem-regulaeren-preis","18":"wcpa_has_options","20":"first","21":"instock","22":"taxable","23":"shipping-taxable","24":"purchasable","25":"product-type-simple"},"wcpa_form_fields":{"rules":{"pric_overide_base_price":false,"pric_overide_base_price_if_gt_zero":false,"pric_overide_base_price_fully":false,"pric_cal_option_once":false,"pric_use_as_fee":false,"bind_quantity":false,"quantity_bind_formula":false},"fields":[{"type":"color-group","required":true,"elementId":"wcpa-color-group-69a5ac3f3e644","label":"Gr\u00f6\u00dfe","inline":true,"priceOptions":"different_for_all","pricingType":"fixed","className":"hassizechart product-shoes-size-eu product-shoes-size","name":"color-group-69a5ac3f3e64e","disp_type":"square","selection_type":"tick-border","disp_size":"50","show_label_inside":true,"adjust_width":true,"cart_display_type":"text","other_text":"Other","cl_rule":"show","col":6,"values":[{"label":"34.5","value":"EU 34.5","price":"","pimage":"","pimage_id":"","pthumb":"","color":""},{"label":"35","value":"EU 35","price":"","pimage":"","pimage_id":"","pthumb":"","color":""},{"label":"35.5","value":"EU 35.5","price":"","pimage":"","pimage_id":"","pthumb":"","color":""},{"label":"36","value":"EU 36","price":"","pimage":"","pimage_id":"","pthumb":"","color":"","selected":true},{"label":"37","value":"EU 37","price":"","pimage":"","pimage_id":"","pthumb":"","color":""},{"label":"37.5","value":"EU 37.5","price":"","pimage":"","pimage_id":"","pthumb":"","color":""},{"label":"38","value":"EU 38","price":"","pimage":"","pimage_id":"","pthumb":"","color":""},{"label":"38.5","value":"EU 38.5","price":"","pimage":"","pimage_id":"","pthumb":"","color":""},{"label":"39","value":"EU 39","price":"","pimage":"","pimage_id":"","pthumb":"","color":""},{"label":"39.5","value":"EU 39.5","price":"","pimage":"","pimage_id":"","pthumb":"","color":""},{"label":"40","value":"EU 40","price":"","pimage":"","pimage_id":"","pthumb":"","color":""},{"label":"40.5","value":"EU 40.5","price":"","pimage":"","pimage_id":"","pthumb":"","color":""},{"label":" 41.5","value":"EU 41.5","price":"","pimage":"","pimage_id":"","pthumb":"","color":""},{"label":"42","value":"EU 42","price":"","pimage":"","pimage_id":"","pthumb":"","color":""},{"label":"42.5","value":"EU 42.5","price":"","pimage":"","pimage_id":"","pthumb":"","color":""},{"label":"43.5","value":"EU 43.5","price":"","pimage":"","pimage_id":"","pthumb":"","color":""},{"label":"44","value":"EU 44","price":"","pimage":"","pimage_id":"","pthumb":"","color":""},{"label":"44.5","value":"EU 44.5","price":"","pimage":"","pimage_id":"","pthumb":"","color":""},{"label":"45","value":"EU 45","price":"","pimage":"","pimage_id":"","pthumb":"","color":""}],"relations":[{"operator":false,"rules":[]}],"form_id":184312,"form_rules":{"pric_cal_option_once":false,"exclude_from_discount":false,"pric_use_as_fee":false,"fee_label":"Fee","render_after_acb":false,"disp_hide_options_price":false}}]},"_links":{"self":[{"href":"https:\/\/moroen.com\/de\/wp-json\/wp\/v2\/product\/302224","targetHints":{"allow":["GET"]}}],"collection":[{"href":"https:\/\/moroen.com\/de\/wp-json\/wp\/v2\/product"}],"about":[{"href":"https:\/\/moroen.com\/de\/wp-json\/wp\/v2\/types\/product"}],"replies":[{"embeddable":true,"href":"https:\/\/moroen.com\/de\/wp-json\/wp\/v2\/comments?post=302224"}],"wp:featuredmedia":[{"embeddable":true,"href":"https:\/\/moroen.com\/de\/wp-json\/wp\/v2\/media\/302889"}],"wp:attachment":[{"href":"https:\/\/moroen.com\/de\/wp-json\/wp\/v2\/media?parent=302224"}],"wp:term":[{"taxonomy":"product_brand","embeddable":true,"href":"https:\/\/moroen.com\/de\/wp-json\/wp\/v2\/product_brand?post=302224"},{"taxonomy":"product_cat","embeddable":true,"href":"https:\/\/moroen.com\/de\/wp-json\/wp\/v2\/product_cat?post=302224"},{"taxonomy":"product_tag","embeddable":true,"href":"https:\/\/moroen.com\/de\/wp-json\/wp\/v2\/product_tag?post=302224"}],"curies":[{"name":"wp","href":"https:\/\/api.w.org\/{rel}","templated":true}]}}