{"id":302981,"date":"2026-04-20T01:22:11","date_gmt":"2026-04-19T18:22:11","guid":{"rendered":"https:\/\/moroen.com\/de\/?p=302981"},"modified":"2026-04-20T01:22:11","modified_gmt":"2026-04-19T18:22:11","slug":"nike-zoomx-ultrafly-trail-prototyp-dx1978-100","status":"publish","type":"product","link":"https:\/\/moroen.com\/de\/produkt\/nike-zoomx-ultrafly-trail-prototyp-dx1978-100\/","title":{"rendered":"Nike ZoomX Ultrafly Trail \u201ePrototyp\u201c DX1978-100"},"content":{"rendered":"<p>Wir stellen den revolution\u00e4ren Nike ZoomX Ultrafly Trail \u201ePrototype\u201c DX1978-100 vor, der entwickelt wurde, um Vorreiter zu st\u00e4rken. Dieser hochmoderne Sneaker verf\u00fcgt \u00fcber eine \u00e4u\u00dferst reaktionsfreudige ZoomX-Zwischensohle f\u00fcr eine un\u00fcbertroffene Energier\u00fcckgabe, die Sie in jedem Gel\u00e4nde voranbringt. Sein innovatives Traktionsmuster sorgt f\u00fcr Stabilit\u00e4t und Halt, w\u00e4hrend das leichte, atmungsaktive Obermaterial f\u00fcr ein k\u00fchles und angenehmes Tragegef\u00fchl sorgt. Erleben Sie die Zukunft des Trailrunnings und gehen Sie mit dem \u201ePrototype\u201c an Ihre Grenzen.<\/p>\n<ul>\n<li><strong>Farbgebung:<\/strong> White\/Total Orange\/Pale Ivory\/Black<\/li>\n<li><strong>Stilcode:<\/strong> DX1978-100<\/li>\n<li><strong>Obermaterial:<\/strong> Vaporweave<\/li>\n<li><strong>Mittelsohle:<\/strong> ZoomX<\/li>\n<li><strong>Farbe:<\/strong> White<\/li>\n<li><strong>Erscheinungsjahr:<\/strong> 2023<\/li>\n<\/ul>\n","protected":false},"excerpt":{"rendered":"<p>Wir stellen den revolution\u00e4ren Nike ZoomX Ultrafly Trail \u201ePrototype\u201c DX1978-100 vor, der entwickelt wurde, um Vorreiter zu st\u00e4rken. Dieser hochmoderne Sneaker verf\u00fcgt \u00fcber eine \u00e4u\u00dferst reaktionsfreudige ZoomX-Zwischensohle f\u00fcr eine un\u00fcbertroffene Energier\u00fcckgabe, die Sie in jedem Gel\u00e4nde voranbringt. Sein innovatives Traktionsmuster sorgt f\u00fcr Stabilit\u00e4t und Halt, w\u00e4hrend das leichte, atmungsaktive Obermaterial f\u00fcr ein k\u00fchles und angenehmes [&hellip;]<\/p>\n","protected":false},"featured_media":303194,"comment_status":"closed","ping_status":"closed","template":"","meta":[],"product_brand":[],"product_cat":[10773],"product_tag":[18431,12564,10762,10792,10935,10936,12563,10937,18411],"class_list":{"0":"post-302981","1":"product","2":"type-product","3":"status-publish","4":"has-post-thumbnail","6":"product_cat-nike","7":"product_tag-geschenkidee-fuer-ihn","8":"product_tag-laufschuhe","9":"product_tag-nike","10":"product_tag-nike-running-shoes","11":"product_tag-nike-trail-running-shoes","12":"product_tag-oxstreet-shoes","13":"product_tag-performance-sportschuhe","14":"product_tag-trail-running-shoes","15":"product_tag-unter-dem-regulaeren-preis","16":"wcpa_has_options","18":"first","19":"instock","20":"taxable","21":"shipping-taxable","22":"purchasable","23":"product-type-simple"},"wcpa_form_fields":{"rules":{"pric_overide_base_price":false,"pric_overide_base_price_if_gt_zero":false,"pric_overide_base_price_fully":false,"pric_cal_option_once":false,"pric_use_as_fee":false,"bind_quantity":false,"quantity_bind_formula":false},"fields":[{"type":"color-group","label":"Talla :","elementId":"wcpa-el-auto-049032d1","values":[{"label":"36","value":"EU 36","color":"","tooltip":"","price":"","sale_price":"","price_type":"flat","price_prefix":"+","image":""},{"label":"36.5","value":"EU 36.5","color":"","tooltip":"","price":"","sale_price":"","price_type":"flat","price_prefix":"+","image":""},{"label":"37.5","value":"EU 37.5","color":"","tooltip":"","price":"","sale_price":"","price_type":"flat","price_prefix":"+","image":""},{"label":"38","value":"EU 38","color":"","tooltip":"","price":"","sale_price":"","price_type":"flat","price_prefix":"+","image":""},{"label":"38.5","value":"EU 38.5","color":"","tooltip":"","price":"","sale_price":"","price_type":"flat","price_prefix":"+","image":""},{"label":"39","value":"EU 39","color":"","tooltip":"","price":"","sale_price":"","price_type":"flat","price_prefix":"+","image":""},{"label":"40","value":"EU 40","color":"","tooltip":"","price":"","sale_price":"","price_type":"flat","price_prefix":"+","image":""},{"label":"40.5","value":"EU 40.5","color":"","tooltip":"","price":"","sale_price":"","price_type":"flat","price_prefix":"+","image":""},{"label":"41","value":"EU 41","color":"","tooltip":"","price":"","sale_price":"","price_type":"flat","price_prefix":"+","image":""},{"label":"42","value":"EU 42","color":"","tooltip":"","price":"","sale_price":"","price_type":"flat","price_prefix":"+","image":""},{"label":"42.5","value":"EU 42.5","color":"","tooltip":"","price":"","sale_price":"","price_type":"flat","price_prefix":"+","image":""},{"label":"43","value":"EU 43","color":"","tooltip":"","price":"","sale_price":"","price_type":"flat","price_prefix":"+","image":""},{"label":"44","value":"EU 44","color":"","tooltip":"","price":"","sale_price":"","price_type":"flat","price_prefix":"+","image":""},{"label":"44.5","value":"EU 44.5","color":"","tooltip":"","price":"","sale_price":"","price_type":"flat","price_prefix":"+","image":""},{"label":"45","value":"EU 45","color":"","tooltip":"","price":"","sale_price":"","price_type":"flat","price_prefix":"+","image":""},{"label":"45.5","value":"EU 45.5","color":"","tooltip":"","price":"","sale_price":"","price_type":"flat","price_prefix":"+","image":""}],"required":true,"cl_rule":{"rules":[],"relation":"OR"},"other_config":[],"name":"auto-049032d1","adjust_width":true,"show_label_inside":true,"disp_type":"square","disp_size":"44","form_id":369637,"form_rules":{"pric_cal_option_once":false,"exclude_from_discount":false,"pric_use_as_fee":false,"fee_label":"Fee","render_after_acb":false,"disp_hide_options_price":false}}]},"_links":{"self":[{"href":"https:\/\/moroen.com\/de\/wp-json\/wp\/v2\/product\/302981","targetHints":{"allow":["GET"]}}],"collection":[{"href":"https:\/\/moroen.com\/de\/wp-json\/wp\/v2\/product"}],"about":[{"href":"https:\/\/moroen.com\/de\/wp-json\/wp\/v2\/types\/product"}],"replies":[{"embeddable":true,"href":"https:\/\/moroen.com\/de\/wp-json\/wp\/v2\/comments?post=302981"}],"wp:featuredmedia":[{"embeddable":true,"href":"https:\/\/moroen.com\/de\/wp-json\/wp\/v2\/media\/303194"}],"wp:attachment":[{"href":"https:\/\/moroen.com\/de\/wp-json\/wp\/v2\/media?parent=302981"}],"wp:term":[{"taxonomy":"product_brand","embeddable":true,"href":"https:\/\/moroen.com\/de\/wp-json\/wp\/v2\/product_brand?post=302981"},{"taxonomy":"product_cat","embeddable":true,"href":"https:\/\/moroen.com\/de\/wp-json\/wp\/v2\/product_cat?post=302981"},{"taxonomy":"product_tag","embeddable":true,"href":"https:\/\/moroen.com\/de\/wp-json\/wp\/v2\/product_tag?post=302981"}],"curies":[{"name":"wp","href":"https:\/\/api.w.org\/{rel}","templated":true}]}}