{"id":303008,"date":"2026-04-20T01:22:11","date_gmt":"2026-04-19T18:22:11","guid":{"rendered":"https:\/\/moroen.com\/de\/?p=303008"},"modified":"2026-04-20T01:22:11","modified_gmt":"2026-04-19T18:22:11","slug":"new-balance-fuelcell-supercomp-white-victory-blue-mrcxlw2","status":"publish","type":"product","link":"https:\/\/moroen.com\/de\/produkt\/new-balance-fuelcell-supercomp-white-victory-blue-mrcxlw2\/","title":{"rendered":"New Balance FuelCell SuperComp \u201eWhite Victory Blue\u201c MRCXLW2"},"content":{"rendered":"<p>Der New Balance FuelCell SuperComp in White Victory Blue ist ein Top-Sneaker f\u00fcr ambitionierte Sportler. Mit seiner reaktionsschnellen FuelCell-Technologie sorgt er f\u00fcr eine au\u00dfergew\u00f6hnliche Energier\u00fcckgabe und D\u00e4mpfung und verbessert die Leistung bei jedem Schritt. Die schlichte Farbkombination aus Wei\u00df und Blau sorgt f\u00fcr eine stilvolle Note. Egal, ob Sie laufen oder trainieren, mit diesen New Balance-Sneakern erreichen Sie ein neues Ma\u00df an Geschwindigkeit und Komfort.<\/p>\n<ul>\n<li><strong>Farbgebung:<\/strong> White\/Purple\/Orange<\/li>\n<li><strong>Stilcode:<\/strong> MRCXLW2<\/li>\n<li><strong>Obermaterial:<\/strong> Knit<\/li>\n<li><strong>Mittelsohle:<\/strong> FuelCell<\/li>\n<li><strong>Farbe:<\/strong> White<\/li>\n<li><strong>Saison:<\/strong> All Season<\/li>\n<li><strong>Erscheinungsjahr:<\/strong> 2022<\/li>\n<\/ul>\n","protected":false},"excerpt":{"rendered":"<p>Der New Balance FuelCell SuperComp in White Victory Blue ist ein Top-Sneaker f\u00fcr ambitionierte Sportler. Mit seiner reaktionsschnellen FuelCell-Technologie sorgt er f\u00fcr eine au\u00dfergew\u00f6hnliche Energier\u00fcckgabe und D\u00e4mpfung und verbessert die Leistung bei jedem Schritt. Die schlichte Farbkombination aus Wei\u00df und Blau sorgt f\u00fcr eine stilvolle Note. Egal, ob Sie laufen oder trainieren, mit diesen New [&hellip;]<\/p>\n","protected":false},"featured_media":303390,"comment_status":"closed","ping_status":"closed","template":"","meta":[],"product_brand":[],"product_cat":[10774],"product_tag":[11143,18431,12564,10760,10761,10777,12563,18432,10768,18411],"class_list":{"0":"post-303008","1":"product","2":"type-product","3":"status-publish","4":"has-post-thumbnail","6":"product_cat-new-balance","7":"product_tag-carbon-plated-running-shoes","8":"product_tag-geschenkidee-fuer-ihn","9":"product_tag-laufschuhe","10":"product_tag-new-balance","11":"product_tag-new-balance-running-shoes","12":"product_tag-performance-running-shoes","13":"product_tag-performance-sportschuhe","14":"product_tag-top-angebote","15":"product_tag-trending-deals-under-150","16":"product_tag-unter-dem-regulaeren-preis","18":"first","19":"instock","20":"taxable","21":"shipping-taxable","22":"purchasable","23":"product-type-simple"},"wcpa_form_fields":null,"_links":{"self":[{"href":"https:\/\/moroen.com\/de\/wp-json\/wp\/v2\/product\/303008","targetHints":{"allow":["GET"]}}],"collection":[{"href":"https:\/\/moroen.com\/de\/wp-json\/wp\/v2\/product"}],"about":[{"href":"https:\/\/moroen.com\/de\/wp-json\/wp\/v2\/types\/product"}],"replies":[{"embeddable":true,"href":"https:\/\/moroen.com\/de\/wp-json\/wp\/v2\/comments?post=303008"}],"wp:featuredmedia":[{"embeddable":true,"href":"https:\/\/moroen.com\/de\/wp-json\/wp\/v2\/media\/303390"}],"wp:attachment":[{"href":"https:\/\/moroen.com\/de\/wp-json\/wp\/v2\/media?parent=303008"}],"wp:term":[{"taxonomy":"product_brand","embeddable":true,"href":"https:\/\/moroen.com\/de\/wp-json\/wp\/v2\/product_brand?post=303008"},{"taxonomy":"product_cat","embeddable":true,"href":"https:\/\/moroen.com\/de\/wp-json\/wp\/v2\/product_cat?post=303008"},{"taxonomy":"product_tag","embeddable":true,"href":"https:\/\/moroen.com\/de\/wp-json\/wp\/v2\/product_tag?post=303008"}],"curies":[{"name":"wp","href":"https:\/\/api.w.org\/{rel}","templated":true}]}}