{"id":303833,"date":"2026-04-20T01:22:11","date_gmt":"2026-04-19T18:22:11","guid":{"rendered":"https:\/\/moroen.com\/de\/?p=303833"},"modified":"2026-04-20T01:22:11","modified_gmt":"2026-04-19T18:22:11","slug":"damen-adidas-campus-00s-cream-leopard-id7041","status":"publish","type":"product","link":"https:\/\/moroen.com\/de\/produkt\/damen-adidas-campus-00s-cream-leopard-id7041\/","title":{"rendered":"(Damen) adidas Campus 00s \u201eCream Leopard\u201c ID7041"},"content":{"rendered":"<p>Die adidas Campus 00s Cream Leopard Sneakers f\u00fcr Damen sind eine stilvolle und trendige Wahl. Mit einer cremefarbenen Farbgebung und Leopardenmuster-Akzenten verleihen diese Sneaker jedem Outfit einen modernen und auff\u00e4lligen Look. Diese von adidas entworfenen Sneaker bieten sowohl Komfort als auch Stil und eignen sich perfekt f\u00fcr den l\u00e4ssigen Alltag.<\/p>\n<ul>\n<li><strong>Farbgebung:<\/strong> Supplier Colour\/Off White\/Core Black<\/li>\n<li><strong>Stilcode:<\/strong> ID7041<\/li>\n<li><strong>Obermaterial:<\/strong> Suede<\/li>\n<li><strong>Farbe:<\/strong> Beige<\/li>\n<li><strong>Erscheinungsjahr:<\/strong> 2023<\/li>\n<\/ul>\n","protected":false},"excerpt":{"rendered":"<p>Die adidas Campus 00s Cream Leopard Sneakers f\u00fcr Damen sind eine stilvolle und trendige Wahl. Mit einer cremefarbenen Farbgebung und Leopardenmuster-Akzenten verleihen diese Sneaker jedem Outfit einen modernen und auff\u00e4lligen Look. Diese von adidas entworfenen Sneaker bieten sowohl Komfort als auch Stil und eignen sich perfekt f\u00fcr den l\u00e4ssigen Alltag. Farbgebung: Supplier Colour\/Off White\/Core Black [&hellip;]<\/p>\n","protected":false},"featured_media":304192,"comment_status":"closed","ping_status":"closed","template":"","meta":[],"product_brand":[],"product_cat":[10791],"product_tag":[10789,10856,10750,10868,10869,10870,18453,10756,10857,10858],"class_list":{"0":"post-303833","1":"product","2":"type-product","3":"status-publish","4":"has-post-thumbnail","6":"product_cat-adidas","7":"product_tag-adidas","8":"product_tag-adidas-skateboarding-shoes","9":"product_tag-athleisure-shoes","10":"product_tag-equality-day-women-coll","11":"product_tag-equality-day-women-s-collection","12":"product_tag-equality-day-women-s-edition","13":"product_tag-geschenkidee-fuer-sie","14":"product_tag-lifestyle-casual-shoes","15":"product_tag-lifestyle-shoes-casual","16":"product_tag-retro-casual-shoes","18":"first","19":"instock","20":"taxable","21":"shipping-taxable","22":"purchasable","23":"product-type-simple"},"wcpa_form_fields":null,"_links":{"self":[{"href":"https:\/\/moroen.com\/de\/wp-json\/wp\/v2\/product\/303833","targetHints":{"allow":["GET"]}}],"collection":[{"href":"https:\/\/moroen.com\/de\/wp-json\/wp\/v2\/product"}],"about":[{"href":"https:\/\/moroen.com\/de\/wp-json\/wp\/v2\/types\/product"}],"replies":[{"embeddable":true,"href":"https:\/\/moroen.com\/de\/wp-json\/wp\/v2\/comments?post=303833"}],"wp:featuredmedia":[{"embeddable":true,"href":"https:\/\/moroen.com\/de\/wp-json\/wp\/v2\/media\/304192"}],"wp:attachment":[{"href":"https:\/\/moroen.com\/de\/wp-json\/wp\/v2\/media?parent=303833"}],"wp:term":[{"taxonomy":"product_brand","embeddable":true,"href":"https:\/\/moroen.com\/de\/wp-json\/wp\/v2\/product_brand?post=303833"},{"taxonomy":"product_cat","embeddable":true,"href":"https:\/\/moroen.com\/de\/wp-json\/wp\/v2\/product_cat?post=303833"},{"taxonomy":"product_tag","embeddable":true,"href":"https:\/\/moroen.com\/de\/wp-json\/wp\/v2\/product_tag?post=303833"}],"curies":[{"name":"wp","href":"https:\/\/api.w.org\/{rel}","templated":true}]}}