{"id":305522,"date":"2026-04-20T01:22:11","date_gmt":"2026-04-19T18:22:11","guid":{"rendered":"https:\/\/moroen.com\/de\/?p=305522"},"modified":"2026-04-20T01:22:11","modified_gmt":"2026-04-19T18:22:11","slug":"asics-gel-sonoma-se-gray-cream-1203a408-022","status":"publish","type":"product","link":"https:\/\/moroen.com\/de\/produkt\/asics-gel-sonoma-se-gray-cream-1203a408-022\/","title":{"rendered":"ASICS Gel-Sonoma SE &#8218;Gray Cream&#8216; 1203A408-022"},"content":{"rendered":"<p>Erh\u00f6hen Sie Ihre Outdoor-Abenteuer mit dem ASICS Gel-Sonoma SE \u201eGray Cream\u201c 1203A408-022. Diese robusten Sneaker vereinen Komfort und Stil nahtlos. Ihre robuste Au\u00dfensohle bietet au\u00dfergew\u00f6hnliche Traktion auf unebenem Gel\u00e4nde, w\u00e4hrend die GEL-Technologie in der Zwischensohle St\u00f6\u00dfe absorbiert und f\u00fcr einen weichen und reaktionsfreudigen Schritt sorgt. Das atmungsaktive Mesh-Obermaterial h\u00e4lt Ihre F\u00fc\u00dfe w\u00e4hrend Ihrer Erkundungen k\u00fchl und frisch. Erleben Sie unvergleichliche Leistung und \u00c4sthetik mit dem ASICS Gel-Sonoma SE in dieser auff\u00e4lligen Farbgebung in Grau und Creme.<\/p>\n<ul>\n<li><strong>Farbgebung:<\/strong> Gray\/Cream<\/li>\n<li><strong>Stilcode:<\/strong> 1203A408-022<\/li>\n<li><strong>Farbe:<\/strong> Beige<\/li>\n<\/ul>\n","protected":false},"excerpt":{"rendered":"<p>Erh\u00f6hen Sie Ihre Outdoor-Abenteuer mit dem ASICS Gel-Sonoma SE \u201eGray Cream\u201c 1203A408-022. Diese robusten Sneaker vereinen Komfort und Stil nahtlos. Ihre robuste Au\u00dfensohle bietet au\u00dfergew\u00f6hnliche Traktion auf unebenem Gel\u00e4nde, w\u00e4hrend die GEL-Technologie in der Zwischensohle St\u00f6\u00dfe absorbiert und f\u00fcr einen weichen und reaktionsfreudigen Schritt sorgt. Das atmungsaktive Mesh-Obermaterial h\u00e4lt Ihre F\u00fc\u00dfe w\u00e4hrend Ihrer Erkundungen k\u00fchl [&hellip;]<\/p>\n","protected":false},"featured_media":306009,"comment_status":"closed","ping_status":"closed","template":"","meta":[],"product_brand":[],"product_cat":[12567],"product_tag":[12565,12310,11358,18431,10936,10777,12563,10937,18411],"class_list":{"0":"post-305522","1":"product","2":"type-product","3":"status-publish","4":"has-post-thumbnail","6":"product_cat-asics","7":"product_tag-asics","8":"product_tag-best-seller","9":"product_tag-gallery-look","10":"product_tag-geschenkidee-fuer-ihn","11":"product_tag-oxstreet-shoes","12":"product_tag-performance-running-shoes","13":"product_tag-performance-sportschuhe","14":"product_tag-trail-running-shoes","15":"product_tag-unter-dem-regulaeren-preis","16":"wcpa_has_options","18":"first","19":"instock","20":"taxable","21":"shipping-taxable","22":"purchasable","23":"product-type-simple"},"wcpa_form_fields":{"rules":{"pric_overide_base_price":false,"pric_overide_base_price_if_gt_zero":false,"pric_overide_base_price_fully":false,"pric_cal_option_once":false,"pric_use_as_fee":false,"bind_quantity":false,"quantity_bind_formula":false},"fields":[{"type":"color-group","required":true,"elementId":"wcpa-color-group-69a5ac3f3e644","label":"Gr\u00f6\u00dfe","inline":true,"priceOptions":"different_for_all","pricingType":"fixed","className":"hassizechart product-shoes-size-eu product-shoes-size","name":"color-group-69a5ac3f3e64e","disp_type":"square","selection_type":"tick-border","disp_size":"50","show_label_inside":true,"adjust_width":true,"cart_display_type":"text","other_text":"Other","cl_rule":"show","col":6,"values":[{"label":"34.5","value":"EU 34.5","price":"","pimage":"","pimage_id":"","pthumb":"","color":""},{"label":"35","value":"EU 35","price":"","pimage":"","pimage_id":"","pthumb":"","color":""},{"label":"35.5","value":"EU 35.5","price":"","pimage":"","pimage_id":"","pthumb":"","color":""},{"label":"36","value":"EU 36","price":"","pimage":"","pimage_id":"","pthumb":"","color":"","selected":true},{"label":"37","value":"EU 37","price":"","pimage":"","pimage_id":"","pthumb":"","color":""},{"label":"37.5","value":"EU 37.5","price":"","pimage":"","pimage_id":"","pthumb":"","color":""},{"label":"38","value":"EU 38","price":"","pimage":"","pimage_id":"","pthumb":"","color":""},{"label":"38.5","value":"EU 38.5","price":"","pimage":"","pimage_id":"","pthumb":"","color":""},{"label":"39","value":"EU 39","price":"","pimage":"","pimage_id":"","pthumb":"","color":""},{"label":"39.5","value":"EU 39.5","price":"","pimage":"","pimage_id":"","pthumb":"","color":""},{"label":"40","value":"EU 40","price":"","pimage":"","pimage_id":"","pthumb":"","color":""},{"label":"40.5","value":"EU 40.5","price":"","pimage":"","pimage_id":"","pthumb":"","color":""},{"label":" 41.5","value":"EU 41.5","price":"","pimage":"","pimage_id":"","pthumb":"","color":""},{"label":"42","value":"EU 42","price":"","pimage":"","pimage_id":"","pthumb":"","color":""},{"label":"42.5","value":"EU 42.5","price":"","pimage":"","pimage_id":"","pthumb":"","color":""},{"label":"43.5","value":"EU 43.5","price":"","pimage":"","pimage_id":"","pthumb":"","color":""},{"label":"44","value":"EU 44","price":"","pimage":"","pimage_id":"","pthumb":"","color":""},{"label":"44.5","value":"EU 44.5","price":"","pimage":"","pimage_id":"","pthumb":"","color":""},{"label":"45","value":"EU 45","price":"","pimage":"","pimage_id":"","pthumb":"","color":""}],"relations":[{"operator":false,"rules":[]}],"form_id":184312,"form_rules":{"pric_cal_option_once":false,"exclude_from_discount":false,"pric_use_as_fee":false,"fee_label":"Fee","render_after_acb":false,"disp_hide_options_price":false}}]},"_links":{"self":[{"href":"https:\/\/moroen.com\/de\/wp-json\/wp\/v2\/product\/305522","targetHints":{"allow":["GET"]}}],"collection":[{"href":"https:\/\/moroen.com\/de\/wp-json\/wp\/v2\/product"}],"about":[{"href":"https:\/\/moroen.com\/de\/wp-json\/wp\/v2\/types\/product"}],"replies":[{"embeddable":true,"href":"https:\/\/moroen.com\/de\/wp-json\/wp\/v2\/comments?post=305522"}],"wp:featuredmedia":[{"embeddable":true,"href":"https:\/\/moroen.com\/de\/wp-json\/wp\/v2\/media\/306009"}],"wp:attachment":[{"href":"https:\/\/moroen.com\/de\/wp-json\/wp\/v2\/media?parent=305522"}],"wp:term":[{"taxonomy":"product_brand","embeddable":true,"href":"https:\/\/moroen.com\/de\/wp-json\/wp\/v2\/product_brand?post=305522"},{"taxonomy":"product_cat","embeddable":true,"href":"https:\/\/moroen.com\/de\/wp-json\/wp\/v2\/product_cat?post=305522"},{"taxonomy":"product_tag","embeddable":true,"href":"https:\/\/moroen.com\/de\/wp-json\/wp\/v2\/product_tag?post=305522"}],"curies":[{"name":"wp","href":"https:\/\/api.w.org\/{rel}","templated":true}]}}