{"id":306971,"date":"2026-04-20T01:22:11","date_gmt":"2026-04-19T18:22:11","guid":{"rendered":"https:\/\/moroen.com\/de\/?p=306971"},"modified":"2026-04-20T01:22:11","modified_gmt":"2026-04-19T18:22:11","slug":"damen-ugg-classic-mini-dipper-chestnut-1168170-che","status":"publish","type":"product","link":"https:\/\/moroen.com\/de\/produkt\/damen-ugg-classic-mini-dipper-chestnut-1168170-che\/","title":{"rendered":"(Damen) UGG Classic Mini Dipper \u201eChestnut\u201c 1168170-CHE"},"content":{"rendered":"<p>Der UGG Classic Mini Dipper \u201eChestnut\u201c kombiniert zeitlosen Stil mit un\u00fcbertroffenem Komfort und verf\u00fcgt \u00fcber hochwertiges Wildleder, ein Schaffellfutter und ein vielseitiges kn\u00f6chelhohes Design f\u00fcr ganzt\u00e4gigen Tragekomfort.<\/p>\n<ul>\n<li><strong>Farbgebung:<\/strong> Chestnut<\/li>\n<li><strong>Stilcode:<\/strong> 1168170-CHE<\/li>\n<li><strong>Obermaterial:<\/strong> Suede<\/li>\n<li><strong>Mittelsohle:<\/strong> EVA<\/li>\n<li><strong>Farbe:<\/strong> Brown<\/li>\n<li><strong>Saison:<\/strong> Summer<\/li>\n<li><strong>Erscheinungsjahr:<\/strong> 2024<\/li>\n<\/ul>\n","protected":false},"excerpt":{"rendered":"<p>Der UGG Classic Mini Dipper \u201eChestnut\u201c kombiniert zeitlosen Stil mit un\u00fcbertroffenem Komfort und verf\u00fcgt \u00fcber hochwertiges Wildleder, ein Schaffellfutter und ein vielseitiges kn\u00f6chelhohes Design f\u00fcr ganzt\u00e4gigen Tragekomfort. Farbgebung: Chestnut Stilcode: 1168170-CHE Obermaterial: Suede Mittelsohle: EVA Farbe: Brown Saison: Summer Erscheinungsjahr: 2024<\/p>\n","protected":false},"featured_media":307242,"comment_status":"closed","ping_status":"closed","template":"","meta":[],"product_brand":[],"product_cat":[15009],"product_tag":[15326,11463,10756,15318,15097,18411],"class_list":{"0":"post-306971","1":"product","2":"type-product","3":"status-publish","4":"has-post-thumbnail","6":"product_cat-ugg","7":"product_tag-boots-ankle-boots","8":"product_tag-lifestyle-boots","9":"product_tag-lifestyle-casual-shoes","10":"product_tag-shearling-boots","11":"product_tag-ugg","12":"product_tag-unter-dem-regulaeren-preis","14":"first","15":"instock","16":"taxable","17":"shipping-taxable","18":"purchasable","19":"product-type-simple"},"wcpa_form_fields":null,"_links":{"self":[{"href":"https:\/\/moroen.com\/de\/wp-json\/wp\/v2\/product\/306971","targetHints":{"allow":["GET"]}}],"collection":[{"href":"https:\/\/moroen.com\/de\/wp-json\/wp\/v2\/product"}],"about":[{"href":"https:\/\/moroen.com\/de\/wp-json\/wp\/v2\/types\/product"}],"replies":[{"embeddable":true,"href":"https:\/\/moroen.com\/de\/wp-json\/wp\/v2\/comments?post=306971"}],"wp:featuredmedia":[{"embeddable":true,"href":"https:\/\/moroen.com\/de\/wp-json\/wp\/v2\/media\/307242"}],"wp:attachment":[{"href":"https:\/\/moroen.com\/de\/wp-json\/wp\/v2\/media?parent=306971"}],"wp:term":[{"taxonomy":"product_brand","embeddable":true,"href":"https:\/\/moroen.com\/de\/wp-json\/wp\/v2\/product_brand?post=306971"},{"taxonomy":"product_cat","embeddable":true,"href":"https:\/\/moroen.com\/de\/wp-json\/wp\/v2\/product_cat?post=306971"},{"taxonomy":"product_tag","embeddable":true,"href":"https:\/\/moroen.com\/de\/wp-json\/wp\/v2\/product_tag?post=306971"}],"curies":[{"name":"wp","href":"https:\/\/api.w.org\/{rel}","templated":true}]}}