{"id":308549,"date":"2026-04-20T01:22:11","date_gmt":"2026-04-19T18:22:11","guid":{"rendered":"https:\/\/moroen.com\/de\/?p=308549"},"modified":"2026-04-20T01:22:11","modified_gmt":"2026-04-19T18:22:11","slug":"damen-ugg-classic-mini-dipper-thundercloud-1168170-thnd","status":"publish","type":"product","link":"https:\/\/moroen.com\/de\/produkt\/damen-ugg-classic-mini-dipper-thundercloud-1168170-thnd\/","title":{"rendered":"(Damen) UGG Classic Mini Dipper \u201eThundercloud\u201c 1168170-THND"},"content":{"rendered":"<p>Erleben Sie ultimativen Komfort und zeitlosen Stil mit dem UGG Classic Mini Dipper \u201eThundercloud\u201c 1168170-THND. Er verf\u00fcgt \u00fcber hochwertiges Wildleder, ein kuscheliges Schaffellfutter und eine strapazierf\u00e4hige, leichte Sohle f\u00fcr ganzt\u00e4gige Vielseitigkeit.<\/p>\n<ul>\n<li><strong>Farbgebung:<\/strong> Thundercloud<\/li>\n<li><strong>Stilcode:<\/strong> 1168170-THND<\/li>\n<li><strong>Obermaterial:<\/strong> Suede<\/li>\n<li><strong>Farbe:<\/strong> Grey<\/li>\n<\/ul>\n","protected":false},"excerpt":{"rendered":"<p>Erleben Sie ultimativen Komfort und zeitlosen Stil mit dem UGG Classic Mini Dipper \u201eThundercloud\u201c 1168170-THND. Er verf\u00fcgt \u00fcber hochwertiges Wildleder, ein kuscheliges Schaffellfutter und eine strapazierf\u00e4hige, leichte Sohle f\u00fcr ganzt\u00e4gige Vielseitigkeit. Farbgebung: Thundercloud Stilcode: 1168170-THND Obermaterial: Suede Farbe: Grey<\/p>\n","protected":false},"featured_media":308695,"comment_status":"closed","ping_status":"closed","template":"","meta":[],"product_brand":[],"product_cat":[15009],"product_tag":[15317,11463,10756,15318,15097,18411],"class_list":{"0":"post-308549","1":"product","2":"type-product","3":"status-publish","4":"has-post-thumbnail","6":"product_cat-ugg","7":"product_tag-casual","8":"product_tag-lifestyle-boots","9":"product_tag-lifestyle-casual-shoes","10":"product_tag-shearling-boots","11":"product_tag-ugg","12":"product_tag-unter-dem-regulaeren-preis","13":"wcpa_has_options","15":"first","16":"instock","17":"taxable","18":"shipping-taxable","19":"purchasable","20":"product-type-simple"},"wcpa_form_fields":{"rules":{"pric_overide_base_price":false,"pric_overide_base_price_if_gt_zero":false,"pric_overide_base_price_fully":false,"pric_cal_option_once":false,"pric_use_as_fee":false,"bind_quantity":false,"quantity_bind_formula":false},"fields":[{"type":"color-group","required":true,"elementId":"wcpa-color-group-69a5ad3fdca11","label":"Gr\u00f6\u00dfe","inline":true,"priceOptions":"different_for_all","pricingType":"fixed","className":"hassizechart product-shoes-size-eu product-shoes-size","name":"color-group-69a5ad3fdca1a","disp_type":"square","selection_type":"tick-border","disp_size":"50","show_label_inside":true,"adjust_width":true,"cart_display_type":"text","other_text":"Other","cl_rule":"show","col":6,"values":[{"label":"36","value":"EU 36","price":"","pimage":"","pimage_id":"","pthumb":"","color":"","selected":true},{"label":"37","value":"EU 37","price":"","pimage":"","pimage_id":"","pthumb":"","color":""},{"label":"37.5","value":"EU 37.5","price":"","pimage":"","pimage_id":"","pthumb":"","color":""},{"label":"38","value":"EU 38","price":"","pimage":"","pimage_id":"","pthumb":"","color":""},{"label":"38.5","value":"EU 38.5","price":"","pimage":"","pimage_id":"","pthumb":"","color":""},{"label":"39","value":"EU 39","price":"","pimage":"","pimage_id":"","pthumb":"","color":""},{"label":"39.5","value":"EU 39.5","price":"","pimage":"","pimage_id":"","pthumb":"","color":""},{"label":"40","value":"EU 40","price":"","pimage":"","pimage_id":"","pthumb":"","color":""},{"label":"40.5","value":"EU 40.5","price":"","pimage":"","pimage_id":"","pthumb":"","color":""},{"label":" 41.5","value":"EU 41.5","price":"","pimage":"","pimage_id":"","pthumb":"","color":""},{"label":"42","value":"EU 42","price":"","pimage":"","pimage_id":"","pthumb":"","color":""},{"label":"42.5","value":"EU 42.5","price":"","pimage":"","pimage_id":"","pthumb":"","color":""},{"label":"43","value":"EU 43","price":"","pimage":"","pimage_id":"","pthumb":"","color":""},{"label":"44","value":"EU 44","price":"","pimage":"","pimage_id":"","pthumb":"","color":""},{"label":"44.5","value":"EU 44.5","price":"","pimage":"","pimage_id":"","pthumb":"","color":""},{"label":"45","value":"EU 45","price":"","pimage":"","pimage_id":"","pthumb":"","color":""}],"relations":[{"operator":false,"rules":[]}],"form_id":184314,"form_rules":{"pric_cal_option_once":false,"exclude_from_discount":false,"pric_use_as_fee":false,"fee_label":"Fee","render_after_acb":false,"disp_hide_options_price":false}}]},"_links":{"self":[{"href":"https:\/\/moroen.com\/de\/wp-json\/wp\/v2\/product\/308549","targetHints":{"allow":["GET"]}}],"collection":[{"href":"https:\/\/moroen.com\/de\/wp-json\/wp\/v2\/product"}],"about":[{"href":"https:\/\/moroen.com\/de\/wp-json\/wp\/v2\/types\/product"}],"replies":[{"embeddable":true,"href":"https:\/\/moroen.com\/de\/wp-json\/wp\/v2\/comments?post=308549"}],"wp:featuredmedia":[{"embeddable":true,"href":"https:\/\/moroen.com\/de\/wp-json\/wp\/v2\/media\/308695"}],"wp:attachment":[{"href":"https:\/\/moroen.com\/de\/wp-json\/wp\/v2\/media?parent=308549"}],"wp:term":[{"taxonomy":"product_brand","embeddable":true,"href":"https:\/\/moroen.com\/de\/wp-json\/wp\/v2\/product_brand?post=308549"},{"taxonomy":"product_cat","embeddable":true,"href":"https:\/\/moroen.com\/de\/wp-json\/wp\/v2\/product_cat?post=308549"},{"taxonomy":"product_tag","embeddable":true,"href":"https:\/\/moroen.com\/de\/wp-json\/wp\/v2\/product_tag?post=308549"}],"curies":[{"name":"wp","href":"https:\/\/api.w.org\/{rel}","templated":true}]}}