{"id":309330,"date":"2026-04-20T01:22:11","date_gmt":"2026-04-19T18:22:11","guid":{"rendered":"https:\/\/moroen.com\/de\/?p=309330"},"modified":"2026-04-20T01:22:11","modified_gmt":"2026-04-19T18:22:11","slug":"new-balance-1906u-castlerock-ginger-lemon-m1906na","status":"publish","type":"product","link":"https:\/\/moroen.com\/de\/produkt\/new-balance-1906u-castlerock-ginger-lemon-m1906na\/","title":{"rendered":"New Balance 1906U \u201eCastlerock Ginger Lemon\u201c M1906NA"},"content":{"rendered":"<p>Erleben Sie die perfekte Mischung aus Stil und Leistung mit dem New Balance 1906U \u201eCastlerock Ginger Lemon\u201c M1906NA, einem Retro-inspirierten Laufschuh, der f\u00fcr ganzt\u00e4gigen Komfort und auff\u00e4llige Mode konzipiert ist. Mit einer dynamischen Farbgebung in Castlerock-Grau mit lebhaften Ginger-Lemon-Akzenten verbindet dieser Sneaker m\u00fchelos Vintage-\u00c4sthetik mit modernem Flair.  <\/p>\n<p>Das Obermaterial besteht aus hochwertigem, atmungsaktivem Mesh und synthetischen \u00dcberz\u00fcgen und sorgt f\u00fcr Strapazierf\u00e4higkeit und Bel\u00fcftung, w\u00e4hrend die N-ERGY-D\u00e4mpfung in der Zwischensohle reaktionsfreudigen Halt bei jedem Schritt bietet. Ausgestattet mit der Stability Web-Technologie f\u00fcr hervorragende Unterst\u00fctzung des Fu\u00dfgew\u00f6lbes und einer griffigen Gummiau\u00dfensohle f\u00fcr zuverl\u00e4ssige Traktion eignet sich der 1906U sowohl f\u00fcr aktive Tage als auch f\u00fcr Freizeitkleidung.  <\/p>\n<p>Egal, ob Sie auf dem B\u00fcrgersteig unterwegs sind, Besorgungen machen oder Ihre Alltagsgarderobe aufwerten, der New Balance 1906U kombiniert traditionelles Design mit fortschrittlicher Sneaker-Innovation, damit Sie sich \u00fcberall wohl und stilvoll f\u00fchlen.<\/p>\n<ul>\n<li><strong>Farbgebung:<\/strong> Castlerock\/Ginger Lemon\/Phantom<\/li>\n<li><strong>Stilcode:<\/strong> M1906NA<\/li>\n<li><strong>Obermaterial:<\/strong> Mesh<\/li>\n<li><strong>Mittelsohle:<\/strong> NERGY<\/li>\n<li><strong>Farbe:<\/strong> Grey<\/li>\n<li><strong>Erscheinungsjahr:<\/strong> 2024<\/li>\n<\/ul>\n","protected":false},"excerpt":{"rendered":"<p>Erleben Sie die perfekte Mischung aus Stil und Leistung mit dem New Balance 1906U \u201eCastlerock Ginger Lemon\u201c M1906NA, einem Retro-inspirierten Laufschuh, der f\u00fcr ganzt\u00e4gigen Komfort und auff\u00e4llige Mode konzipiert ist. Mit einer dynamischen Farbgebung in Castlerock-Grau mit lebhaften Ginger-Lemon-Akzenten verbindet dieser Sneaker m\u00fchelos Vintage-\u00c4sthetik mit modernem Flair. Das Obermaterial besteht aus hochwertigem, atmungsaktivem Mesh und [&hellip;]<\/p>\n","protected":false},"featured_media":309458,"comment_status":"closed","ping_status":"closed","template":"","meta":[],"product_brand":[],"product_cat":[10774],"product_tag":[10750,10756,10758,10760,10763,18411],"class_list":{"0":"post-309330","1":"product","2":"type-product","3":"status-publish","4":"has-post-thumbnail","6":"product_cat-new-balance","7":"product_tag-athleisure-shoes","8":"product_tag-lifestyle-casual-shoes","9":"product_tag-lifestyle-shoes-running-inspired","10":"product_tag-new-balance","11":"product_tag-retro-running-shoes","12":"product_tag-unter-dem-regulaeren-preis","13":"wcpa_has_options","15":"first","16":"instock","17":"taxable","18":"shipping-taxable","19":"purchasable","20":"product-type-simple"},"wcpa_form_fields":{"rules":{"pric_overide_base_price":false,"pric_overide_base_price_if_gt_zero":false,"pric_overide_base_price_fully":false,"pric_cal_option_once":false,"pric_use_as_fee":false,"bind_quantity":false,"quantity_bind_formula":false},"fields":[{"type":"color-group","required":true,"elementId":"wcpa-color-group-66c4a928225d2","label":"Gr\u00f6\u00dfe","inline":true,"priceOptions":"different_for_all","pricingType":"fixed","className":"hassizechart product-shoes-size-eu product-shoes-size","name":"color-group-66c4a928225e2","disp_type":"square","selection_type":"tick-border","disp_size":"50","show_label_inside":true,"adjust_width":true,"cart_display_type":"text","other_text":"Other","cl_rule":"show","col":6,"values":[{"label":"35","value":"EU 35","price":"","pimage":"","pimage_id":"","pthumb":"","color":""},{"label":"36","value":"EU 36","price":"","pimage":"","pimage_id":"","pthumb":"","color":"","selected":true},{"label":"37","value":"EU 37","price":"","pimage":"","pimage_id":"","pthumb":"","color":""},{"label":"37.5","value":"EU 37.5","price":"","pimage":"","pimage_id":"","pthumb":"","color":""},{"label":"38","value":"EU 38","price":"","pimage":"","pimage_id":"","pthumb":"","color":""},{"label":"38.5","value":"EU 38.5","price":"","pimage":"","pimage_id":"","pthumb":"","color":""},{"label":"39","value":"EU 39","price":"","pimage":"","pimage_id":"","pthumb":"","color":""},{"label":"39.5","value":"EU 39.5","price":"","pimage":"","pimage_id":"","pthumb":"","color":""},{"label":"40","value":"EU 40","price":"","pimage":"","pimage_id":"","pthumb":"","color":""},{"label":"40.5","value":"EU 40.5","price":"","pimage":"","pimage_id":"","pthumb":"","color":""},{"label":" 41.5","value":"EU 41.5","price":"","pimage":"","pimage_id":"","pthumb":"","color":""},{"label":"42","value":"EU 42","price":"","pimage":"","pimage_id":"","pthumb":"","color":""},{"label":"42.5","value":"EU 42.5","price":"","pimage":"","pimage_id":"","pthumb":"","color":""},{"label":"43","value":"EU 43","price":"","pimage":"","pimage_id":"","pthumb":"","color":""},{"label":"44","value":"EU 44","price":"","pimage":"","pimage_id":"","pthumb":"","color":""},{"label":"44.5","value":"EU 44.5","price":"","pimage":"","pimage_id":"","pthumb":"","color":""},{"label":"45","value":"EU 45","price":"","pimage":"","pimage_id":"","pthumb":"","color":""},{"label":"45.5","value":"EU 45.5","price":"","pimage":"","pimage_id":"","pthumb":"","color":""},{"label":"46","value":"EU 46","price":"","pimage":"","pimage_id":"","pthumb":"","color":""}],"relations":[{"operator":false,"rules":[]}],"form_id":24803,"form_rules":{"pric_cal_option_once":false,"exclude_from_discount":false,"pric_use_as_fee":false,"fee_label":"Fee","render_after_acb":false,"disp_hide_options_price":false}}]},"_links":{"self":[{"href":"https:\/\/moroen.com\/de\/wp-json\/wp\/v2\/product\/309330","targetHints":{"allow":["GET"]}}],"collection":[{"href":"https:\/\/moroen.com\/de\/wp-json\/wp\/v2\/product"}],"about":[{"href":"https:\/\/moroen.com\/de\/wp-json\/wp\/v2\/types\/product"}],"replies":[{"embeddable":true,"href":"https:\/\/moroen.com\/de\/wp-json\/wp\/v2\/comments?post=309330"}],"wp:featuredmedia":[{"embeddable":true,"href":"https:\/\/moroen.com\/de\/wp-json\/wp\/v2\/media\/309458"}],"wp:attachment":[{"href":"https:\/\/moroen.com\/de\/wp-json\/wp\/v2\/media?parent=309330"}],"wp:term":[{"taxonomy":"product_brand","embeddable":true,"href":"https:\/\/moroen.com\/de\/wp-json\/wp\/v2\/product_brand?post=309330"},{"taxonomy":"product_cat","embeddable":true,"href":"https:\/\/moroen.com\/de\/wp-json\/wp\/v2\/product_cat?post=309330"},{"taxonomy":"product_tag","embeddable":true,"href":"https:\/\/moroen.com\/de\/wp-json\/wp\/v2\/product_tag?post=309330"}],"curies":[{"name":"wp","href":"https:\/\/api.w.org\/{rel}","templated":true}]}}