{"id":309411,"date":"2026-04-20T01:22:11","date_gmt":"2026-04-19T18:22:11","guid":{"rendered":"https:\/\/moroen.com\/de\/?p=309411"},"modified":"2026-04-20T01:22:11","modified_gmt":"2026-04-19T18:22:11","slug":"nike-sb-force-58-dv5477-102","status":"publish","type":"product","link":"https:\/\/moroen.com\/de\/produkt\/nike-sb-force-58-dv5477-102\/","title":{"rendered":"Nike SB Force 58 DV5477-102"},"content":{"rendered":"<p>Erleben Sie un\u00fcbertroffenen Komfort und Haltbarkeit mit dem Nike SB Force 58 DV5477-102, einer perfekten Mischung aus klassischem Design und moderner Skateboard-Innovation. Dieser Schuh wurde sowohl f\u00fcr Skater als auch f\u00fcr Alltagstr\u00e4ger entwickelt und verf\u00fcgt \u00fcber ein Obermaterial aus Leder und Canvas f\u00fcr verbesserte Atmungsaktivit\u00e4t und Widerstandsf\u00e4higkeit, sodass er sowohl dem l\u00e4ssigen als auch dem intensiven Gebrauch standh\u00e4lt. Seine innovative Cupsohlenkonstruktion bietet die Flexibilit\u00e4t eines vulkanisierten Schuhs und bietet gleichzeitig hervorragenden Halt und Halt f\u00fcr nahtlose Boardkontrolle. Die perforierte Zehenbox sorgt f\u00fcr Bel\u00fcftung, w\u00e4hrend die gepolsterte Zunge und der Kragen den ganzen Tag \u00fcber f\u00fcr Komfort sorgen. Der Nike SB Force 58 verf\u00fcgt \u00fcber eine elegante wei\u00dfe Basis mit dezenten schwarzen Akzenten und minimalistischem Branding und kombiniert m\u00fchelos Stil mit Leistung. Egal, ob Sie auf dem B\u00fcrgersteig, im Park oder einfach nur auf der Stra\u00dfe unterwegs sind, dieser Schuh ist so konzipiert, dass er mit Ihren Bewegungen Schritt h\u00e4lt.<\/p>\n<ul>\n<li><strong>Farbgebung:<\/strong> Light Orwood Brown\/Psychic Blue\/Flex\/Medium Ash<\/li>\n<li><strong>Stilcode:<\/strong> DV5477-102<\/li>\n<li><strong>Obermaterial:<\/strong> Suede<\/li>\n<li><strong>Farbe:<\/strong> Grey<\/li>\n<\/ul>\n","protected":false},"excerpt":{"rendered":"<p>Erleben Sie un\u00fcbertroffenen Komfort und Haltbarkeit mit dem Nike SB Force 58 DV5477-102, einer perfekten Mischung aus klassischem Design und moderner Skateboard-Innovation. Dieser Schuh wurde sowohl f\u00fcr Skater als auch f\u00fcr Alltagstr\u00e4ger entwickelt und verf\u00fcgt \u00fcber ein Obermaterial aus Leder und Canvas f\u00fcr verbesserte Atmungsaktivit\u00e4t und Widerstandsf\u00e4higkeit, sodass er sowohl dem l\u00e4ssigen als auch dem [&hellip;]<\/p>\n","protected":false},"featured_media":310041,"comment_status":"closed","ping_status":"closed","template":"","meta":[],"product_brand":[],"product_cat":[10773],"product_tag":[12579,12578,10762,12563,10881,18411],"class_list":{"0":"post-309411","1":"product","2":"type-product","3":"status-publish","4":"has-post-thumbnail","6":"product_cat-nike","7":"product_tag-basketballschuhe","8":"product_tag-basketballschuhe-mit-kna-cheluntersta-tzung","9":"product_tag-nike","10":"product_tag-performance-sportschuhe","11":"product_tag-skateboard-shoes","12":"product_tag-unter-dem-regulaeren-preis","13":"wcpa_has_options","15":"first","16":"instock","17":"taxable","18":"shipping-taxable","19":"purchasable","20":"product-type-simple"},"wcpa_form_fields":{"rules":{"pric_overide_base_price":false,"pric_overide_base_price_if_gt_zero":false,"pric_overide_base_price_fully":false,"pric_cal_option_once":false,"pric_use_as_fee":false,"bind_quantity":false,"quantity_bind_formula":false},"fields":[{"type":"color-group","required":true,"elementId":"wcpa-color-group-66c4a75505e74","label":"Gr\u00f6\u00dfe - EU Gr\u00f6\u00dfe","inline":true,"priceOptions":"different_for_all","pricingType":"fixed","className":"hassizechart product-shoes-size-eu product-shoes-size","name":"color-group-66c4a75505e89","disp_type":"square","selection_type":"tick-border","disp_size":"44","show_label_inside":true,"adjust_width":true,"cart_display_type":"text","other_text":"Other","cl_rule":"show","col":6,"values":[{"label":"35.5","value":"EU 35.5","price":"","pimage":"","pimage_id":"","pthumb":"","color":""},{"label":"36","value":"EU 36","price":"","pimage":"","pimage_id":"","pthumb":"","color":"","selected":true},{"label":"36.5","value":"EU 36.5","price":"","pimage":"","pimage_id":"","pthumb":"","color":""},{"label":"37.5","value":"EU 37.5","price":"","pimage":"","pimage_id":"","pthumb":"","color":""},{"label":"38","value":"EU 38","price":"","pimage":"","pimage_id":"","pthumb":"","color":""},{"label":"38.5","value":"EU 38.5","price":"","pimage":"","pimage_id":"","pthumb":"","color":""},{"label":"39","value":"EU 39","price":"","pimage":"","pimage_id":"","pthumb":"","color":""},{"label":"40","value":"EU 40","price":"","pimage":"","pimage_id":"","pthumb":"","color":""},{"label":"40.5","value":"EU 40.5","price":"","pimage":"","pimage_id":"","pthumb":"","color":""},{"label":"41","value":"EU 41","price":"","pimage":"","pimage_id":"","pthumb":"","color":""},{"label":"42","value":"EU 42","price":"","pimage":"","pimage_id":"","pthumb":"","color":""},{"label":"42.5","value":"EU 42.5","price":"","pimage":"","pimage_id":"","pthumb":"","color":""},{"label":"43","value":"EU 43","price":"","pimage":"","pimage_id":"","pthumb":"","color":""},{"label":"44","value":"EU 44","price":"","pimage":"","pimage_id":"","pthumb":"","color":""},{"label":"44.5","value":"EU 44.5","price":"","pimage":"","pimage_id":"","pthumb":"","color":""},{"label":"45","value":"EU 45","price":"","pimage":"","pimage_id":"","pthumb":"","color":""},{"label":"45.5","value":"EU 45.5","price":"","pimage":"","pimage_id":"","pthumb":"","color":""},{"label":"46","value":"EU 46","price":"","pimage":"","pimage_id":"","pthumb":"","color":""},{"label":"47","value":"EU 47","price":"","pimage":"","pimage_id":"","pthumb":"","color":""},{"label":"47.5","value":"EU 47.5","price":"","pimage":"","pimage_id":"","pthumb":"","color":""},{"label":"48","value":"EU 48","price":"","pimage":"","pimage_id":"","pthumb":"","color":""}],"relations":[{"operator":false,"rules":[]}],"form_id":18106,"form_rules":{"pric_cal_option_once":false,"exclude_from_discount":false,"pric_use_as_fee":false,"fee_label":"Fee","render_after_acb":false,"disp_hide_options_price":false}}]},"_links":{"self":[{"href":"https:\/\/moroen.com\/de\/wp-json\/wp\/v2\/product\/309411","targetHints":{"allow":["GET"]}}],"collection":[{"href":"https:\/\/moroen.com\/de\/wp-json\/wp\/v2\/product"}],"about":[{"href":"https:\/\/moroen.com\/de\/wp-json\/wp\/v2\/types\/product"}],"replies":[{"embeddable":true,"href":"https:\/\/moroen.com\/de\/wp-json\/wp\/v2\/comments?post=309411"}],"wp:featuredmedia":[{"embeddable":true,"href":"https:\/\/moroen.com\/de\/wp-json\/wp\/v2\/media\/310041"}],"wp:attachment":[{"href":"https:\/\/moroen.com\/de\/wp-json\/wp\/v2\/media?parent=309411"}],"wp:term":[{"taxonomy":"product_brand","embeddable":true,"href":"https:\/\/moroen.com\/de\/wp-json\/wp\/v2\/product_brand?post=309411"},{"taxonomy":"product_cat","embeddable":true,"href":"https:\/\/moroen.com\/de\/wp-json\/wp\/v2\/product_cat?post=309411"},{"taxonomy":"product_tag","embeddable":true,"href":"https:\/\/moroen.com\/de\/wp-json\/wp\/v2\/product_tag?post=309411"}],"curies":[{"name":"wp","href":"https:\/\/api.w.org\/{rel}","templated":true}]}}